{"id":4490,"date":"2025-03-15T22:20:44","date_gmt":"2025-03-15T15:22:03","guid":{"rendered":"https:\/\/tynivintage.com\/?post_type=product&#038;p=4490"},"modified":"2025-03-15T22:22:03","modified_gmt":"2025-03-15T15:22:03","slug":"nhan-royal-obsidi","status":"publish","type":"product","link":"https:\/\/tynivintage.com\/vi\/san-pham\/nhan-royal-obsidi\/","title":{"rendered":"Nh\u1eabn Royal Obsidi"},"content":{"rendered":"<p>Mang v\u1ebb \u0111\u1eb9p c\u1ed5 \u0111i\u1ec3n v\u00e0 \u0111\u1ea7y quy\u1ec1n l\u1ef1c, chi\u1ebfc nh\u1eabn \u201cH\u1eafc B\u1ea3o Ho\u00e0ng Gia\u201d l\u00e0 s\u1ef1 k\u1ebft h\u1ee3p ho\u00e0n h\u1ea3o gi\u1eefa n\u00e9t sang tr\u1ecdng v\u00e0 huy\u1ec1n b\u00ed.<br \/>\n\u2022 Thi\u1ebft k\u1ebf n\u1ed5i b\u1eadt: Chi\u1ebfc nh\u1eabn s\u1edf h\u1eefu vi\u00ean \u0111\u00e1 \u0111en c\u1eaft gi\u00e1c tinh x\u1ea3o \u1edf trung t\u00e2m, t\u1ea1o \u0111i\u1ec3m nh\u1ea5n m\u1ea1nh m\u1ebd v\u00e0 cu\u1ed1n h\u00fat.<br \/>\n\u2022 \u0110\u00ednh \u0111\u00e1 tinh t\u1ebf: Bao quanh vi\u00ean \u0111\u00e1 l\u1edbn l\u00e0 nh\u1eefng vi\u00ean \u0111\u00e1 nh\u1ecf nhi\u1ec1u m\u00e0u s\u1eafc, \u0111\u01b0\u1ee3c s\u1eafp x\u1ebfp kh\u00e9o l\u00e9o \u0111\u1ec3 t\u0103ng th\u00eam \u0111\u1ed9 l\u1ea5p l\u00e1nh v\u00e0 sang tr\u1ecdng.<br \/>\n\u2022 Ch\u1ea5t li\u1ec7u cao c\u1ea5p: Khung nh\u1eabn \u0111\u01b0\u1ee3c ch\u1ebf t\u00e1c t\u1eeb kim lo\u1ea1i c\u00f3 hoa v\u0103n c\u1ed5 \u0111i\u1ec3n, mang \u0111\u1ebfn v\u1ebb \u0111\u1eb9p qu\u00fd ph\u00e1i v\u00e0 b\u1ec1n b\u1ec9 theo th\u1eddi gian.<br \/>\n\u2022 Phong c\u00e1ch ho\u00e0ng gia: V\u1edbi thi\u1ebft k\u1ebf sang tr\u1ecdng, chi\u1ebfc nh\u1eabn n\u00e0y ph\u00f9 h\u1ee3p cho nh\u1eefng ai y\u00eau th\u00edch s\u1ef1 \u0111\u1eb3ng c\u1ea5p, quy\u1ec1n l\u1ef1c v\u00e0 b\u00ed \u1ea9n.<\/p>\n<p>Chi\u1ebfc nh\u1eabn kh\u00f4ng ch\u1ec9 l\u00e0 m\u00f3n trang s\u1ee9c, m\u00e0 c\u00f2n l\u00e0 bi\u1ec3u t\u01b0\u1ee3ng c\u1ee7a c\u00e1 t\u00ednh m\u1ea1nh m\u1ebd v\u00e0 gu th\u1ea9m m\u1ef9 tinh t\u1ebf. Ph\u00f9 h\u1ee3p cho c\u00e1c bu\u1ed5i ti\u1ec7c sang tr\u1ecdng ho\u1eb7c l\u00e0m qu\u00e0 t\u1eb7ng \u0111\u1eb7c bi\u1ec7t.<\/p>\n","protected":false},"excerpt":{"rendered":"<p>Chi\u1ebfc nh\u1eabn mang phong c\u00e1ch c\u1ed5 \u0111i\u1ec3n v\u1edbi vi\u00ean \u0111\u00e1 \u0111en c\u1eaft gi\u00e1c \u1edf trung t\u00e2m, \u0111\u01b0\u1ee3c bao quanh b\u1edfi nh\u1eefng vi\u00ean \u0111\u00e1 nh\u1ecf l\u1ea5p l\u00e1nh nhi\u1ec1u m\u00e0u s\u1eafc. Ph\u1ea7n khung kim lo\u1ea1i c\u00f3 thi\u1ebft k\u1ebf tinh x\u1ea3o, t\u1ea1o c\u1ea3m gi\u00e1c sang tr\u1ecdng v\u00e0 huy\u1ec1n b\u00ed, g\u1ee3i l\u00ean v\u1ebb \u0111\u1eb9p ho\u00e0ng gia \u0111\u1ea7y cu\u1ed1n h\u00fat.<\/p>\n","protected":false},"featured_media":4487,"comment_status":"open","ping_status":"closed","template":"","meta":{"inline_featured_image":false},"product_brand":[],"product_cat":[39],"product_tag":[],"class_list":{"0":"post-4490","1":"product","2":"type-product","3":"status-publish","4":"has-post-thumbnail","6":"product_cat-phu-kien-thoi-trang-khac","8":"first","9":"instock","10":"shipping-taxable","11":"purchasable","12":"product-type-simple"},"acf":[],"_links":{"self":[{"href":"https:\/\/tynivintage.com\/vi\/wp-json\/wp\/v2\/product\/4490","targetHints":{"allow":["GET"]}}],"collection":[{"href":"https:\/\/tynivintage.com\/vi\/wp-json\/wp\/v2\/product"}],"about":[{"href":"https:\/\/tynivintage.com\/vi\/wp-json\/wp\/v2\/types\/product"}],"replies":[{"embeddable":true,"href":"https:\/\/tynivintage.com\/vi\/wp-json\/wp\/v2\/comments?post=4490"}],"wp:featuredmedia":[{"embeddable":true,"href":"https:\/\/tynivintage.com\/vi\/wp-json\/wp\/v2\/media\/4487"}],"wp:attachment":[{"href":"https:\/\/tynivintage.com\/vi\/wp-json\/wp\/v2\/media?parent=4490"}],"wp:term":[{"taxonomy":"product_brand","embeddable":true,"href":"https:\/\/tynivintage.com\/vi\/wp-json\/wp\/v2\/product_brand?post=4490"},{"taxonomy":"product_cat","embeddable":true,"href":"https:\/\/tynivintage.com\/vi\/wp-json\/wp\/v2\/product_cat?post=4490"},{"taxonomy":"product_tag","embeddable":true,"href":"https:\/\/tynivintage.com\/vi\/wp-json\/wp\/v2\/product_tag?post=4490"}],"curies":[{"name":"wp","href":"https:\/\/api.w.org\/{rel}","templated":true}]}}