{"id":4472,"date":"2025-03-15T22:14:33","date_gmt":"2025-03-15T15:15:42","guid":{"rendered":"https:\/\/tynivintage.com\/?post_type=product&#038;p=4472"},"modified":"2025-03-15T22:15:43","modified_gmt":"2025-03-15T15:15:43","slug":"nhan-imperial-crown","status":"publish","type":"product","link":"https:\/\/tynivintage.com\/vi\/san-pham\/nhan-imperial-crown\/","title":{"rendered":"Nh\u1eabn Imperial Crown"},"content":{"rendered":"<p>T\u1ecfa s\u00e1ng v\u1edbi v\u1ebb \u0111\u1eb9p v\u01b0\u01a1ng gi\u1ea3, chi\u1ebfc nh\u1eabn \u201cImperial Crown\u201d l\u00e0 bi\u1ec3u t\u01b0\u1ee3ng c\u1ee7a s\u1ef1 xa hoa v\u00e0 \u0111\u1eb3ng c\u1ea5p. V\u1edbi thi\u1ebft k\u1ebf tinh x\u1ea3o, \u0111\u00e2y l\u00e0 l\u1ef1a ch\u1ecdn ho\u00e0n h\u1ea3o cho nh\u1eefng ai y\u00eau th\u00edch phong c\u00e1ch sang tr\u1ecdng v\u00e0 qu\u00fd ph\u00e1i.<br \/>\n\u2022 Thi\u1ebft k\u1ebf ho\u00e0ng gia: Chi\u1ebfc nh\u1eabn n\u1ed5i b\u1eadt v\u1edbi vi\u00ean \u0111\u00e1 l\u1edbn trung t\u00e2m, \u0111\u01b0\u1ee3c m\u00e0i c\u1eaft tinh x\u1ea3o \u0111\u1ec3 t\u1ea1o \u0111\u1ed9 l\u1ea5p l\u00e1nh t\u1ed1i \u0111a.<br \/>\n\u2022 Ch\u1ea5t li\u1ec7u cao c\u1ea5p: M\u1ea1 v\u00e0ng s\u00e1ng b\u00f3ng, k\u1ebft h\u1ee3p c\u00f9ng nh\u1eefng vi\u00ean \u0111\u00e1 nh\u1ecf \u0111\u00ednh xung quanh, gi\u00fap t\u0103ng th\u00eam v\u1ebb xa hoa v\u00e0 thu h\u00fat.<br \/>\n\u2022 Bi\u1ec3u t\u01b0\u1ee3ng quy\u1ec1n l\u1ef1c: Thi\u1ebft k\u1ebf m\u1ea1nh m\u1ebd v\u00e0 sang tr\u1ecdng, ph\u00f9 h\u1ee3p v\u1edbi nh\u1eefng ai mu\u1ed1n th\u1ec3 hi\u1ec7n phong th\u00e1i t\u1ef1 tin, \u0111\u1eb3ng c\u1ea5p.<br \/>\n\u2022 Ph\u00f9 h\u1ee3p v\u1edbi nhi\u1ec1u d\u1ecbp: Ho\u00e0n h\u1ea3o \u0111\u1ec3 di\u1ec7n trong c\u00e1c s\u1ef1 ki\u1ec7n quan tr\u1ecdng, ti\u1ec7c sang tr\u1ecdng ho\u1eb7c l\u00e0m qu\u00e0 t\u1eb7ng \u0111\u1eb7c bi\u1ec7t d\u00e0nh cho ng\u01b0\u1eddi th\u00e2n y\u00eau.<\/p>\n<p>Kh\u00f4ng ch\u1ec9 l\u00e0 m\u1ed9t m\u00f3n trang s\u1ee9c, \u201cImperial Crown\u201d c\u00f2n l\u00e0 tuy\u00ean ng\u00f4n v\u1ec1 phong c\u00e1ch v\u00e0 s\u1ef1 quy\u1ec1n qu\u00fd, gi\u00fap b\u1ea1n n\u1ed5i b\u1eadt trong m\u1ecdi kho\u1ea3nh kh\u1eafc.<\/p>\n","protected":false},"excerpt":{"rendered":"<p>Chi\u1ebfc nh\u1eabn sang tr\u1ecdng v\u1edbi thi\u1ebft k\u1ebf m\u1ea1 v\u00e0ng l\u1ed9ng l\u1eaby, n\u1ed5i b\u1eadt v\u1edbi vi\u00ean \u0111\u00e1 l\u1edbn trung t\u00e2m c\u00f9ng nh\u1eefng vi\u00ean \u0111\u00e1 nh\u1ecf \u0111\u00ednh tinh x\u1ea3o xung quanh. S\u1ef1 k\u1ebft h\u1ee3p ho\u00e0n h\u1ea3o gi\u1eefa \u00e1nh v\u00e0ng v\u00e0 \u0111\u1ed9 l\u1ea5p l\u00e1nh t\u1ea1o n\u00ean v\u1ebb \u0111\u1eb9p v\u01b0\u01a1ng gi\u1ea3, \u0111\u1ea7y quy\u1ec1n uy.<\/p>\n","protected":false},"featured_media":4469,"comment_status":"open","ping_status":"closed","template":"","meta":{"inline_featured_image":false},"product_brand":[],"product_cat":[39],"product_tag":[],"class_list":{"0":"post-4472","1":"product","2":"type-product","3":"status-publish","4":"has-post-thumbnail","6":"product_cat-phu-kien-thoi-trang-khac","8":"first","9":"outofstock","10":"shipping-taxable","11":"purchasable","12":"product-type-simple"},"acf":[],"_links":{"self":[{"href":"https:\/\/tynivintage.com\/vi\/wp-json\/wp\/v2\/product\/4472","targetHints":{"allow":["GET"]}}],"collection":[{"href":"https:\/\/tynivintage.com\/vi\/wp-json\/wp\/v2\/product"}],"about":[{"href":"https:\/\/tynivintage.com\/vi\/wp-json\/wp\/v2\/types\/product"}],"replies":[{"embeddable":true,"href":"https:\/\/tynivintage.com\/vi\/wp-json\/wp\/v2\/comments?post=4472"}],"wp:featuredmedia":[{"embeddable":true,"href":"https:\/\/tynivintage.com\/vi\/wp-json\/wp\/v2\/media\/4469"}],"wp:attachment":[{"href":"https:\/\/tynivintage.com\/vi\/wp-json\/wp\/v2\/media?parent=4472"}],"wp:term":[{"taxonomy":"product_brand","embeddable":true,"href":"https:\/\/tynivintage.com\/vi\/wp-json\/wp\/v2\/product_brand?post=4472"},{"taxonomy":"product_cat","embeddable":true,"href":"https:\/\/tynivintage.com\/vi\/wp-json\/wp\/v2\/product_cat?post=4472"},{"taxonomy":"product_tag","embeddable":true,"href":"https:\/\/tynivintage.com\/vi\/wp-json\/wp\/v2\/product_tag?post=4472"}],"curies":[{"name":"wp","href":"https:\/\/api.w.org\/{rel}","templated":true}]}}