{"id":4456,"date":"2025-03-15T22:07:43","date_gmt":"2025-03-15T15:09:23","guid":{"rendered":"https:\/\/tynivintage.com\/?post_type=product&#038;p=4456"},"modified":"2025-03-15T22:09:23","modified_gmt":"2025-03-15T15:09:23","slug":"nhan-mystic-guardian","status":"publish","type":"product","link":"https:\/\/tynivintage.com\/vi\/san-pham\/nhan-mystic-guardian\/","title":{"rendered":"Nh\u1eabn Mystic Guardian"},"content":{"rendered":"<p>Chi\u1ebfc nh\u1eabn n\u00e0y l\u00e0 s\u1ef1 k\u1ebft h\u1ee3p ho\u00e0n h\u1ea3o gi\u1eefa phong c\u00e1ch c\u1ed5 \u0111i\u1ec3n v\u00e0 v\u1ebb \u0111\u1eb9p m\u1ea1nh m\u1ebd, \u0111\u1ea7y uy quy\u1ec1n. \u0110\u01b0\u1ee3c ch\u1ebf t\u00e1c t\u1eeb b\u1ea1c cao c\u1ea5p, b\u1ec1 m\u1eb7t nh\u1eabn \u0111\u01b0\u1ee3c ch\u1ea1m kh\u1eafc hoa v\u0103n tinh x\u1ea3o, t\u1ea1o \u0111i\u1ec3m nh\u1ea5n v\u1edbi c\u00e1c chi ti\u1ebft m\u1ea1 v\u00e0ng sang tr\u1ecdng.<\/p>\n<p>T\u00e2m \u0111i\u1ec3m c\u1ee7a chi\u1ebfc nh\u1eabn l\u00e0 vi\u00ean \u0111\u00e1 \u0111en huy\u1ec1n b\u00ed, mang \u0111\u1ebfn s\u1ef1 quy\u1ec1n l\u1ef1c v\u00e0 c\u00e1 t\u00ednh cho ng\u01b0\u1eddi \u0111eo. Vi\u00ean \u0111\u00e1 tr\u00f2n b\u00f3ng \u0111\u01b0\u1ee3c bao quanh b\u1edfi c\u00e1c h\u1ecda ti\u1ebft kim lo\u1ea1i u\u1ed1n l\u01b0\u1ee3n, th\u1ec3 hi\u1ec7n s\u1ef1 tinh t\u1ebf trong t\u1eebng \u0111\u01b0\u1eddng n\u00e9t thi\u1ebft k\u1ebf. Ph\u1ea7n th\u00e2n nh\u1eabn ch\u1eafc ch\u1eafn, mang \u0111\u1ebfn c\u1ea3m gi\u00e1c \u0111\u1ea7m tay khi \u0111eo, ph\u00f9 h\u1ee3p v\u1edbi nh\u1eefng qu\u00fd \u00f4ng y\u00eau th\u00edch phong c\u00e1ch m\u1ea1nh m\u1ebd v\u00e0 l\u1ecbch l\u00e3m.<\/p>\n<p>V\u1edbi thi\u1ebft k\u1ebf \u0111\u1eb3ng c\u1ea5p, chi\u1ebfc nh\u1eabn n\u00e0y kh\u00f4ng ch\u1ec9 l\u00e0 m\u1ed9t m\u00f3n trang s\u1ee9c m\u00e0 c\u00f2n l\u00e0 bi\u1ec3u t\u01b0\u1ee3ng c\u1ee7a s\u1ef1 quy\u1ec1n uy v\u00e0 gu th\u1ea9m m\u1ef9 tinh t\u1ebf. Ph\u00f9 h\u1ee3p \u0111\u1ec3 \u0111eo h\u00e0ng ng\u00e0y ho\u1eb7c l\u00e0m qu\u00e0 t\u1eb7ng \u00fd ngh\u0129a cho nh\u1eefng ng\u01b0\u1eddi \u0111\u00e0n \u00f4ng \u0111\u1eb7c bi\u1ec7t.<\/p>\n","protected":false},"excerpt":{"rendered":"<p>Chi\u1ebfc nh\u1eabn mang phong c\u00e1ch c\u1ed5 \u0111i\u1ec3n v\u1edbi thi\u1ebft k\u1ebf tinh x\u1ea3o, k\u1ebft h\u1ee3p gi\u1eefa b\u1ea1c v\u00e0 c\u00e1c h\u1ecda ti\u1ebft m\u1ea1 v\u00e0ng. \u0110i\u1ec3m nh\u1ea5n l\u00e0 vi\u00ean \u0111\u00e1 \u0111en huy\u1ec1n b\u00ed \u1edf trung t\u00e2m, t\u1ea1o n\u00ean v\u1ebb \u0111\u1eb9p m\u1ea1nh m\u1ebd v\u00e0 sang tr\u1ecdng.<\/p>\n","protected":false},"featured_media":4451,"comment_status":"open","ping_status":"closed","template":"","meta":{"inline_featured_image":false},"product_brand":[],"product_cat":[39],"product_tag":[],"class_list":{"0":"post-4456","1":"product","2":"type-product","3":"status-publish","4":"has-post-thumbnail","6":"product_cat-phu-kien-thoi-trang-khac","8":"first","9":"outofstock","10":"shipping-taxable","11":"purchasable","12":"product-type-simple"},"acf":[],"_links":{"self":[{"href":"https:\/\/tynivintage.com\/vi\/wp-json\/wp\/v2\/product\/4456","targetHints":{"allow":["GET"]}}],"collection":[{"href":"https:\/\/tynivintage.com\/vi\/wp-json\/wp\/v2\/product"}],"about":[{"href":"https:\/\/tynivintage.com\/vi\/wp-json\/wp\/v2\/types\/product"}],"replies":[{"embeddable":true,"href":"https:\/\/tynivintage.com\/vi\/wp-json\/wp\/v2\/comments?post=4456"}],"wp:featuredmedia":[{"embeddable":true,"href":"https:\/\/tynivintage.com\/vi\/wp-json\/wp\/v2\/media\/4451"}],"wp:attachment":[{"href":"https:\/\/tynivintage.com\/vi\/wp-json\/wp\/v2\/media?parent=4456"}],"wp:term":[{"taxonomy":"product_brand","embeddable":true,"href":"https:\/\/tynivintage.com\/vi\/wp-json\/wp\/v2\/product_brand?post=4456"},{"taxonomy":"product_cat","embeddable":true,"href":"https:\/\/tynivintage.com\/vi\/wp-json\/wp\/v2\/product_cat?post=4456"},{"taxonomy":"product_tag","embeddable":true,"href":"https:\/\/tynivintage.com\/vi\/wp-json\/wp\/v2\/product_tag?post=4456"}],"curies":[{"name":"wp","href":"https:\/\/api.w.org\/{rel}","templated":true}]}}