{"id":4448,"date":"2025-03-15T22:04:33","date_gmt":"2025-03-15T15:05:48","guid":{"rendered":"https:\/\/tynivintage.com\/?post_type=product&#038;p=4448"},"modified":"2025-03-15T22:05:48","modified_gmt":"2025-03-15T15:05:48","slug":"nhan-hoang-kim-quyen-luc","status":"publish","type":"product","link":"https:\/\/tynivintage.com\/vi\/san-pham\/nhan-hoang-kim-quyen-luc\/","title":{"rendered":"Nh\u1eabn Ho\u00e0ng Kim Quy\u1ec1n L\u1ef1c"},"content":{"rendered":"<p>Chi\u1ebfc nh\u1eabn v\u00e0ng cao c\u1ea5p mang thi\u1ebft k\u1ebf sang tr\u1ecdng v\u1edbi \u0111i\u1ec3m nh\u1ea5n l\u00e0 bi\u1ec3u t\u01b0\u1ee3ng ch\u1eef \u201cM\u201d c\u00e1ch \u0111i\u1ec7u \u1edf trung t\u00e2m. \u0110\u01b0\u1ee3c ch\u1ebf t\u00e1c t\u1eeb ch\u1ea5t li\u1ec7u v\u00e0ng s\u00e1ng b\u00f3ng, chi\u1ebfc nh\u1eabn th\u1ec3 hi\u1ec7n s\u1ef1 \u0111\u1eb3ng c\u1ea5p v\u00e0 tinh t\u1ebf trong t\u1eebng \u0111\u01b0\u1eddng n\u00e9t. Xung quanh th\u00e2n nh\u1eabn l\u00e0 nh\u1eefng vi\u00ean \u0111\u00e1 l\u1ea5p l\u00e1nh, \u0111\u01b0\u1ee3c \u0111\u00ednh t\u1ec9 m\u1ec9 t\u1ea1o n\u00ean hi\u1ec7u \u1ee9ng b\u1eaft s\u00e1ng \u0111\u1ea7y cu\u1ed1n h\u00fat, gi\u00fap \u0111\u00f4i tay c\u1ee7a b\u1ea1n th\u00eam ph\u1ea7n n\u1ed5i b\u1eadt.<\/p>\n<p>Thi\u1ebft k\u1ebf \u0111\u1ed9c \u0111\u00e1o k\u1ebft h\u1ee3p gi\u1eefa phong c\u00e1ch hi\u1ec7n \u0111\u1ea1i v\u00e0 c\u1ed5 \u0111i\u1ec3n, ph\u00f9 h\u1ee3p cho c\u1ea3 nam v\u00e0 n\u1eef. \u0110\u00e2y kh\u00f4ng ch\u1ec9 l\u00e0 m\u00f3n trang s\u1ee9c mang gi\u00e1 tr\u1ecb th\u1ea9m m\u1ef9 m\u00e0 c\u00f2n th\u1ec3 hi\u1ec7n phong c\u00e1ch ri\u00eang c\u1ee7a ng\u01b0\u1eddi \u0111eo. Ph\u00f9 h\u1ee3p l\u00e0m qu\u00e0 t\u1eb7ng \u00fd ngh\u0129a ho\u1eb7c s\u1eed d\u1ee5ng trong c\u00e1c d\u1ecbp \u0111\u1eb7c bi\u1ec7t.<\/p>\n<p>Th\u00f4ng tin chi ti\u1ebft:<br \/>\n\u2022 Ch\u1ea5t li\u1ec7u: V\u00e0ng cao c\u1ea5p<br \/>\n\u2022 H\u1ecda ti\u1ebft: Ch\u1eef \u201cM\u201d c\u00e1ch \u0111i\u1ec7u<br \/>\n\u2022 \u0110\u00ednh \u0111\u00e1 l\u1ea5p l\u00e1nh t\u1ea1o hi\u1ec7u \u1ee9ng sang tr\u1ecdng<br \/>\n\u2022 Ph\u00f9 h\u1ee3p cho nhi\u1ec1u d\u1ecbp: s\u1ef1 ki\u1ec7n, ti\u1ec7c t\u00f9ng, qu\u00e0 t\u1eb7ng \u0111\u1eb7c bi\u1ec7t<\/p>\n","protected":false},"excerpt":{"rendered":"<p>Chi\u1ebfc nh\u1eabn v\u00e0ng sang tr\u1ecdng \u0111\u01b0\u1ee3c thi\u1ebft k\u1ebf v\u1edbi \u0111i\u1ec3m nh\u1ea5n l\u00e0 bi\u1ec3u t\u01b0\u1ee3ng ch\u1eef \u201cM\u201d tinh t\u1ebf, k\u1ebft h\u1ee3p c\u00f9ng c\u00e1c vi\u00ean \u0111\u00e1 l\u1ea5p l\u00e1nh t\u1ea1o v\u1ebb \u0111\u1eb9p qu\u00fd ph\u00e1i v\u00e0 hi\u1ec7n \u0111\u1ea1i.<\/p>\n","protected":false},"featured_media":4444,"comment_status":"open","ping_status":"closed","template":"","meta":{"inline_featured_image":false},"product_brand":[],"product_cat":[39],"product_tag":[],"class_list":{"0":"post-4448","1":"product","2":"type-product","3":"status-publish","4":"has-post-thumbnail","6":"product_cat-phu-kien-thoi-trang-khac","8":"first","9":"outofstock","10":"shipping-taxable","11":"purchasable","12":"product-type-simple"},"acf":[],"_links":{"self":[{"href":"https:\/\/tynivintage.com\/vi\/wp-json\/wp\/v2\/product\/4448","targetHints":{"allow":["GET"]}}],"collection":[{"href":"https:\/\/tynivintage.com\/vi\/wp-json\/wp\/v2\/product"}],"about":[{"href":"https:\/\/tynivintage.com\/vi\/wp-json\/wp\/v2\/types\/product"}],"replies":[{"embeddable":true,"href":"https:\/\/tynivintage.com\/vi\/wp-json\/wp\/v2\/comments?post=4448"}],"wp:featuredmedia":[{"embeddable":true,"href":"https:\/\/tynivintage.com\/vi\/wp-json\/wp\/v2\/media\/4444"}],"wp:attachment":[{"href":"https:\/\/tynivintage.com\/vi\/wp-json\/wp\/v2\/media?parent=4448"}],"wp:term":[{"taxonomy":"product_brand","embeddable":true,"href":"https:\/\/tynivintage.com\/vi\/wp-json\/wp\/v2\/product_brand?post=4448"},{"taxonomy":"product_cat","embeddable":true,"href":"https:\/\/tynivintage.com\/vi\/wp-json\/wp\/v2\/product_cat?post=4448"},{"taxonomy":"product_tag","embeddable":true,"href":"https:\/\/tynivintage.com\/vi\/wp-json\/wp\/v2\/product_tag?post=4448"}],"curies":[{"name":"wp","href":"https:\/\/api.w.org\/{rel}","templated":true}]}}