{"id":4439,"date":"2025-03-15T22:01:02","date_gmt":"2025-03-15T15:02:28","guid":{"rendered":"https:\/\/tynivintage.com\/?post_type=product&#038;p=4439"},"modified":"2025-03-15T22:02:28","modified_gmt":"2025-03-15T15:02:28","slug":"nhan-sovereign-majesty","status":"publish","type":"product","link":"https:\/\/tynivintage.com\/vi\/san-pham\/nhan-sovereign-majesty\/","title":{"rendered":"Nh\u1eabn Sovereign Majesty"},"content":{"rendered":"<p>Chi\u1ebfc nh\u1eabn nam phong c\u00e1ch ho\u00e0ng gia mang \u0111\u1eadm d\u1ea5u \u1ea5n quy\u1ec1n l\u1ef1c v\u1edbi thi\u1ebft k\u1ebf tinh x\u1ea3o k\u1ebft h\u1ee3p gi\u1eefa b\u1ea1c v\u00e0 v\u00e0ng. Ph\u1ea7n m\u1eb7t nh\u1eabn \u0111\u01b0\u1ee3c ch\u1ebf t\u00e1c t\u1ec9 m\u1ec9 v\u1edbi hoa v\u0103n ch\u1ea1m kh\u1eafc tinh t\u1ebf, t\u1ea1o n\u00ean v\u1ebb \u0111\u1eb9p m\u1ea1nh m\u1ebd nh\u01b0ng kh\u00f4ng k\u00e9m ph\u1ea7n sang tr\u1ecdng.<\/p>\n<p>L\u1edbp n\u1ec1n m\u00e0u v\u00e0ng l\u00e0m n\u1ed5i b\u1eadt h\u1ecda ti\u1ebft trung t\u00e2m \u0111\u1ea7y ngh\u1ec7 thu\u1eadt, t\u01b0\u1ee3ng tr\u01b0ng cho s\u1ef1 uy nghi v\u00e0 \u0111\u1eb3ng c\u1ea5p. Ph\u1ea7n th\u00e2n nh\u1eabn \u0111\u01b0\u1ee3c ch\u1ebf t\u00e1c b\u1eb1ng b\u1ea1c v\u1edbi nh\u1eefng \u0111\u01b0\u1eddng n\u00e9t ch\u1ea1m tr\u1ed5 u\u1ed1n l\u01b0\u1ee3n, mang \u0111\u1ebfn v\u1ebb c\u1ed5 \u0111i\u1ec3n pha l\u1eabn n\u00e9t hi\u1ec7n \u0111\u1ea1i.<\/p>\n<p>S\u1ea3n ph\u1ea9m ph\u00f9 h\u1ee3p cho qu\u00fd \u00f4ng y\u00eau th\u00edch phong c\u00e1ch sang tr\u1ecdng, mu\u1ed1n th\u1ec3 hi\u1ec7n b\u1ea3n l\u0129nh v\u00e0 phong th\u00e1i quy\u1ec1n uy. \u0110\u00e2y kh\u00f4ng ch\u1ec9 l\u00e0 m\u1ed9t m\u00f3n trang s\u1ee9c m\u00e0 c\u00f2n l\u00e0 bi\u1ec3u t\u01b0\u1ee3ng c\u1ee7a s\u1ef1 th\u00e0nh \u0111\u1ea1t v\u00e0 \u0111\u1ecba v\u1ecb.<\/p>\n<p>Ch\u1ea5t li\u1ec7u: B\u1ea1c cao c\u1ea5p k\u1ebft h\u1ee3p m\u1ea1 v\u00e0ng<br \/>\nKi\u1ec3u d\u00e1ng: Nh\u1eabn nam phong c\u00e1ch ho\u00e0ng gia<br \/>\n\u1ee8ng d\u1ee5ng: Ph\u00f9 h\u1ee3p \u0111eo h\u00e0ng ng\u00e0y, d\u1ef1 ti\u1ec7c, ho\u1eb7c l\u00e0m qu\u00e0 t\u1eb7ng \u00fd ngh\u0129a<\/p>\n","protected":false},"excerpt":{"rendered":"<p>Chi\u1ebfc nh\u1eabn nam phong c\u00e1ch ho\u00e0ng gia v\u1edbi thi\u1ebft k\u1ebf m\u1ea1nh m\u1ebd, k\u1ebft h\u1ee3p gi\u1eefa b\u1ea1c v\u00e0 v\u00e0ng. M\u1eb7t nh\u1eabn ch\u1ea1m kh\u1eafc tinh x\u1ea3o v\u1edbi h\u1ecda ti\u1ebft ho\u00e0ng gia, t\u1ea1o v\u1ebb \u0111\u1eb9p sang tr\u1ecdng v\u00e0 \u0111\u1ea7y quy\u1ec1n uy.<\/p>\n","protected":false},"featured_media":4434,"comment_status":"open","ping_status":"closed","template":"","meta":{"inline_featured_image":false},"product_brand":[],"product_cat":[39],"product_tag":[],"class_list":{"0":"post-4439","1":"product","2":"type-product","3":"status-publish","4":"has-post-thumbnail","6":"product_cat-phu-kien-thoi-trang-khac","8":"first","9":"outofstock","10":"shipping-taxable","11":"purchasable","12":"product-type-simple"},"acf":[],"_links":{"self":[{"href":"https:\/\/tynivintage.com\/vi\/wp-json\/wp\/v2\/product\/4439","targetHints":{"allow":["GET"]}}],"collection":[{"href":"https:\/\/tynivintage.com\/vi\/wp-json\/wp\/v2\/product"}],"about":[{"href":"https:\/\/tynivintage.com\/vi\/wp-json\/wp\/v2\/types\/product"}],"replies":[{"embeddable":true,"href":"https:\/\/tynivintage.com\/vi\/wp-json\/wp\/v2\/comments?post=4439"}],"wp:featuredmedia":[{"embeddable":true,"href":"https:\/\/tynivintage.com\/vi\/wp-json\/wp\/v2\/media\/4434"}],"wp:attachment":[{"href":"https:\/\/tynivintage.com\/vi\/wp-json\/wp\/v2\/media?parent=4439"}],"wp:term":[{"taxonomy":"product_brand","embeddable":true,"href":"https:\/\/tynivintage.com\/vi\/wp-json\/wp\/v2\/product_brand?post=4439"},{"taxonomy":"product_cat","embeddable":true,"href":"https:\/\/tynivintage.com\/vi\/wp-json\/wp\/v2\/product_cat?post=4439"},{"taxonomy":"product_tag","embeddable":true,"href":"https:\/\/tynivintage.com\/vi\/wp-json\/wp\/v2\/product_tag?post=4439"}],"curies":[{"name":"wp","href":"https:\/\/api.w.org\/{rel}","templated":true}]}}