{"id":4431,"date":"2025-03-15T21:56:59","date_gmt":"2025-03-15T14:58:21","guid":{"rendered":"https:\/\/tynivintage.com\/?post_type=product&#038;p=4431"},"modified":"2025-03-15T21:58:22","modified_gmt":"2025-03-15T14:58:22","slug":"nhan-golden-elegance-2","status":"publish","type":"product","link":"https:\/\/tynivintage.com\/vi\/san-pham\/nhan-golden-elegance-2\/","title":{"rendered":"Nh\u1eabn Golden Elegance"},"content":{"rendered":"<p>Th\u1ec3 hi\u1ec7n v\u1ebb \u0111\u1eb9p v\u01b0\u1ee3t th\u1eddi gian v\u1edbi chi\u1ebfc Nh\u1eabn V\u00e0ng Thanh L\u1ecbch \u0111\u1ea7y tinh t\u1ebf n\u00e0y. \u0110\u01b0\u1ee3c ch\u1ebf t\u00e1c t\u1eeb v\u00e0ng cao c\u1ea5p, chi\u1ebfc nh\u1eabn n\u1ed5i b\u1eadt v\u1edbi nh\u1eefng hoa v\u0103n ch\u1ea1m kh\u1eafc tinh x\u1ea3o, to\u00e1t l\u00ean v\u1ebb sang tr\u1ecdng v\u00e0 quy\u1ebfn r\u0169. \u0110i\u1ec3m nh\u1ea5n c\u1ee7a tuy\u1ec7t t\u00e1c n\u00e0y l\u00e0 vi\u00ean \u0111\u00e1 qu\u00fd l\u1ea5p l\u00e1nh, \u0111\u01b0\u1ee3c \u0111\u00ednh k\u1ebft t\u1ec9 m\u1ec9 \u0111\u1ec3 t\u00f4n l\u00ean v\u1ebb \u0111\u1eb9p xa hoa.<\/p>\n<p>Thi\u1ebft k\u1ebf t\u1ec9 m\u1ec9 v\u1edbi nh\u1eefng h\u1ecda ti\u1ebft thanh l\u1ecbch tr\u00ean th\u00e2n nh\u1eabn, t\u1ea1o n\u00ean s\u1ef1 tinh t\u1ebf v\u00e0 ngh\u1ec7 thu\u1eadt \u0111\u1ed9c \u0111\u00e1o. D\u00f9 \u0111\u01b0\u1ee3c \u0111eo nh\u01b0 m\u1ed9t m\u00f3n trang s\u1ee9c n\u1ed5i b\u1eadt hay bi\u1ec3u t\u01b0\u1ee3ng c\u1ee7a t\u00ecnh y\u00eau v\u00e0 s\u1ef1 g\u1eafn k\u1ebft, chi\u1ebfc nh\u1eabn n\u00e0y ho\u00e0n h\u1ea3o cho nh\u1eefng ai y\u00eau th\u00edch v\u1ebb \u0111\u1eb9p c\u1ed5 \u0111i\u1ec3n pha l\u1eabn n\u00e9t hi\u1ec7n \u0111\u1ea1i.<\/p>\n","protected":false},"excerpt":{"rendered":"<p>Chi\u1ebfc nh\u1eabn v\u00e0ng tinh x\u1ea3o v\u1edbi thi\u1ebft k\u1ebf ch\u1ea1m kh\u1eafc hoa v\u0103n m\u1ec1m m\u1ea1i, \u0111i\u1ec3m nh\u1ea5n l\u00e0 vi\u00ean \u0111\u00e1 s\u00e1ng l\u1ea5p l\u00e1nh, t\u1ea1o n\u00ean v\u1ebb \u0111\u1eb9p thanh l\u1ecbch v\u00e0 sang tr\u1ecdng<\/p>\n","protected":false},"featured_media":4428,"comment_status":"open","ping_status":"closed","template":"","meta":{"inline_featured_image":false},"product_brand":[],"product_cat":[39],"product_tag":[],"class_list":{"0":"post-4431","1":"product","2":"type-product","3":"status-publish","4":"has-post-thumbnail","6":"product_cat-phu-kien-thoi-trang-khac","8":"first","9":"outofstock","10":"shipping-taxable","11":"purchasable","12":"product-type-simple"},"acf":[],"_links":{"self":[{"href":"https:\/\/tynivintage.com\/vi\/wp-json\/wp\/v2\/product\/4431","targetHints":{"allow":["GET"]}}],"collection":[{"href":"https:\/\/tynivintage.com\/vi\/wp-json\/wp\/v2\/product"}],"about":[{"href":"https:\/\/tynivintage.com\/vi\/wp-json\/wp\/v2\/types\/product"}],"replies":[{"embeddable":true,"href":"https:\/\/tynivintage.com\/vi\/wp-json\/wp\/v2\/comments?post=4431"}],"wp:featuredmedia":[{"embeddable":true,"href":"https:\/\/tynivintage.com\/vi\/wp-json\/wp\/v2\/media\/4428"}],"wp:attachment":[{"href":"https:\/\/tynivintage.com\/vi\/wp-json\/wp\/v2\/media?parent=4431"}],"wp:term":[{"taxonomy":"product_brand","embeddable":true,"href":"https:\/\/tynivintage.com\/vi\/wp-json\/wp\/v2\/product_brand?post=4431"},{"taxonomy":"product_cat","embeddable":true,"href":"https:\/\/tynivintage.com\/vi\/wp-json\/wp\/v2\/product_cat?post=4431"},{"taxonomy":"product_tag","embeddable":true,"href":"https:\/\/tynivintage.com\/vi\/wp-json\/wp\/v2\/product_tag?post=4431"}],"curies":[{"name":"wp","href":"https:\/\/api.w.org\/{rel}","templated":true}]}}