{"id":4423,"date":"2025-03-15T21:52:46","date_gmt":"2025-03-15T14:54:29","guid":{"rendered":"https:\/\/tynivintage.com\/?post_type=product&#038;p=4423"},"modified":"2025-03-15T21:54:29","modified_gmt":"2025-03-15T14:54:29","slug":"nhan-hoang-kim-long","status":"publish","type":"product","link":"https:\/\/tynivintage.com\/vi\/san-pham\/nhan-hoang-kim-long\/","title":{"rendered":"Nh\u1eabn Ho\u00e0ng Kim Long"},"content":{"rendered":"<p>Nh\u1eabn V\u00e0ng Kh\u1eafc R\u1ed3ng Uy Nghi<\/p>\n<p>Chi\u1ebfc nh\u1eabn mang thi\u1ebft k\u1ebf m\u1ea1nh m\u1ebd v\u00e0 \u0111\u1ea7y uy quy\u1ec1n, \u0111\u01b0\u1ee3c ch\u1ebf t\u00e1c t\u1eeb v\u00e0ng v\u1edbi b\u1ec1 m\u1eb7t r\u1ed9ng, t\u1ea1o c\u1ea3m gi\u00e1c v\u1eefng ch\u1eafc v\u00e0 \u0111\u1eb3ng c\u1ea5p. \u0110i\u1ec3m nh\u1ea5n \u0111\u1eb7c bi\u1ec7t c\u1ee7a nh\u1eabn l\u00e0 h\u00ecnh r\u1ed3ng uy nghi \u0111\u01b0\u1ee3c kh\u1eafc tinh x\u1ea3o tr\u00ean n\u1ec1n \u0111en, t\u01b0\u1ee3ng tr\u01b0ng cho s\u1ee9c m\u1ea1nh, quy\u1ec1n l\u1ef1c v\u00e0 s\u1ef1 may m\u1eafn trong phong th\u1ee7y. C\u00e1c h\u1ecda ti\u1ebft xung quanh \u0111\u01b0\u1ee3c ch\u1ea1m kh\u1eafc t\u1ec9 m\u1ec9, t\u1ea1o n\u00ean s\u1ef1 h\u00e0i h\u00f2a gi\u1eefa n\u00e9t c\u1ed5 \u0111i\u1ec3n v\u00e0 hi\u1ec7n \u0111\u1ea1i.<\/p>\n<p>Chi\u1ebfc nh\u1eabn n\u00e0y kh\u00f4ng ch\u1ec9 l\u00e0 m\u1ed9t m\u00f3n trang s\u1ee9c sang tr\u1ecdng m\u00e0 c\u00f2n l\u00e0 bi\u1ec3u t\u01b0\u1ee3ng c\u1ee7a s\u1ef1 th\u1ecbnh v\u01b0\u1ee3ng v\u00e0 c\u00e1 t\u00ednh m\u1ea1nh m\u1ebd, ph\u00f9 h\u1ee3p cho nh\u1eefng ai y\u00eau th\u00edch phong c\u00e1ch \u0111\u1ed9c \u0111\u00e1o v\u00e0 mu\u1ed1n kh\u1eb3ng \u0111\u1ecbnh d\u1ea5u \u1ea5n ri\u00eang c\u1ee7a m\u00ecnh.<\/p>\n","protected":false},"excerpt":{"rendered":"<p>Chi\u1ebfc nh\u1eabn v\u00e0ng r\u1ed9ng b\u1ea3n, \u0111\u01b0\u1ee3c ch\u1ea1m kh\u1eafc h\u00ecnh r\u1ed3ng tinh x\u1ea3o tr\u00ean n\u1ec1n \u0111en, t\u1ea1o n\u00ean v\u1ebb m\u1ea1nh m\u1ebd v\u00e0 uy quy\u1ec1n. Thi\u1ebft k\u1ebf mang \u0111\u1eadm phong c\u00e1ch c\u1ed5 \u0111i\u1ec3n, ph\u00f9 h\u1ee3p cho nh\u1eefng ai y\u00eau th\u00edch s\u1ef1 sang tr\u1ecdng v\u00e0 c\u00e1 t\u00ednh.<\/p>\n","protected":false},"featured_media":4420,"comment_status":"open","ping_status":"closed","template":"","meta":{"inline_featured_image":false},"product_brand":[],"product_cat":[39],"product_tag":[],"class_list":{"0":"post-4423","1":"product","2":"type-product","3":"status-publish","4":"has-post-thumbnail","6":"product_cat-phu-kien-thoi-trang-khac","8":"first","9":"outofstock","10":"shipping-taxable","11":"purchasable","12":"product-type-simple"},"acf":[],"_links":{"self":[{"href":"https:\/\/tynivintage.com\/vi\/wp-json\/wp\/v2\/product\/4423","targetHints":{"allow":["GET"]}}],"collection":[{"href":"https:\/\/tynivintage.com\/vi\/wp-json\/wp\/v2\/product"}],"about":[{"href":"https:\/\/tynivintage.com\/vi\/wp-json\/wp\/v2\/types\/product"}],"replies":[{"embeddable":true,"href":"https:\/\/tynivintage.com\/vi\/wp-json\/wp\/v2\/comments?post=4423"}],"wp:featuredmedia":[{"embeddable":true,"href":"https:\/\/tynivintage.com\/vi\/wp-json\/wp\/v2\/media\/4420"}],"wp:attachment":[{"href":"https:\/\/tynivintage.com\/vi\/wp-json\/wp\/v2\/media?parent=4423"}],"wp:term":[{"taxonomy":"product_brand","embeddable":true,"href":"https:\/\/tynivintage.com\/vi\/wp-json\/wp\/v2\/product_brand?post=4423"},{"taxonomy":"product_cat","embeddable":true,"href":"https:\/\/tynivintage.com\/vi\/wp-json\/wp\/v2\/product_cat?post=4423"},{"taxonomy":"product_tag","embeddable":true,"href":"https:\/\/tynivintage.com\/vi\/wp-json\/wp\/v2\/product_tag?post=4423"}],"curies":[{"name":"wp","href":"https:\/\/api.w.org\/{rel}","templated":true}]}}