{"id":4397,"date":"2025-03-15T21:37:57","date_gmt":"2025-03-15T14:40:55","guid":{"rendered":"https:\/\/tynivintage.com\/?post_type=product&#038;p=4397"},"modified":"2025-03-15T21:40:55","modified_gmt":"2025-03-15T14:40:55","slug":"nhan-hac-long-quyen-uy","status":"publish","type":"product","link":"https:\/\/tynivintage.com\/vi\/san-pham\/nhan-hac-long-quyen-uy\/","title":{"rendered":"Nh\u1eabn H\u1eafc Long Quy\u1ec1n Uy"},"content":{"rendered":"<p>Nh\u1eabn Nam \u0110en Vi\u1ec1n V\u00e0ng \u0110\u1eb3ng C\u1ea5p<\/p>\n<p>T\u1ea1o \u1ea5n t\u01b0\u1ee3ng m\u1ea1nh m\u1ebd v\u1edbi chi\u1ebfc nh\u1eabn nam \u0111\u1ea7y cu\u1ed1n h\u00fat, \u0111\u01b0\u1ee3c ch\u1ebf t\u00e1c v\u1edbi l\u1edbp ph\u1ee7 \u0111en huy\u1ec1n b\u00ed v\u00e0 \u0111i\u1ec3m xuy\u1ebft hoa v\u0103n v\u00e0ng tinh x\u1ea3o. Thi\u1ebft k\u1ebf \u0111\u1ed9c \u0111\u00e1o v\u00e0 chi ti\u1ebft mang \u0111\u1ebfn v\u1ebb quy\u1ec1n l\u1ef1c v\u00e0 sang tr\u1ecdng cho ng\u01b0\u1eddi \u0111eo.<\/p>\n<p>\u1ede trung t\u00e2m, m\u1ed9t vi\u00ean \u0111\u00e1 qu\u00fd l\u1ea5p l\u00e1nh thu h\u00fat \u00e1nh s\u00e1ng, t\u1ea1o n\u00ean \u0111i\u1ec3m nh\u1ea5n sang tr\u1ecdng v\u00e0 tinh t\u1ebf. S\u1ef1 k\u1ebft h\u1ee3p gi\u1eefa t\u00f4ng \u0111en s\u00e2u th\u1eb3m v\u00e0 c\u00e1c chi ti\u1ebft v\u00e0ng t\u1ea1o n\u00ean s\u1ef1 t\u01b0\u01a1ng ph\u1ea3n \u1ea5n t\u01b0\u1ee3ng, l\u00fd t\u01b0\u1edfng cho nh\u1eefng ai y\u00eau th\u00edch phong c\u00e1ch m\u1ea1nh m\u1ebd v\u00e0 kh\u00e1c bi\u1ec7t.<\/p>\n<p>Chi\u1ebfc nh\u1eabn \u0111\u01b0\u1ee3c l\u00e0m t\u1eeb ch\u1ea5t li\u1ec7u cao c\u1ea5p, \u0111\u1ea3m b\u1ea3o \u0111\u1ed9 b\u1ec1n v\u00e0 gi\u1eef \u0111\u01b0\u1ee3c v\u1ebb s\u00e1ng b\u00f3ng theo th\u1eddi gian. D\u00f9 \u0111\u01b0\u1ee3c \u0111eo nh\u01b0 m\u1ed9t m\u00f3n trang s\u1ee9c c\u00e1 t\u00ednh hay m\u1ed9t ph\u1ee5 ki\u1ec7n mang \u00fd ngh\u0129a \u0111\u1eb7c bi\u1ec7t, \u0111\u00e2y ch\u1eafc ch\u1eafn l\u00e0 l\u1ef1a ch\u1ecdn ho\u00e0n h\u1ea3o cho b\u1ed9 s\u01b0u t\u1eadp c\u1ee7a qu\u00fd \u00f4ng phong c\u00e1ch.<\/p>\n","protected":false},"excerpt":{"rendered":"<p>Chi\u1ebfc nh\u1eabn nam thi\u1ebft k\u1ebf m\u1ea1nh m\u1ebd v\u1edbi t\u00f4ng m\u00e0u \u0111en huy\u1ec1n b\u00ed, \u0111i\u1ec3m xuy\u1ebft hoa v\u0103n v\u00e0ng sang tr\u1ecdng. M\u1eb7t nh\u1eabn \u0111\u00ednh \u0111\u00e1 qu\u00fd l\u1ea5p l\u00e1nh, t\u1ea1o \u0111i\u1ec3m nh\u1ea5n \u0111\u1ea7y uy quy\u1ec1n v\u00e0 \u0111\u1eb3ng c\u1ea5p.<\/p>\n","protected":false},"featured_media":4390,"comment_status":"open","ping_status":"closed","template":"","meta":{"inline_featured_image":false},"product_brand":[],"product_cat":[39],"product_tag":[],"class_list":{"0":"post-4397","1":"product","2":"type-product","3":"status-publish","4":"has-post-thumbnail","6":"product_cat-phu-kien-thoi-trang-khac","8":"first","9":"outofstock","10":"shipping-taxable","11":"purchasable","12":"product-type-simple"},"acf":[],"_links":{"self":[{"href":"https:\/\/tynivintage.com\/vi\/wp-json\/wp\/v2\/product\/4397","targetHints":{"allow":["GET"]}}],"collection":[{"href":"https:\/\/tynivintage.com\/vi\/wp-json\/wp\/v2\/product"}],"about":[{"href":"https:\/\/tynivintage.com\/vi\/wp-json\/wp\/v2\/types\/product"}],"replies":[{"embeddable":true,"href":"https:\/\/tynivintage.com\/vi\/wp-json\/wp\/v2\/comments?post=4397"}],"wp:featuredmedia":[{"embeddable":true,"href":"https:\/\/tynivintage.com\/vi\/wp-json\/wp\/v2\/media\/4390"}],"wp:attachment":[{"href":"https:\/\/tynivintage.com\/vi\/wp-json\/wp\/v2\/media?parent=4397"}],"wp:term":[{"taxonomy":"product_brand","embeddable":true,"href":"https:\/\/tynivintage.com\/vi\/wp-json\/wp\/v2\/product_brand?post=4397"},{"taxonomy":"product_cat","embeddable":true,"href":"https:\/\/tynivintage.com\/vi\/wp-json\/wp\/v2\/product_cat?post=4397"},{"taxonomy":"product_tag","embeddable":true,"href":"https:\/\/tynivintage.com\/vi\/wp-json\/wp\/v2\/product_tag?post=4397"}],"curies":[{"name":"wp","href":"https:\/\/api.w.org\/{rel}","templated":true}]}}