{"id":4364,"date":"2025-01-16T17:13:33","date_gmt":"2025-03-15T13:04:03","guid":{"rendered":"https:\/\/tynivintage.com\/?post_type=product&#038;p=4364"},"modified":"2025-03-15T20:04:03","modified_gmt":"2025-03-15T13:04:03","slug":"tui-da-full-scoop-vintage-canvas","status":"publish","type":"product","link":"https:\/\/tynivintage.com\/vi\/san-pham\/tui-da-full-scoop-vintage-canvas\/","title":{"rendered":"T\u00fai da Full Scoop Vintage Canvas"},"content":{"rendered":"<p>Full Scoop Vintage Canvas &amp; Leather Bag \u2013 Bold &amp; Rugged Style (Size 34&#215;28 cm)<\/p>\n<p>T\u00fai x\u00e1ch Full Scoop c\u00f3 thi\u1ebft k\u1ebf c\u1ed5 \u0111i\u1ec3n \u0111\u1ed9c \u0111\u00e1o, k\u1ebft h\u1ee3p ch\u1ea5t li\u1ec7u v\u1ea3i b\u1ea1t cao c\u1ea5p v\u1edbi c\u00e1c \u0111i\u1ec3m nh\u1ea5n da n\u00e2u th\u1eadt cho v\u1ebb ngo\u00e0i t\u00e1o b\u1ea1o v\u00e0 ch\u1eafc ch\u1eafn.<\/p>\n<p>Th\u00f4ng tin chi ti\u1ebft s\u1ea3n ph\u1ea9m:<\/p>\n<p>K\u00edch th\u01b0\u1edbc: 34&#215;28 cm \u2013 l\u00fd t\u01b0\u1edfng \u0111\u1ec3 mang theo c\u00e1c v\u1eadt d\u1ee5ng c\u00e1 nh\u00e2n, s\u1ed5 tay, v\u00ed, \u0111i\u1ec7n tho\u1ea1i, v.v.<\/p>\n<p>Ch\u1ea5t li\u1ec7u: V\u1ea3i b\u1ea1t b\u1ec1n k\u1ebft h\u1ee3p v\u1edbi da th\u1eadt, t\u1ea1o n\u00ean phong c\u00e1ch c\u1ed5 \u0111i\u1ec3n th\u1eddi th\u01b0\u1ee3ng.<\/p>\n<p>Thi\u1ebft k\u1ebf:<\/p>\n<p>Hai t\u00fai nh\u1ecf ph\u00eda tr\u01b0\u1edbc v\u1edbi kh\u00f3a kh\u00f3a an to\u00e0n \u0111\u1ec3 thu\u1eadn ti\u1ec7n c\u1ea5t gi\u1eef nh\u1eefng th\u1ee9 c\u1ea7n thi\u1ebft nh\u1ecf.<\/p>\n<p>Ng\u0103n ch\u00ednh r\u1ed9ng r\u00e3i v\u1edbi kh\u00f3a k\u00e9o \u0111\u1ec3 gi\u1eef an to\u00e0n cho \u0111\u1ed3 \u0111\u1ea1c.<\/p>\n<p>D\u00e2y \u0111eo tay \u0111\u00f4i cho c\u1ea3m gi\u00e1c c\u1ea7m n\u1eafm tho\u1ea3i m\u00e1i v\u00e0 ch\u1eafc ch\u1eafn.<\/p>\n","protected":false},"excerpt":{"rendered":"<p>Full Scoop Vintage Canvas &amp; Leather Bag (34&#215;28 cm) M\u1ed9t chi\u1ebfc t\u00fai c\u1ed5 \u0111i\u1ec3n th\u1eddi trang \u0111\u01b0\u1ee3c l\u00e0m t\u1eeb v\u1ea3i b\u1ea1t b\u1ec1n v\u00e0 da th\u1eadt. C\u00f3 hai t\u00fai ph\u00eda tr\u01b0\u1edbc v\u1edbi kh\u00f3a k\u00edn, ng\u0103n ch\u00ednh c\u00f3 kh\u00f3a k\u00e9o r\u1ed9ng r\u00e3i v\u00e0 d\u00e2y \u0111eo tay \u0111\u00f4i ch\u1eafc ch\u1eafn. Ho\u00e0n h\u1ea3o cho m\u1ed9t c\u00e1i nh\u00ecn ch\u1eafc ch\u1eafn nh\u01b0ng c\u1ed5 \u0111i\u1ec3n!<\/p>\n","protected":false},"featured_media":1880,"comment_status":"open","ping_status":"closed","template":"","meta":{"inline_featured_image":false},"product_brand":[],"product_cat":[36],"product_tag":[],"class_list":{"0":"post-4364","1":"product","2":"type-product","3":"status-publish","4":"has-post-thumbnail","6":"product_cat-tui-xach","8":"first","9":"instock","10":"shipping-taxable","11":"purchasable","12":"product-type-simple"},"acf":[],"_links":{"self":[{"href":"https:\/\/tynivintage.com\/vi\/wp-json\/wp\/v2\/product\/4364","targetHints":{"allow":["GET"]}}],"collection":[{"href":"https:\/\/tynivintage.com\/vi\/wp-json\/wp\/v2\/product"}],"about":[{"href":"https:\/\/tynivintage.com\/vi\/wp-json\/wp\/v2\/types\/product"}],"replies":[{"embeddable":true,"href":"https:\/\/tynivintage.com\/vi\/wp-json\/wp\/v2\/comments?post=4364"}],"wp:featuredmedia":[{"embeddable":true,"href":"https:\/\/tynivintage.com\/vi\/wp-json\/wp\/v2\/media\/1880"}],"wp:attachment":[{"href":"https:\/\/tynivintage.com\/vi\/wp-json\/wp\/v2\/media?parent=4364"}],"wp:term":[{"taxonomy":"product_brand","embeddable":true,"href":"https:\/\/tynivintage.com\/vi\/wp-json\/wp\/v2\/product_brand?post=4364"},{"taxonomy":"product_cat","embeddable":true,"href":"https:\/\/tynivintage.com\/vi\/wp-json\/wp\/v2\/product_cat?post=4364"},{"taxonomy":"product_tag","embeddable":true,"href":"https:\/\/tynivintage.com\/vi\/wp-json\/wp\/v2\/product_tag?post=4364"}],"curies":[{"name":"wp","href":"https:\/\/api.w.org\/{rel}","templated":true}]}}