{"id":4358,"date":"2025-01-17T21:51:08","date_gmt":"2025-03-15T12:59:13","guid":{"rendered":"https:\/\/tynivintage.com\/?post_type=product&#038;p=4358"},"modified":"2025-03-15T20:06:13","modified_gmt":"2025-03-15T13:06:13","slug":"tui-louis-vuitton-saint-jacques","status":"publish","type":"product","link":"https:\/\/tynivintage.com\/vi\/san-pham\/tui-louis-vuitton-saint-jacques\/","title":{"rendered":"T\u00fai Louis Vuitton Saint Jacques"},"content":{"rendered":"<p>1. Thi\u1ebft k\u1ebf hi\u1ec7n \u0111\u1ea1i, n\u1ed5i b\u1eadt<\/p>\n<p>\u2022 T\u00fai c\u00f3 \u0111\u1ebf tr\u00f2n d\u1ea7n d\u1ea7n thu\u00f4n nh\u1ecdn v\u1ec1 ph\u00eda ph\u1ea7n m\u1edf, t\u1ea1o ra m\u1ed9t c\u00e1i nh\u00ecn \u0111\u1ed9c \u0111\u00e1o v\u00e0 hi\u1ec7n \u0111\u1ea1i.<\/p>\n<p>\u2022 M\u00e0u \u0111\u1ecf \u0111\u1eadm c\u1ee7a n\u00f3 l\u00e0m cho chi\u1ebfc t\u00fai tr\u1edf th\u00e0nh m\u1ed9t m\u00f3n \u0111\u1ed3 n\u1ed5i b\u1eadt, d\u1ec5 d\u00e0ng k\u1ebft h\u1ee3p v\u1edbi c\u1ea3 phong c\u00e1ch th\u1eddi trang s\u1eafc s\u1ea3o v\u00e0 thanh l\u1ecbch.<\/p>\n<p>\u2022 Tay c\u1ea7m \u0111\u00f4i ch\u1eafc ch\u1eafn c\u00f3 k\u00edch th\u01b0\u1edbc ho\u00e0n h\u1ea3o \u0111\u1ec3 mang b\u1eb1ng tay ho\u1eb7c tr\u00ean c\u1eb3ng tay, mang l\u1ea1i kh\u1ea3 n\u0103ng s\u1eed d\u1ee5ng linh ho\u1ea1t.<\/p>\n<p>2. Ch\u1ea5t li\u1ec7u da k\u1ebft c\u1ea5u cao c\u1ea5p<\/p>\n<p>\u2022 K\u1ebft c\u1ea5u d\u1eadp n\u1ed5i tr\u00ean da l\u00e0m t\u0103ng th\u00eam chi\u1ec1u s\u00e2u v\u00e0 t\u0103ng t\u00ednh th\u1ea9m m\u1ef9 c\u1ee7a t\u00fai.<\/p>\n<p>\u2022 \u0110\u01b0\u1ee3c ch\u1ebf t\u00e1c t\u1eeb da d\u00e0y, b\u1ec1n, t\u00fai ch\u1ed1ng tr\u1ea7y x\u01b0\u1edbc v\u00e0 d\u1ec5 lau ch\u00f9i v\u00e0 b\u1ea3o tr\u00ec.<\/p>\n<p>\u2022 \u0110\u01b0\u1eddng kh\u00e2u t\u1ec9 m\u1ec9 \u0111\u1ea3m b\u1ea3o \u0111\u1ed9 b\u1ec1n l\u00e2u d\u00e0i v\u00e0 tay ngh\u1ec1 th\u1ee7 c\u00f4ng tinh t\u1ebf. 3. Thi\u1ebft th\u1ef1c v\u00e0 ch\u1ee9c n\u0103ng<\/p>\n<p>\u2022 Thi\u1ebft k\u1ebf r\u1ed9ng r\u00e3i l\u00fd t\u01b0\u1edfng \u0111\u1ec3 l\u01b0u tr\u1eef c\u00e1c v\u1eadt d\u1ee5ng thi\u1ebft y\u1ebfu nh\u01b0 v\u00ed, \u0111i\u1ec7n tho\u1ea1i, ch\u00eca kh\u00f3a v\u00e0 m\u1ef9 ph\u1ea9m.<\/p>\n<p>\u2022 T\u00fai c\u00f3 kh\u00f3a k\u00e9o, \u0111\u1ea3m b\u1ea3o \u0111\u1ed3 \u0111\u1ea1c c\u1ee7a b\u1ea1n lu\u00f4n an to\u00e0n.<\/p>\n<p>\u2022 H\u00ecnh b\u00f3ng c\u00f3 c\u1ea5u tr\u00fac c\u1ee7a n\u00f3 gi\u1eef h\u00ecnh d\u1ea1ng t\u1ed1t, cho ph\u00e9p b\u1ea1n s\u1eafp x\u1ebfp c\u00e1c m\u1eb7t h\u00e0ng c\u1ee7a m\u00ecnh g\u1ecdn g\u00e0ng<\/p>\n<p>.4. Th\u00edch h\u1ee3p cho nhi\u1ec1u d\u1ecbp kh\u00e1c nhau<\/p>\n<p>\u2022 V\u1edbi thi\u1ebft k\u1ebf sang tr\u1ecdng, chi\u1ebfc t\u00fai ho\u00e0n h\u1ea3o cho trang ph\u1ee5c c\u00f4ng s\u1edf, ti\u1ec7c t\u00f9ng ho\u1eb7c \u0111i ch\u01a1i b\u00ecnh th\u01b0\u1eddng.<\/p>\n<p>\u2022 M\u00e0u \u0111\u1ecf quy\u1ebfn r\u0169 l\u00e0m n\u1ed5i b\u1eadt phong c\u00e1ch c\u00e1 nh\u00e2n c\u1ee7a b\u1ea1n v\u00e0 t\u0103ng c\u01b0\u1eddng s\u1ef1 t\u1ef1 tin t\u1ea1i b\u1ea5t k\u1ef3 s\u1ef1 ki\u1ec7n n\u00e0o<\/p>\n<p>. 5. Th\u00f4ng tin chi ti\u1ebft<\/p>\n<p>\u2022 M\u00e0u s\u1eafc: \u0110\u1ecf<\/p>\n<p>\u2022 Ch\u1ea5t li\u1ec7u: Da k\u1ebft c\u1ea5u cao c\u1ea5p<\/p>\n<p>\u2022 Phong c\u00e1ch: T\u00fai x\u00e1ch \/ Tote c\u00f3 \u0111\u1ebf tr\u00f2n<\/p>\n<p>\u2022 Tay c\u1ea7m: Tay c\u1ea7m \u0111\u00f4i ch\u1eafc ch\u1eafn<\/p>\n","protected":false},"excerpt":{"rendered":"<p>T\u00fai c\u00f3 \u0111\u1ebf tr\u00f2n thu h\u1eb9p v\u1ec1 ph\u00eda l\u1ed7 m\u1edf, \u0111\u01b0\u1ee3c l\u00e0m t\u1eeb da m\u00e0u \u0111\u1ecf c\u00f3 k\u1ebft c\u1ea5u. Tay c\u1ea7m \u0111\u00f4i ch\u1eafc ch\u1eafn mang l\u1ea1i c\u1ea3m gi\u00e1c sang tr\u1ecdng v\u00e0 hi\u1ec7n \u0111\u1ea1i.<\/p>\n","protected":false},"featured_media":1206,"comment_status":"open","ping_status":"closed","template":"","meta":{"inline_featured_image":false},"product_brand":[],"product_cat":[36],"product_tag":[],"class_list":{"0":"post-4358","1":"product","2":"type-product","3":"status-publish","4":"has-post-thumbnail","6":"product_cat-tui-xach","8":"first","9":"instock","10":"shipping-taxable","11":"purchasable","12":"product-type-simple"},"acf":[],"_links":{"self":[{"href":"https:\/\/tynivintage.com\/vi\/wp-json\/wp\/v2\/product\/4358","targetHints":{"allow":["GET"]}}],"collection":[{"href":"https:\/\/tynivintage.com\/vi\/wp-json\/wp\/v2\/product"}],"about":[{"href":"https:\/\/tynivintage.com\/vi\/wp-json\/wp\/v2\/types\/product"}],"replies":[{"embeddable":true,"href":"https:\/\/tynivintage.com\/vi\/wp-json\/wp\/v2\/comments?post=4358"}],"wp:featuredmedia":[{"embeddable":true,"href":"https:\/\/tynivintage.com\/vi\/wp-json\/wp\/v2\/media\/1206"}],"wp:attachment":[{"href":"https:\/\/tynivintage.com\/vi\/wp-json\/wp\/v2\/media?parent=4358"}],"wp:term":[{"taxonomy":"product_brand","embeddable":true,"href":"https:\/\/tynivintage.com\/vi\/wp-json\/wp\/v2\/product_brand?post=4358"},{"taxonomy":"product_cat","embeddable":true,"href":"https:\/\/tynivintage.com\/vi\/wp-json\/wp\/v2\/product_cat?post=4358"},{"taxonomy":"product_tag","embeddable":true,"href":"https:\/\/tynivintage.com\/vi\/wp-json\/wp\/v2\/product_tag?post=4358"}],"curies":[{"name":"wp","href":"https:\/\/api.w.org\/{rel}","templated":true}]}}