{"id":4330,"date":"2025-01-14T15:40:38","date_gmt":"2025-03-15T12:44:48","guid":{"rendered":"https:\/\/tynivintage.com\/?post_type=product&#038;p=4330"},"modified":"2025-03-15T19:44:49","modified_gmt":"2025-03-15T12:44:49","slug":"tui-deo-vai-gucci-monogram","status":"publish","type":"product","link":"https:\/\/tynivintage.com\/vi\/san-pham\/tui-deo-vai-gucci-monogram\/","title":{"rendered":"T\u00fai \u0111eo vai Gucci Monogram"},"content":{"rendered":"<p>Thi\u1ebft k\u1ebf: M\u1ed9t chi\u1ebfc t\u00fai \u0111eo vai thanh l\u1ecbch v\u1edbi c\u1ea5u tr\u00fac m\u1ec1m m\u1ea1i, mang \u0111\u1ebfn v\u1ebb ngo\u00e0i tinh t\u1ebf v\u00e0 hi\u1ec7n \u0111\u1ea1i.<\/p>\n<p>Ch\u1ea5t li\u1ec7u: V\u1ea3i b\u1ea1t cao c\u1ea5p v\u1edbi h\u1ecda ti\u1ebft ch\u1eef l\u1ed3ng mang t\u00ednh bi\u1ec3u t\u01b0\u1ee3ng c\u1ee7a Gucci, k\u1ebft h\u1ee3p v\u1edbi c\u00e1c chi ti\u1ebft da b\u1ec1n b\u1ec9 cho ch\u1ea5t l\u01b0\u1ee3ng l\u00e2u d\u00e0i.<\/p>\n<p>M\u00e0u s\u1eafc: T\u00f4ng m\u00e0u be v\u00e0 n\u00e2u \u0111\u1eb7c tr\u01b0ng, sang tr\u1ecdng v\u00e0 d\u1ec5 d\u00e0ng k\u1ebft h\u1ee3p v\u1edbi b\u1ea5t k\u1ef3 trang ph\u1ee5c n\u00e0o.<\/p>\n<p>L\u01b0u tr\u1eef: Ng\u0103n ch\u00ednh r\u1ed9ng r\u00e3i v\u1edbi nhi\u1ec1u t\u00fai ch\u1ee9c n\u0103ng, l\u00fd t\u01b0\u1edfng \u0111\u1ec3 mang theo c\u00e1c nhu y\u1ebfu ph\u1ea9m c\u00e1 nh\u00e2n cho c\u00f4ng vi\u1ec7c ho\u1eb7c \u0111i ch\u01a1i b\u00ecnh th\u01b0\u1eddng.<\/p>\n<p>D\u00e2y \u0111eo: D\u00e2y \u0111eo vai b\u1eb1ng da m\u1ec1m m\u1ea1i, \u0111\u1ea3m b\u1ea3o s\u1ef1 tho\u1ea3i m\u00e1i ngay c\u1ea3 khi s\u1eed d\u1ee5ng k\u00e9o d\u00e0i.<\/p>\n<p>Chi ti\u1ebft: L\u00e0m n\u1ed5i b\u1eadt v\u1edbi logo c\u1ee7a Gucci v\u00e0 ph\u1ea7n c\u1ee9ng t\u00f4ng m\u00e0u v\u00e0ng, th\u00eam m\u1ed9t ch\u00fat sang tr\u1ecdng v\u00e0 \u0111\u1ed9c quy\u1ec1n.<\/p>\n<p>Phong c\u00e1ch: Ho\u00e0n h\u1ea3o cho nh\u1eefng ai \u0111\u00e1nh gi\u00e1 cao s\u1ef1 sang tr\u1ecdng trong khi v\u1eabn duy tr\u00ec t\u00ednh th\u1ef1c t\u1ebf h\u00e0ng ng\u00e0y.<\/p>\n<p>K\u00edch th\u01b0\u1edbc : 25x10cm<\/p>\n","protected":false},"excerpt":{"rendered":"<p>T\u00fai \u0111eo vai Gucci Monogram M\u1ed9t chi\u1ebfc t\u00fai \u0111eo vai v\u01b0\u1ee3t th\u1eddi gian \u0111\u01b0\u1ee3c ch\u1ebf t\u00e1c t\u1eeb v\u1ea3i b\u1ea1t monogram \u0111\u1eb7c tr\u01b0ng c\u1ee7a Gucci v\u1edbi c\u00e1c \u0111i\u1ec3m nh\u1ea5n b\u1eb1ng da. V\u1edbi ng\u0103n ch\u00ednh r\u1ed9ng r\u00e3i, d\u00e2y \u0111eo b\u1eb1ng da m\u1ec1m m\u1ea1i v\u00e0 ph\u1ea7n c\u1ee9ng t\u00f4ng m\u00e0u v\u00e0ng, n\u00f3 k\u1ebft h\u1ee3p s\u1ef1 sang tr\u1ecdng v\u00e0 ch\u1ee9c n\u0103ng, ho\u00e0n h\u1ea3o cho vi\u1ec7c s\u1eed d\u1ee5ng h\u00e0ng ng\u00e0y ho\u1eb7c nh\u1eefng d\u1ecbp \u0111\u1eb7c bi\u1ec7t.<\/p>\n","protected":false},"featured_media":1338,"comment_status":"open","ping_status":"closed","template":"","meta":{"inline_featured_image":false},"product_brand":[],"product_cat":[36],"product_tag":[],"class_list":{"0":"post-4330","1":"product","2":"type-product","3":"status-publish","4":"has-post-thumbnail","6":"product_cat-tui-xach","8":"first","9":"instock","10":"shipping-taxable","11":"purchasable","12":"product-type-simple"},"acf":[],"_links":{"self":[{"href":"https:\/\/tynivintage.com\/vi\/wp-json\/wp\/v2\/product\/4330","targetHints":{"allow":["GET"]}}],"collection":[{"href":"https:\/\/tynivintage.com\/vi\/wp-json\/wp\/v2\/product"}],"about":[{"href":"https:\/\/tynivintage.com\/vi\/wp-json\/wp\/v2\/types\/product"}],"replies":[{"embeddable":true,"href":"https:\/\/tynivintage.com\/vi\/wp-json\/wp\/v2\/comments?post=4330"}],"wp:featuredmedia":[{"embeddable":true,"href":"https:\/\/tynivintage.com\/vi\/wp-json\/wp\/v2\/media\/1338"}],"wp:attachment":[{"href":"https:\/\/tynivintage.com\/vi\/wp-json\/wp\/v2\/media?parent=4330"}],"wp:term":[{"taxonomy":"product_brand","embeddable":true,"href":"https:\/\/tynivintage.com\/vi\/wp-json\/wp\/v2\/product_brand?post=4330"},{"taxonomy":"product_cat","embeddable":true,"href":"https:\/\/tynivintage.com\/vi\/wp-json\/wp\/v2\/product_cat?post=4330"},{"taxonomy":"product_tag","embeddable":true,"href":"https:\/\/tynivintage.com\/vi\/wp-json\/wp\/v2\/product_tag?post=4330"}],"curies":[{"name":"wp","href":"https:\/\/api.w.org\/{rel}","templated":true}]}}