{"id":4318,"date":"2025-01-15T20:49:37","date_gmt":"2025-03-15T12:36:19","guid":{"rendered":"https:\/\/tynivintage.com\/?post_type=product&#038;p=4318"},"modified":"2025-03-15T19:36:19","modified_gmt":"2025-03-15T12:36:19","slug":"tui-deo-nach-salvatore-ferragamo","status":"publish","type":"product","link":"https:\/\/tynivintage.com\/vi\/san-pham\/tui-deo-nach-salvatore-ferragamo\/","title":{"rendered":"T\u00fai \u0111eo n\u00e1ch Salvatore Ferragamo"},"content":{"rendered":"<p>M\u00f4 t\u1ea3 S\u1ea3n ph\u1ea9m: T\u00fai x\u00e1ch da kem sang tr\u1ecdng<\/p>\n<p>N\u00e2ng cao s\u1ef1 sang tr\u1ecdng c\u1ee7a b\u1ea1n v\u1edbi chi\u1ebfc t\u00fai x\u00e1ch da m\u00e0u kem ch\u1ea5t l\u01b0\u1ee3ng cao n\u00e0y, \u0111\u01b0\u1ee3c thi\u1ebft k\u1ebf cho nh\u1eefng ai \u0111\u00e1nh gi\u00e1 cao s\u1ef1 tinh t\u1ebf v\u00e0 \u0111\u1eb3ng c\u1ea5p.<\/p>\n<p>Th\u00f4ng tin chi ti\u1ebft s\u1ea3n ph\u1ea9m:<br \/>\n\u2022 Ch\u1ea5t li\u1ec7u: \u0110\u01b0\u1ee3c l\u00e0m t\u1eeb da th\u1eadt cao c\u1ea5p, \u0111\u1ea3m b\u1ea3o \u0111\u1ed9 b\u1ec1n v\u00e0 c\u1ea3m gi\u00e1c m\u1ec1m m\u1ea1i.<br \/>\n\u2022 M\u00e0u s\u1eafc: M\u00e0u kem thanh l\u1ecbch, linh ho\u1ea1t cho m\u1ecdi trang ph\u1ee5c.<br \/>\n\u2022Thi\u1ebft k\u1ebf:<br \/>\n\u2022 H\u00ecnh d\u00e1ng c\u00f3 c\u1ea5u tr\u00fac v\u1edbi c\u00e1c n\u1ebfp g\u1ea5p tinh t\u1ebf t\u1ea1o th\u00eam m\u1ed9t ch\u00fat tinh t\u1ebf.<br \/>\n\u2022 N\u1eafp tr\u01b0\u1edbc \u0111\u1eb7c bi\u1ec7t v\u1edbi m\u00f3c c\u00e0i kim lo\u1ea1i \u0111\u00e1nh b\u00f3ng t\u1ea1o ra m\u1ed9t t\u00e2m \u0111i\u1ec3m sang tr\u1ecdng.<br \/>\n\u2022 D\u00e2y \u0111eo b\u1eb1ng da trang tr\u00ed v\u1edbi kh\u00f3a v\u00e0 nh\u1eabn kim lo\u1ea1i t\u0103ng c\u01b0\u1eddng s\u1ee9c h\u1ea5p d\u1eabn th\u1eddi trang.<br \/>\n\u2022 Tay c\u1ea7m: Tay c\u1ea7m b\u1eb1ng da k\u00e9p ch\u1eafc ch\u1eafn, tho\u1ea3i m\u00e1i cho c\u1ea3 khi c\u1ea7m tay v\u00e0 \u0111eo vai.<br \/>\n\u2022 N\u1ed9i th\u1ea5t: Ng\u0103n r\u1ed9ng r\u00e3i v\u1edbi nhi\u1ec1u t\u00fai \u0111\u1ec3 l\u01b0u tr\u1eef c\u00f3 t\u1ed5 ch\u1ee9c.<br \/>\n\u2022 C\u00e1ch s\u1eed d\u1ee5ng: Ho\u00e0n h\u1ea3o cho vi\u1ec7c s\u1eed d\u1ee5ng h\u00e0ng ng\u00e0y, c\u00f4ng vi\u1ec7c ho\u1eb7c nh\u1eefng d\u1ecbp \u0111\u1eb7c bi\u1ec7t.<\/p>\n","protected":false},"excerpt":{"rendered":"<p>Chi\u1ebfc t\u00fai n\u00e0y c\u00f3 thi\u1ebft k\u1ebf sang tr\u1ecdng v\u1edbi ch\u1ea5t li\u1ec7u da m\u00e0u kem cao c\u1ea5p. \u0110i\u1ec3m n\u1ed5i b\u1eadt l\u00e0 m\u00f3c c\u00e0i kim lo\u1ea1i s\u00e1ng b\u00f3ng \u1edf m\u1eb7t tr\u01b0\u1edbc, c\u00f9ng v\u1edbi c\u00e1c chi ti\u1ebft d\u00e2y \u0111eo v\u00e0 v\u00f2ng kim lo\u1ea1i t\u1ea1o th\u00eam n\u00e9t thanh l\u1ecbch. Tay c\u1ea7m ch\u1eafc ch\u1eafn gi\u00fap n\u00f3 ph\u00f9 h\u1ee3p \u0111\u1ec3 \u0111eo tay ho\u1eb7c \u0111eo vai, n\u00e2ng cao t\u00ednh th\u1ef1c t\u1ebf c\u1ee7a n\u00f3. \u0110\u00e2y l\u00e0 m\u1ed9t chi\u1ebfc t\u00fai l\u00fd t\u01b0\u1edfng cho nh\u1eefng ai y\u00eau th\u00edch phong c\u00e1ch tinh t\u1ebf v\u00e0 \u0111\u1eb3ng c\u1ea5p.<\/p>\n","protected":false},"featured_media":873,"comment_status":"open","ping_status":"closed","template":"","meta":{"inline_featured_image":false},"product_brand":[],"product_cat":[36],"product_tag":[],"class_list":{"0":"post-4318","1":"product","2":"type-product","3":"status-publish","4":"has-post-thumbnail","6":"product_cat-tui-xach","8":"first","9":"instock","10":"shipping-taxable","11":"purchasable","12":"product-type-simple"},"acf":[],"_links":{"self":[{"href":"https:\/\/tynivintage.com\/vi\/wp-json\/wp\/v2\/product\/4318","targetHints":{"allow":["GET"]}}],"collection":[{"href":"https:\/\/tynivintage.com\/vi\/wp-json\/wp\/v2\/product"}],"about":[{"href":"https:\/\/tynivintage.com\/vi\/wp-json\/wp\/v2\/types\/product"}],"replies":[{"embeddable":true,"href":"https:\/\/tynivintage.com\/vi\/wp-json\/wp\/v2\/comments?post=4318"}],"wp:featuredmedia":[{"embeddable":true,"href":"https:\/\/tynivintage.com\/vi\/wp-json\/wp\/v2\/media\/873"}],"wp:attachment":[{"href":"https:\/\/tynivintage.com\/vi\/wp-json\/wp\/v2\/media?parent=4318"}],"wp:term":[{"taxonomy":"product_brand","embeddable":true,"href":"https:\/\/tynivintage.com\/vi\/wp-json\/wp\/v2\/product_brand?post=4318"},{"taxonomy":"product_cat","embeddable":true,"href":"https:\/\/tynivintage.com\/vi\/wp-json\/wp\/v2\/product_cat?post=4318"},{"taxonomy":"product_tag","embeddable":true,"href":"https:\/\/tynivintage.com\/vi\/wp-json\/wp\/v2\/product_tag?post=4318"}],"curies":[{"name":"wp","href":"https:\/\/api.w.org\/{rel}","templated":true}]}}