{"id":4306,"date":"2025-01-15T22:07:35","date_gmt":"2025-03-15T12:31:42","guid":{"rendered":"https:\/\/tynivintage.com\/?post_type=product&#038;p=4306"},"modified":"2025-03-15T19:31:42","modified_gmt":"2025-03-15T12:31:42","slug":"tui-da-burberry","status":"publish","type":"product","link":"https:\/\/tynivintage.com\/vi\/san-pham\/tui-da-burberry\/","title":{"rendered":"T\u00fai da Burberry"},"content":{"rendered":"<p>&nbsp;<\/p>\n<p>M\u00f4 t\u1ea3 S\u1ea3n ph\u1ea9m:<\/p>\n<p>Chi\u1ebfc t\u00fai x\u00e1ch k\u1ebb s\u1ecdc m\u00e0u \u0111\u1ecf n\u00e0y l\u00e0 s\u1ef1 l\u1ef1a ch\u1ecdn ho\u00e0n h\u1ea3o cho nh\u1eefng ai y\u00eau th\u00edch th\u1eddi trang c\u1ed5 \u0111i\u1ec3n m\u00e0 v\u1eabn mu\u1ed1n n\u1ed5i b\u1eadt. V\u1edbi h\u1ecda ti\u1ebft k\u1ebb s\u1ecdc \u0111\u1eb7c tr\u01b0ng, ch\u1ea5t li\u1ec7u cao c\u1ea5p v\u00e0 thi\u1ebft k\u1ebf ch\u1eafc ch\u1eafn, chi\u1ebfc t\u00fai n\u00e0y l\u00fd t\u01b0\u1edfng \u0111\u1ec3 s\u1eed d\u1ee5ng h\u00e0ng ng\u00e0y ho\u1eb7c nh\u1eefng d\u1ecbp \u0111\u1eb7c bi\u1ec7t.<\/p>\n<p>Th\u00f4ng tin chi ti\u1ebft s\u1ea3n ph\u1ea9m:<br \/>\n\u2022 Ch\u1ea5t li\u1ec7u: V\u1ea3i canvas h\u1ecda ti\u1ebft k\u1ebb s\u1ecdc k\u1ebft h\u1ee3p v\u1edbi da cao c\u1ea5p<br \/>\n\u2022 M\u00e0u s\u1eafc: \u0110\u1ecf \u2013 \u0110en \u2013 Tr\u1eafng v\u1edbi c\u00e1c chi ti\u1ebft da m\u00e0u n\u00e2u nh\u1ea1t<br \/>\n\u2022 K\u00edch th\u01b0\u1edbc: \u0110\u1ee7 r\u1ed9ng r\u00e3i \u0111\u1ec3 mang theo c\u00e1c v\u1eadt d\u1ee5ng c\u00e1 nh\u00e2n, v\u00ed, \u0111i\u1ec7n tho\u1ea1i v\u00e0 c\u00e1c v\u1eadt d\u1ee5ng c\u1ea7n thi\u1ebft<br \/>\n\u2022 Tay c\u1ea7m: Tay c\u1ea7m b\u1eb1ng da ch\u1eafc ch\u1eafn \u0111\u1ec3 c\u1ea7m n\u1eafm tho\u1ea3i m\u00e1i<br \/>\n\u2022 Thi\u1ebft k\u1ebf: H\u00ecnh d\u1ea1ng h\u00ecnh h\u1ed9p tr\u00f2n v\u1edbi c\u00e1c g\u00f3c da \u0111\u01b0\u1ee3c gia c\u1ed1 \u0111\u1ec3 t\u0103ng th\u00eam \u0111\u1ed9 b\u1ec1n v\u00e0 sang tr\u1ecdng<br \/>\n\u2022 Kh\u00f3a k\u00e9o: An to\u00e0n v\u00e0 \u0111\u01b0\u1ee3c thi\u1ebft k\u1ebf t\u1ed1t \u0111\u1ec3 gi\u1eef an to\u00e0n cho \u0111\u1ed3 \u0111\u1ea1c c\u1ee7a b\u1ea1n<\/p>\n<p>K\u00edch th\u01b0\u1edbc: 40&#215;23<\/p>\n<p>&nbsp;<\/p>\n","protected":false},"excerpt":{"rendered":"<p>Chi\u1ebfc t\u00fai trong h\u00ecnh c\u00f3 h\u1ecda ti\u1ebft k\u1ebb s\u1ecdc \u0111\u1ecf \u0111\u1eb7c tr\u01b0ng, k\u1ebft h\u1ee3p v\u1edbi c\u00e1c chi ti\u1ebft da m\u00e0u n\u00e2u nh\u1ea1t. N\u00f3 c\u00f3 h\u00ecnh d\u1ea1ng h\u00ecnh h\u1ed9p tr\u00f2n, tay c\u1ea7m ch\u1eafc ch\u1eafn v\u00e0 c\u00e1c g\u00f3c da \u0111\u01b0\u1ee3c gia c\u1ed1 \u0111\u1ec3 t\u0103ng \u0111\u1ed9 b\u1ec1n. Thi\u1ebft k\u1ebf to\u00e1t l\u00ean phong c\u00e1ch c\u1ed5 \u0111i\u1ec3n, ho\u00e0n h\u1ea3o cho nh\u1eefng ai \u0111\u00e1nh gi\u00e1 cao s\u1ef1 sang tr\u1ecdng v\u00e0 th\u1eddi trang.<\/p>\n","protected":false},"featured_media":916,"comment_status":"open","ping_status":"closed","template":"","meta":{"inline_featured_image":false},"product_brand":[],"product_cat":[36],"product_tag":[],"class_list":{"0":"post-4306","1":"product","2":"type-product","3":"status-publish","4":"has-post-thumbnail","6":"product_cat-tui-xach","8":"first","9":"outofstock","10":"shipping-taxable","11":"purchasable","12":"product-type-simple"},"acf":[],"_links":{"self":[{"href":"https:\/\/tynivintage.com\/vi\/wp-json\/wp\/v2\/product\/4306","targetHints":{"allow":["GET"]}}],"collection":[{"href":"https:\/\/tynivintage.com\/vi\/wp-json\/wp\/v2\/product"}],"about":[{"href":"https:\/\/tynivintage.com\/vi\/wp-json\/wp\/v2\/types\/product"}],"replies":[{"embeddable":true,"href":"https:\/\/tynivintage.com\/vi\/wp-json\/wp\/v2\/comments?post=4306"}],"wp:featuredmedia":[{"embeddable":true,"href":"https:\/\/tynivintage.com\/vi\/wp-json\/wp\/v2\/media\/916"}],"wp:attachment":[{"href":"https:\/\/tynivintage.com\/vi\/wp-json\/wp\/v2\/media?parent=4306"}],"wp:term":[{"taxonomy":"product_brand","embeddable":true,"href":"https:\/\/tynivintage.com\/vi\/wp-json\/wp\/v2\/product_brand?post=4306"},{"taxonomy":"product_cat","embeddable":true,"href":"https:\/\/tynivintage.com\/vi\/wp-json\/wp\/v2\/product_cat?post=4306"},{"taxonomy":"product_tag","embeddable":true,"href":"https:\/\/tynivintage.com\/vi\/wp-json\/wp\/v2\/product_tag?post=4306"}],"curies":[{"name":"wp","href":"https:\/\/api.w.org\/{rel}","templated":true}]}}