{"id":4292,"date":"2025-01-15T22:30:12","date_gmt":"2025-03-15T12:26:15","guid":{"rendered":"https:\/\/tynivintage.com\/?post_type=product&#038;p=4292"},"modified":"2025-03-15T19:27:19","modified_gmt":"2025-03-15T12:27:19","slug":"tui-salvatore-ferragamo","status":"publish","type":"product","link":"https:\/\/tynivintage.com\/vi\/san-pham\/tui-salvatore-ferragamo\/","title":{"rendered":"T\u00fai Salvatore Ferragamo"},"content":{"rendered":"<p>T\u00daI X\u00c1CH B\u1eb0NG DA KIM LO\u1ea0I &#8211; THANH L\u1ecaCH V\u00c0 SANG TR\u1eccNG<\/p>\n<p>M\u00f4 t\u1ea3 S\u1ea3n ph\u1ea9m:<\/p>\n<p>Chi\u1ebfc t\u00fai x\u00e1ch b\u1eb1ng da v\u00e0ng kim lo\u1ea1i cao c\u1ea5p n\u00e0y l\u00e0 s\u1ef1 l\u1ef1a ch\u1ecdn ho\u00e0n h\u1ea3o cho nh\u1eefng ai y\u00eau th\u00edch s\u1ef1 sang tr\u1ecdng v\u00e0 tinh t\u1ebf. \u0110\u01b0\u1ee3c l\u00e0m t\u1eeb da m\u1ec1m, ch\u1ea5t l\u01b0\u1ee3ng cao v\u1edbi thi\u1ebft k\u1ebf tinh t\u1ebf v\u00e0 m\u00f3c c\u00e0i kim lo\u1ea1i n\u1ed5i b\u1eadt, chi\u1ebfc t\u00fai n\u00e0y l\u00fd t\u01b0\u1edfng \u0111\u1ec3 s\u1eed d\u1ee5ng h\u00e0ng ng\u00e0y ho\u1eb7c nh\u1eefng d\u1ecbp \u0111\u1eb7c bi\u1ec7t.<\/p>\n<p>Th\u00f4ng tin chi ti\u1ebft s\u1ea3n ph\u1ea9m:<\/p>\n<p>\u2022 Ch\u1ea5t li\u1ec7u: Da th\u1eadt cao c\u1ea5p v\u1edbi k\u1ebft c\u1ea5u v\u00e2n t\u1ef1 nhi\u00ean<\/p>\n<p>\u2022 M\u00e0u s\u1eafc: V\u00e0ng kim lo\u1ea1i sang tr\u1ecdng<\/p>\n<p>\u2022 K\u00edch th\u01b0\u1edbc: \u0110\u1ee7 r\u1ed9ng r\u00e3i \u0111\u1ec3 \u0111\u1ef1ng c\u00e1c v\u1eadt d\u1ee5ng c\u00e1 nh\u00e2n nh\u01b0 v\u00ed, \u0111i\u1ec7n tho\u1ea1i, m\u1ef9 ph\u1ea9m, v.v.<\/p>\n<p>\u2022 Tay c\u1ea7m: Tay c\u1ea7m b\u1eb1ng da ch\u1eafc ch\u1eafn \u0111\u1ec3 c\u1ea7m n\u1eafm tho\u1ea3i m\u00e1i<\/p>\n<p>\u2022 \u0110\u00f3ng c\u1eeda: M\u00f3c c\u00e0i kim lo\u1ea1i cao c\u1ea5p t\u1ea1o th\u00eam n\u00e9t tinh t\u1ebf<\/p>\n<p>\u2022 Kh\u0103n: M\u1ed9t ng\u0103n ch\u00ednh l\u1edbn v\u1edbi c\u00e1c t\u00fai b\u1ed5 sung \u0111\u1ec3 s\u1eafp x\u1ebfp t\u1ed1t h\u01a1n<\/p>\n","protected":false},"excerpt":{"rendered":"<p>Chi\u1ebfc t\u00fai trong h\u00ecnh c\u00f3 thi\u1ebft k\u1ebf sang tr\u1ecdng v\u1edbi da v\u00e0ng kim lo\u1ea1i cao c\u1ea5p. N\u00f3 c\u00f3 h\u00ecnh d\u00e1ng m\u1ec1m m\u1ea1i, thanh l\u1ecbch, tay c\u1ea7m ch\u1eafc ch\u1eafn v\u00e0 m\u00f3c c\u00e0i kim lo\u1ea1i n\u1ed5i b\u1eadt \u1edf m\u1eb7t tr\u01b0\u1edbc. \u0110\u00e2y l\u00e0 s\u1ef1 l\u1ef1a ch\u1ecdn ho\u00e0n h\u1ea3o cho nh\u1eefng ai \u0111\u00e1nh gi\u00e1 cao phong c\u00e1ch tinh t\u1ebf v\u00e0 \u0111\u1eb3ng c\u1ea5p.<\/p>\n","protected":false},"featured_media":928,"comment_status":"open","ping_status":"closed","template":"","meta":{"inline_featured_image":false},"product_brand":[],"product_cat":[36],"product_tag":[],"class_list":{"0":"post-4292","1":"product","2":"type-product","3":"status-publish","4":"has-post-thumbnail","6":"product_cat-tui-xach","8":"first","9":"instock","10":"shipping-taxable","11":"purchasable","12":"product-type-simple"},"acf":[],"_links":{"self":[{"href":"https:\/\/tynivintage.com\/vi\/wp-json\/wp\/v2\/product\/4292","targetHints":{"allow":["GET"]}}],"collection":[{"href":"https:\/\/tynivintage.com\/vi\/wp-json\/wp\/v2\/product"}],"about":[{"href":"https:\/\/tynivintage.com\/vi\/wp-json\/wp\/v2\/types\/product"}],"replies":[{"embeddable":true,"href":"https:\/\/tynivintage.com\/vi\/wp-json\/wp\/v2\/comments?post=4292"}],"wp:featuredmedia":[{"embeddable":true,"href":"https:\/\/tynivintage.com\/vi\/wp-json\/wp\/v2\/media\/928"}],"wp:attachment":[{"href":"https:\/\/tynivintage.com\/vi\/wp-json\/wp\/v2\/media?parent=4292"}],"wp:term":[{"taxonomy":"product_brand","embeddable":true,"href":"https:\/\/tynivintage.com\/vi\/wp-json\/wp\/v2\/product_brand?post=4292"},{"taxonomy":"product_cat","embeddable":true,"href":"https:\/\/tynivintage.com\/vi\/wp-json\/wp\/v2\/product_cat?post=4292"},{"taxonomy":"product_tag","embeddable":true,"href":"https:\/\/tynivintage.com\/vi\/wp-json\/wp\/v2\/product_tag?post=4292"}],"curies":[{"name":"wp","href":"https:\/\/api.w.org\/{rel}","templated":true}]}}