{"id":4285,"date":"2025-01-15T23:14:46","date_gmt":"2025-03-15T12:22:04","guid":{"rendered":"https:\/\/tynivintage.com\/?post_type=product&#038;p=4285"},"modified":"2025-03-15T19:22:04","modified_gmt":"2025-03-15T12:22:04","slug":"vi-coach-mau-nau-den","status":"publish","type":"product","link":"https:\/\/tynivintage.com\/vi\/san-pham\/vi-coach-mau-nau-den\/","title":{"rendered":"V\u00ed coach m\u00e0u n\u00e2u \u0111en"},"content":{"rendered":"<p>V\u00ed Coach Signature Accordion &#8211; Thanh l\u1ecbch v\u00e0 thi\u1ebft th\u1ef1c Th\u01b0\u01a1ng hi\u1ec7u: Coach Ch\u1ea5t li\u1ec7u: V\u1ea3i tr\u00e1ng k\u1ebft h\u1ee3p v\u1edbi da th\u1eadt M\u00e0u s\u1eafc: T\u00f4ng m\u00e0u n\u00e2u v\u00e0 \u0111en tinh t\u1ebf K\u00edch th\u01b0\u1edbc: 10 x 20 cm (r\u1ed9ng x d\u00e0i) Thi\u1ebft k\u1ebf n\u1ed5i b\u1eadt: Coach &#8220;C&#8221; mang t\u00ednh bi\u1ec3u t\u01b0\u1ee3ng H\u1ecda ti\u1ebft \u0111\u1eb7c tr\u01b0ng Vi\u1ec1n da \u0111en t\u1ea1o th\u00eam n\u00e9t tinh t\u1ebf Kh\u00f3a k\u00e9o m\u01b0\u1ee3t m\u00e0 v\u00e0 an to\u00e0n \u0111\u1ec3 t\u0103ng c\u01b0\u1eddng b\u1ea3o v\u1ec7 T\u00ednh n\u0103ng ch\u1ee9c n\u0103ng: Nhi\u1ec1u ng\u0103n \u0111\u1ef1ng th\u1ebb, ti\u1ec1n m\u1eb7t v\u00e0 t\u00e0i li\u1ec7u Ng\u0103n ch\u00ednh r\u1ed9ng r\u00e3i, ph\u00f9 h\u1ee3p v\u1edbi \u0111i\u1ec7n tho\u1ea1i c\u1ee1 nh\u1ecf L\u00fd t\u01b0\u1edfng \u0111\u1ec3 s\u1eed d\u1ee5ng h\u00e0ng ng\u00e0y ho\u1eb7c l\u00e0m qu\u00e0 t\u1eb7ng sang tr\u1ecdng V\u00ed Coach Signature Accordion to\u00e1t l\u00ean s\u1ef1 sang tr\u1ecdng v\u00e0 linh ho\u1ea1t, khi\u1ebfn n\u00f3 tr\u1edf th\u00e0nh m\u1ed9t ph\u1ee5 ki\u1ec7n ho\u00e0n h\u1ea3o cho m\u1ecdi phong c\u00e1ch.<\/p>\n","protected":false},"excerpt":{"rendered":"<p>V\u00ed Coach Signature Accordion &#8211; \u0110\u01b0\u1ee3c ch\u1ebf t\u00e1c t\u1eeb v\u1ea3i b\u1ea1t v\u00e0 da tr\u00e1ng cao c\u1ea5p v\u1edbi t\u00f4ng m\u00e0u n\u00e2u \u0111en c\u1ed5 \u0111i\u1ec3n. C\u00f3 h\u1ecda ti\u1ebft ch\u1eef &#8220;C&#8221; \u0111\u1eb7c tr\u01b0ng, kh\u00f3a k\u00e9o xung quanh, nhi\u1ec1u khe c\u1eafm th\u1ebb v\u00e0 n\u1ed9i th\u1ea5t r\u1ed9ng r\u00e3i \u0111\u1ec3 \u0111\u1ef1ng ti\u1ec1n m\u1eb7t v\u00e0 c\u00e1c nhu y\u1ebfu ph\u1ea9m. M\u1ed9t s\u1ef1 l\u1ef1a ch\u1ecdn ki\u1ec3u d\u00e1ng \u0111\u1eb9p v\u00e0 phong c\u00e1ch!<\/p>\n","protected":false},"featured_media":1804,"comment_status":"open","ping_status":"closed","template":"","meta":{"inline_featured_image":false},"product_brand":[],"product_cat":[48],"product_tag":[],"class_list":{"0":"post-4285","1":"product","2":"type-product","3":"status-publish","4":"has-post-thumbnail","6":"product_cat-vi","8":"first","9":"outofstock","10":"shipping-taxable","11":"purchasable","12":"product-type-simple"},"acf":[],"_links":{"self":[{"href":"https:\/\/tynivintage.com\/vi\/wp-json\/wp\/v2\/product\/4285","targetHints":{"allow":["GET"]}}],"collection":[{"href":"https:\/\/tynivintage.com\/vi\/wp-json\/wp\/v2\/product"}],"about":[{"href":"https:\/\/tynivintage.com\/vi\/wp-json\/wp\/v2\/types\/product"}],"replies":[{"embeddable":true,"href":"https:\/\/tynivintage.com\/vi\/wp-json\/wp\/v2\/comments?post=4285"}],"wp:featuredmedia":[{"embeddable":true,"href":"https:\/\/tynivintage.com\/vi\/wp-json\/wp\/v2\/media\/1804"}],"wp:attachment":[{"href":"https:\/\/tynivintage.com\/vi\/wp-json\/wp\/v2\/media?parent=4285"}],"wp:term":[{"taxonomy":"product_brand","embeddable":true,"href":"https:\/\/tynivintage.com\/vi\/wp-json\/wp\/v2\/product_brand?post=4285"},{"taxonomy":"product_cat","embeddable":true,"href":"https:\/\/tynivintage.com\/vi\/wp-json\/wp\/v2\/product_cat?post=4285"},{"taxonomy":"product_tag","embeddable":true,"href":"https:\/\/tynivintage.com\/vi\/wp-json\/wp\/v2\/product_tag?post=4285"}],"curies":[{"name":"wp","href":"https:\/\/api.w.org\/{rel}","templated":true}]}}