{"id":4265,"date":"2025-03-04T23:41:52","date_gmt":"2025-03-15T12:16:52","guid":{"rendered":"https:\/\/tynivintage.com\/?post_type=product&#038;p=4265"},"modified":"2025-03-15T19:16:53","modified_gmt":"2025-03-15T12:16:53","slug":"tui-xach-cattail-da-caiman-mau-nau","status":"publish","type":"product","link":"https:\/\/tynivintage.com\/vi\/san-pham\/tui-xach-cattail-da-caiman-mau-nau\/","title":{"rendered":"T\u00fai x\u00e1ch Cattail da Caiman m\u00e0u n\u00e2u"},"content":{"rendered":"<p>T\u00daI X\u00c1CH ROYAL CROCO \u2013 SANG TR\u1eccNG V\u00c0 THANH L\u1ecaCH<\/p>\n<p>1. V\u1eadt li\u1ec7u cao c\u1ea5p<br \/>\n\u2022 \u0110\u01b0\u1ee3c ch\u1ebf t\u00e1c t\u1eeb da c\u00e1 s\u1ea5u th\u1eadt, n\u1ed5i b\u1eadt v\u1edbi c\u00e1c h\u1ecda ti\u1ebft t\u1ef1 nhi\u00ean \u0111\u1ed9c \u0111\u00e1o to\u00e1t l\u00ean s\u1ef1 tinh t\u1ebf v\u00e0 \u0111\u1eb3ng c\u1ea5p.<br \/>\n\u2022 \u0110\u01b0\u1ee3c x\u1eed l\u00fd chuy\u00ean nghi\u1ec7p v\u1ec1 \u0111\u1ed9 b\u1ec1n, \u0111\u1ea3m b\u1ea3o da tr\u1edf n\u00ean \u0111\u1eb9p h\u01a1n khi s\u1eed d\u1ee5ng.<br \/>\n\u2022 Khung c\u00f3 c\u1ea5u tr\u00fac ch\u1eafc ch\u1eafn \u0111\u1ec3 duy tr\u00ec h\u00ecnh d\u1ea1ng ho\u00e0n h\u1ea3o theo th\u1eddi gian.<\/p>\n<p>2. Thi\u1ebft k\u1ebf tinh t\u1ebf v\u00e0 \u0111\u1ed9c \u0111\u00e1o<br \/>\n\u2022 Phong c\u00e1ch: Thanh l\u1ecbch v\u00e0 sang tr\u1ecdng, ph\u00f9 h\u1ee3p v\u1edbi c\u1ea3 nh\u1eefng ng\u01b0\u1eddi y\u00eau th\u00edch th\u1eddi trang c\u1ed5 \u0111i\u1ec3n v\u00e0 hi\u1ec7n \u0111\u1ea1i.<br \/>\n\u2022 K\u1ebft h\u1ee3p m\u00e0u s\u1eafc: S\u1ef1 pha tr\u1ed9n n\u1ed5i b\u1eadt gi\u1eefa n\u00e2u s\u1eabm v\u00e0 n\u00e2u nh\u1ea1t, t\u1ea1o th\u00eam n\u00e9t \u0111\u1eb7c bi\u1ec7t.<br \/>\n\u2022 Tay c\u1ea7m: \u0110\u01b0\u1ee3c b\u1ecdc trong da c\u00e1 s\u1ea5u ph\u00f9 h\u1ee3p, mang l\u1ea1i c\u1ea3m gi\u00e1c c\u1ea7m n\u1eafm tho\u1ea3i m\u00e1i v\u00e0 ch\u1eafc ch\u1eafn.<br \/>\n\u2022 \u0110\u00f3ng c\u1eeda: Khung kim lo\u1ea1i b\u1ec1n \u0111\u1ec3 \u0111\u00f3ng m\u1edf d\u1ec5 d\u00e0ng, \u0111\u1ea3m b\u1ea3o \u0111\u1ed3 \u0111\u1ea1c c\u1ee7a b\u1ea1n lu\u00f4n an to\u00e0n.<\/p>\n<p>3. K\u00edch th\u01b0\u1edbc v\u00e0 ch\u1ee9c n\u0103ng<br \/>\n\u2022 Ng\u0103n ch\u00ednh r\u1ed9ng r\u00e3i ch\u1ee9a c\u00e1c v\u1eadt d\u1ee5ng c\u1ea7n thi\u1ebft nh\u01b0 \u0111i\u1ec7n tho\u1ea1i, v\u00ed, m\u1ef9 ph\u1ea9m, s\u1ed5 tay v\u00e0 v\u1eadt d\u1ee5ng c\u00e1 nh\u00e2n.<br \/>\n\u2022 T\u00fai nh\u1ecf b\u1ed5 sung \u0111\u1ec3 t\u1ed5 ch\u1ee9c t\u1ed1t h\u01a1n<\/p>\n<p>&nbsp;<\/p>\n<p>4. Phong c\u00e1ch &amp; T\u00ednh linh ho\u1ea1t<br \/>\n\u2022 \u0110\u01b0\u1ee3c thi\u1ebft k\u1ebf cho nh\u1eefng ng\u01b0\u1eddi \u0111\u00e1nh gi\u00e1 cao s\u1ef1 sang tr\u1ecdng, tinh t\u1ebf v\u00e0 uy t\u00edn. \u2022 Ho\u00e0n h\u1ea3o cho c\u00e1c s\u1ef1 ki\u1ec7n, ti\u1ec7c t\u00f9ng, cu\u1ed9c h\u1ecdp kinh doanh v\u00e0 s\u1eed d\u1ee5ng chuy\u00ean nghi\u1ec7p h\u00e0ng ng\u00e0y. \u2022 D\u1ec5 d\u00e0ng k\u1ebft h\u1ee3p v\u1edbi trang ph\u1ee5c sang tr\u1ecdng, bao g\u1ed3m v\u00e1y d\u1ea1 h\u1ed9i, b\u1ed9 vest c\u00f4ng s\u1edf ho\u1eb7c th\u1eddi trang cao c\u1ea5p.<\/p>\n","protected":false},"excerpt":{"rendered":"<p>T\u00fai x\u00e1ch da c\u00e1 s\u1ea5u cao c\u1ea5p \u2013 Thi\u1ebft k\u1ebf sang tr\u1ecdng \u0111\u01b0\u1ee3c ch\u1ebf t\u00e1c t\u1eeb da c\u00e1 s\u1ea5u th\u1eadt v\u1edbi hoa v\u0103n t\u1ef1 nhi\u00ean \u0111\u1ed9c \u0111\u00e1o. S\u1ef1 k\u1ebft h\u1ee3p gi\u1eefa t\u00f4ng m\u00e0u n\u00e2u s\u1eabm v\u00e0 n\u00e2u nh\u1ea1t t\u1ea1o ra s\u1ef1 t\u01b0\u01a1ng ph\u1ea3n n\u1ed5i b\u1eadt. V\u1edbi h\u00ecnh d\u00e1ng thanh l\u1ecbch, tay c\u1ea7m ch\u1eafc ch\u1eafn v\u00e0 khung c\u00f3 c\u1ea5u tr\u00fac \u0111\u1ec3 duy tr\u00ec h\u00ecnh d\u1ea1ng ho\u00e0n h\u1ea3o c\u1ee7a n\u00f3. L\u00fd t\u01b0\u1edfng cho nh\u1eefng ai \u0111\u00e1nh gi\u00e1 cao phong c\u00e1ch c\u1ed5 \u0111i\u1ec3n v\u00e0 tinh t\u1ebf, ho\u00e0n h\u1ea3o cho c\u00e1c s\u1ef1 ki\u1ec7n, ti\u1ec7c t\u00f9ng ho\u1eb7c s\u1eed d\u1ee5ng kinh doanh h\u00e0ng ng\u00e0y.<\/p>\n","protected":false},"featured_media":2086,"comment_status":"open","ping_status":"closed","template":"","meta":{"inline_featured_image":false},"product_brand":[],"product_cat":[36],"product_tag":[],"class_list":{"0":"post-4265","1":"product","2":"type-product","3":"status-publish","4":"has-post-thumbnail","6":"product_cat-tui-xach","8":"first","9":"outofstock","10":"shipping-taxable","11":"purchasable","12":"product-type-simple"},"acf":[],"_links":{"self":[{"href":"https:\/\/tynivintage.com\/vi\/wp-json\/wp\/v2\/product\/4265","targetHints":{"allow":["GET"]}}],"collection":[{"href":"https:\/\/tynivintage.com\/vi\/wp-json\/wp\/v2\/product"}],"about":[{"href":"https:\/\/tynivintage.com\/vi\/wp-json\/wp\/v2\/types\/product"}],"replies":[{"embeddable":true,"href":"https:\/\/tynivintage.com\/vi\/wp-json\/wp\/v2\/comments?post=4265"}],"wp:featuredmedia":[{"embeddable":true,"href":"https:\/\/tynivintage.com\/vi\/wp-json\/wp\/v2\/media\/2086"}],"wp:attachment":[{"href":"https:\/\/tynivintage.com\/vi\/wp-json\/wp\/v2\/media?parent=4265"}],"wp:term":[{"taxonomy":"product_brand","embeddable":true,"href":"https:\/\/tynivintage.com\/vi\/wp-json\/wp\/v2\/product_brand?post=4265"},{"taxonomy":"product_cat","embeddable":true,"href":"https:\/\/tynivintage.com\/vi\/wp-json\/wp\/v2\/product_cat?post=4265"},{"taxonomy":"product_tag","embeddable":true,"href":"https:\/\/tynivintage.com\/vi\/wp-json\/wp\/v2\/product_tag?post=4265"}],"curies":[{"name":"wp","href":"https:\/\/api.w.org\/{rel}","templated":true}]}}