{"id":4231,"date":"2025-03-06T00:02:17","date_gmt":"2025-03-15T11:48:33","guid":{"rendered":"https:\/\/tynivintage.com\/?post_type=product&#038;p=4231"},"modified":"2025-03-15T18:48:33","modified_gmt":"2025-03-15T11:48:33","slug":"tui-tote-dap-noi-bang-da-coach-patent","status":"publish","type":"product","link":"https:\/\/tynivintage.com\/vi\/san-pham\/tui-tote-dap-noi-bang-da-coach-patent\/","title":{"rendered":"T\u00fai tote d\u1eadp n\u1ed5i b\u1eb1ng da Coach Patent"},"content":{"rendered":"<p>T\u00fai x\u00e1ch b\u1eb1ng da b\u1eb1ng s\u00e1ng ch\u1ebf d\u1eadp n\u1ed5i m\u00e0u \u0111\u1ecf Coach &#8211; Thanh l\u1ecbch v\u00e0 phong c\u00e1ch N\u00e2ng c\u1ea5p b\u1ed9 s\u01b0u t\u1eadp c\u1ee7a b\u1ea1n v\u1edbi chi\u1ebfc t\u00fai x\u00e1ch b\u1eb1ng da b\u1eb1ng s\u00e1ng ch\u1ebf m\u00e0u \u0111\u1ecf Coach tuy\u1ec7t \u0111\u1eb9p n\u00e0y, c\u00f3 hoa v\u0103n d\u1eadp n\u1ed5i b\u1eaft m\u1eaft. Chi\u1ebfc t\u00fai n\u00e0y \u0111\u01b0\u1ee3c thi\u1ebft k\u1ebf \u0111\u1ec3 t\u1ea1o n\u00ean m\u1ed9t tuy\u00ean b\u1ed1 v\u1edbi l\u1edbp ho\u00e0n thi\u1ec7n b\u00f3ng b\u1ea9y v\u00e0 c\u00e1c chi ti\u1ebft thanh l\u1ecbch. T\u00ednh n\u0103ng s\u1ea3n ph\u1ea9m: \u2022 Ch\u1ea5t li\u1ec7u: Da b\u1eb1ng s\u00e1ng ch\u1ebf cao c\u1ea5p v\u1edbi h\u1ecda ti\u1ebft ch\u1eef k\u00fd Coach d\u1eadp n\u1ed5i sang tr\u1ecdng. \u2022 M\u00e0u s\u1eafc: M\u00e0u \u0111\u1ecf \u0111\u1eadm v\u00e0 r\u1ef1c r\u1ee1, ho\u00e0n h\u1ea3o \u0111\u1ec3 th\u00eam m\u00e0u s\u1eafc n\u1ed5i b\u1eadt cho b\u1ea5t k\u1ef3 trang ph\u1ee5c n\u00e0o. \u2022 D\u00e2y \u0111ai: Tay c\u1ea7m b\u1eb1ng da m\u00e0u v\u00e0ng t\u01b0\u01a1ng ph\u1ea3n v\u1edbi ph\u1ea7n c\u1ee9ng t\u00f4ng m\u00e0u b\u1ea1c, mang l\u1ea1i c\u1ea3m gi\u00e1c c\u1ea7m n\u1eafm phong c\u00e1ch v\u00e0 tho\u1ea3i m\u00e1i. \u2022 \u0110\u00f3ng c\u1eeda: Kh\u00f3a k\u00e9o tr\u00ean c\u00f9ng an to\u00e0n \u0111\u1ec3 gi\u1eef an to\u00e0n cho c\u00e1c v\u1eadt d\u1ee5ng c\u1ea7n thi\u1ebft c\u1ee7a b\u1ea1n. \u2022 T\u00fai tr\u01b0\u1edbc: T\u00fai n\u1eafp ph\u00eda tr\u01b0\u1edbc ti\u1ec7n l\u1ee3i v\u1edbi kh\u00f3a xoay \u0111\u1ec3 d\u1ec5 d\u00e0ng l\u1ea5y c\u00e1c v\u1eadt d\u1ee5ng th\u01b0\u1eddng d\u00f9ng. \u2022 N\u1ed9i th\u1ea5t: R\u1ed9ng r\u00e3i v\u00e0 c\u00f3 l\u00f3t \u0111\u1ea7y \u0111\u1ee7 v\u1edbi nhi\u1ec1u ng\u0103n \u0111\u1ec3 t\u1ed5 ch\u1ee9c t\u1ed1t h\u01a1n. \u2022 K\u00edch th\u01b0\u1edbc: Nh\u1ecf g\u1ecdn nh\u01b0ng r\u1ed9ng r\u00e3i, l\u00fd t\u01b0\u1edfng cho vi\u1ec7c s\u1eed d\u1ee5ng h\u00e0ng ng\u00e0y, l\u00e0m vi\u1ec7c ho\u1eb7c \u0111i ch\u01a1i b\u00ecnh th\u01b0\u1eddng. \u2022 Ph\u1ee5 ki\u1ec7n: \u0110i k\u00e8m v\u1edbi th\u1ebb da Coach k\u00e8m theo v\u00e0 c\u1eeda h\u00e0ng h\u00ecnh n\u01a1 \u0111\u1eb7c tr\u01b0ng<\/p>\n<p>Size: 30&#215;20<\/p>\n","protected":false},"excerpt":{"rendered":"<p>M\u1ed9t chi\u1ebfc t\u00fai x\u00e1ch m\u00e0u \u0111\u1ecf b\u00f3ng v\u1edbi hoa v\u0103n d\u1eadp n\u1ed5i sang tr\u1ecdng, n\u1ed5i b\u1eadt b\u1edfi d\u00e2y \u0111eo b\u1eb1ng da m\u00e0u v\u00e0ng thanh l\u1ecbch \u0111\u1ec3 t\u1ea1o s\u1ef1 t\u01b0\u01a1ng ph\u1ea3n tinh t\u1ebf. Thi\u1ebft k\u1ebf nh\u1ecf g\u1ecdn nh\u01b0ng ti\u1ec7n d\u1ee5ng c\u00f3 t\u00fai ph\u00eda tr\u01b0\u1edbc v\u1edbi kh\u00f3a xoay b\u1eb1ng kim lo\u1ea1i s\u00e1ng b\u00f3ng. Ho\u00e0n h\u1ea3o cho nh\u1eefng ai y\u00eau th\u00edch phong c\u00e1ch t\u00e1o b\u1ea1o nh\u01b0ng tinh t\u1ebf, d\u1ec5 d\u00e0ng k\u1ebft h\u1ee3p v\u1edbi nhi\u1ec1u lo\u1ea1i trang ph\u1ee5c kh\u00e1c nhau.<\/p>\n","protected":false},"featured_media":2206,"comment_status":"open","ping_status":"closed","template":"","meta":{"inline_featured_image":false},"product_brand":[],"product_cat":[36],"product_tag":[],"class_list":{"0":"post-4231","1":"product","2":"type-product","3":"status-publish","4":"has-post-thumbnail","6":"product_cat-tui-xach","8":"first","9":"outofstock","10":"shipping-taxable","11":"purchasable","12":"product-type-simple"},"acf":[],"_links":{"self":[{"href":"https:\/\/tynivintage.com\/vi\/wp-json\/wp\/v2\/product\/4231","targetHints":{"allow":["GET"]}}],"collection":[{"href":"https:\/\/tynivintage.com\/vi\/wp-json\/wp\/v2\/product"}],"about":[{"href":"https:\/\/tynivintage.com\/vi\/wp-json\/wp\/v2\/types\/product"}],"replies":[{"embeddable":true,"href":"https:\/\/tynivintage.com\/vi\/wp-json\/wp\/v2\/comments?post=4231"}],"wp:featuredmedia":[{"embeddable":true,"href":"https:\/\/tynivintage.com\/vi\/wp-json\/wp\/v2\/media\/2206"}],"wp:attachment":[{"href":"https:\/\/tynivintage.com\/vi\/wp-json\/wp\/v2\/media?parent=4231"}],"wp:term":[{"taxonomy":"product_brand","embeddable":true,"href":"https:\/\/tynivintage.com\/vi\/wp-json\/wp\/v2\/product_brand?post=4231"},{"taxonomy":"product_cat","embeddable":true,"href":"https:\/\/tynivintage.com\/vi\/wp-json\/wp\/v2\/product_cat?post=4231"},{"taxonomy":"product_tag","embeddable":true,"href":"https:\/\/tynivintage.com\/vi\/wp-json\/wp\/v2\/product_tag?post=4231"}],"curies":[{"name":"wp","href":"https:\/\/api.w.org\/{rel}","templated":true}]}}