{"id":4216,"date":"2025-03-06T00:06:11","date_gmt":"2025-03-15T11:41:59","guid":{"rendered":"https:\/\/tynivintage.com\/?post_type=product&#038;p=4216"},"modified":"2025-03-15T18:41:59","modified_gmt":"2025-03-15T11:41:59","slug":"tui-tote-coach-signature","status":"publish","type":"product","link":"https:\/\/tynivintage.com\/vi\/san-pham\/tui-tote-coach-signature\/","title":{"rendered":"T\u00fai tote Coach Signature"},"content":{"rendered":"<p>&#x2728; M\u00f4 t\u1ea3 S\u1ea3n ph\u1ea9m: T\u00fai tote Coach Signature l\u00e0 s\u1ef1 k\u1ebft h\u1ee3p ho\u00e0n h\u1ea3o gi\u1eefa s\u1ef1 sang tr\u1ecdng v\u00e0 thi\u1ebft th\u1ef1c. V\u1edbi v\u1ea3i b\u1ea1t monogram \u0111\u1eb7c tr\u01b0ng c\u1ee7a th\u01b0\u01a1ng hi\u1ec7u v\u00e0 ph\u1ea7n d\u01b0\u1edbi b\u1eb1ng kim lo\u1ea1i l\u1ea5p l\u00e1nh, chi\u1ebfc t\u00fai tote n\u00e0y t\u1ea1o th\u00eam n\u00e9t tinh t\u1ebf cho b\u1ea5t k\u1ef3 trang ph\u1ee5c n\u00e0o.<\/p>\n<p>&#x1f539; Ch\u1ea5t li\u1ec7u: V\u1ea3i monogram ch\u1ea5t l\u01b0\u1ee3ng cao v\u1edbi \u0111\u1ebf ho\u00e0n thi\u1ec7n kim lo\u1ea1i b\u1ec1n<\/p>\n<p>&#x1f539;\u00a0 \u00a0M\u00e0u s\u1eafc: Monogram m\u00e0u be v\u00e0 n\u00e2u v\u1edbi ph\u1ea7n d\u01b0\u1edbi m\u00e0u n\u00e2u s\u1eabm l\u1ea5p l\u00e1nh<\/p>\n<p>&#x1f539;\u00a0 Thi\u1ebft k\u1ebf:<\/p>\n<p>&#x2714;&#xfe0f; Phong c\u00e1ch tote r\u1ed9ng r\u00e3i, l\u00fd t\u01b0\u1edfng \u0111\u1ec3 mang theo nh\u1eefng nhu y\u1ebfu ph\u1ea9m h\u00e0ng ng\u00e0y<\/p>\n<p>&#x2714;&#xfe0f;D\u00e2y \u0111eo vai b\u1eb1ng da ch\u1eafc ch\u1eafn \u0111\u1ec3 m\u1eb7c tho\u1ea3i m\u00e1i<\/p>\n<p>&#x2714;&#xfe0f;\u00a0 Kh\u00f3a k\u00e9o tr\u00ean c\u00f9ng an to\u00e0n \u0111\u1ec3 gi\u1eef \u0111\u1ed3 \u0111\u1ea1c an to\u00e0n<\/p>\n<p>&#x2714;&#xfe0f;Charm th\u1ebb da Iconic Coach quy\u1ebfn r\u0169 \u0111\u1ec3 t\u0103ng th\u00eam n\u00e9t sang tr\u1ecdng<\/p>\n<p>&#x1f539; L\u01b0u tr\u1eef: Ng\u0103n ch\u00ednh l\u1edbn v\u1edbi nhi\u1ec1u t\u00fai \u0111\u1ec3 s\u1eafp x\u1ebfp t\u1ed1t h\u01a1n<\/p>\n<p>&#x1f539;\u00a0 T\u00ecnh tr\u1ea1ng: Tuy\u1ec7t v\u1eddi &#8211; \u0111\u01b0\u1ee3c b\u1ea3o tr\u00ec t\u1ed1t v\u1edbi c\u00e1c d\u1ea5u hi\u1ec7u s\u1eed d\u1ee5ng t\u1ed1i thi\u1ec3u<\/p>\n<p>K\u00edch th\u01b0\u1edbc: 36&#215;23<\/p>\n<p>&#x1f380; T\u00fai tote Coach Signature l\u00e0 th\u1ee9 kh\u00f4ng th\u1ec3 b\u1ecf qua cho nh\u1eefng ai y\u00eau th\u00edch phong c\u00e1ch, c\u00f4ng n\u0103ng v\u00e0 ch\u1ea5t l\u01b0\u1ee3ng.<\/p>\n","protected":false},"excerpt":{"rendered":"<p>Coach Signature Tote c\u00f3 h\u1ecda ti\u1ebft ch\u1eef l\u1ed3ng mang t\u00ednh bi\u1ec3u t\u01b0\u1ee3ng, k\u1ebft h\u1ee3p v\u1edbi ph\u1ea7n d\u01b0\u1edbi b\u1eb1ng kim lo\u1ea1i s\u00e0nh \u0111i\u1ec7u. Thi\u1ebft k\u1ebf r\u1ed9ng r\u00e3i, d\u00e2y \u0111eo vai ch\u1eafc ch\u1eafn v\u00e0 kh\u00f3a k\u00e9o an to\u00e0n khi\u1ebfn n\u00f3 tr\u1edf n\u00ean ho\u00e0n h\u1ea3o cho c\u00f4ng vi\u1ec7c, \u0111i ch\u01a1i b\u00ecnh th\u01b0\u1eddng ho\u1eb7c du l\u1ecbch.<\/p>\n","protected":false},"featured_media":2223,"comment_status":"open","ping_status":"closed","template":"","meta":{"inline_featured_image":false},"product_brand":[],"product_cat":[36],"product_tag":[],"class_list":{"0":"post-4216","1":"product","2":"type-product","3":"status-publish","4":"has-post-thumbnail","6":"product_cat-tui-xach","8":"first","9":"outofstock","10":"shipping-taxable","11":"purchasable","12":"product-type-simple"},"acf":[],"_links":{"self":[{"href":"https:\/\/tynivintage.com\/vi\/wp-json\/wp\/v2\/product\/4216","targetHints":{"allow":["GET"]}}],"collection":[{"href":"https:\/\/tynivintage.com\/vi\/wp-json\/wp\/v2\/product"}],"about":[{"href":"https:\/\/tynivintage.com\/vi\/wp-json\/wp\/v2\/types\/product"}],"replies":[{"embeddable":true,"href":"https:\/\/tynivintage.com\/vi\/wp-json\/wp\/v2\/comments?post=4216"}],"wp:featuredmedia":[{"embeddable":true,"href":"https:\/\/tynivintage.com\/vi\/wp-json\/wp\/v2\/media\/2223"}],"wp:attachment":[{"href":"https:\/\/tynivintage.com\/vi\/wp-json\/wp\/v2\/media?parent=4216"}],"wp:term":[{"taxonomy":"product_brand","embeddable":true,"href":"https:\/\/tynivintage.com\/vi\/wp-json\/wp\/v2\/product_brand?post=4216"},{"taxonomy":"product_cat","embeddable":true,"href":"https:\/\/tynivintage.com\/vi\/wp-json\/wp\/v2\/product_cat?post=4216"},{"taxonomy":"product_tag","embeddable":true,"href":"https:\/\/tynivintage.com\/vi\/wp-json\/wp\/v2\/product_tag?post=4216"}],"curies":[{"name":"wp","href":"https:\/\/api.w.org\/{rel}","templated":true}]}}