{"id":4184,"date":"2025-03-05T15:32:27","date_gmt":"2025-03-14T17:11:34","guid":{"rendered":"https:\/\/tynivintage.com\/?post_type=product&#038;p=4184"},"modified":"2025-03-15T00:11:34","modified_gmt":"2025-03-14T17:11:34","slug":"tui-deo-vai-gherardini-softy","status":"publish","type":"product","link":"https:\/\/tynivintage.com\/vi\/san-pham\/tui-deo-vai-gherardini-softy\/","title":{"rendered":"T\u00fai \u0111eo vai Gherardini Softy"},"content":{"rendered":"<p>C\u00e1c t\u00ednh n\u0103ng ch\u00ednh:<\/p>\n<p>&#x2714; Ch\u1ea5t li\u1ec7u: Nylon m\u00e0u cam b\u00f3ng cao c\u1ea5p, b\u1ec1n v\u00e0 d\u1ec5 lau ch\u00f9i.<br \/>\n&#x2714; Thi\u1ebft k\u1ebf: H\u00ecnh d\u00e1ng hobo r\u1ed9ng r\u00e3i v\u1edbi c\u1ea5u tr\u00fac m\u1ec1m m\u1ea1i, l\u00fd t\u01b0\u1edfng cho c\u00f4ng vi\u1ec7c, \u0111i ch\u01a1i b\u00ecnh th\u01b0\u1eddng v\u00e0 s\u1eed d\u1ee5ng h\u00e0ng ng\u00e0y.<br \/>\n&#x2714; Hoa v\u0103n: H\u1ecda ti\u1ebft d\u1eadp n\u1ed5i t\u1ea1o hi\u1ec7u \u1ee9ng \u0111\u1eb7c bi\u1ec7t v\u00e0 l\u00e0m n\u1ed5i b\u1eadt s\u1ef1 sang tr\u1ecdng c\u1ee7a t\u00fai<br \/>\n&#x2714; D\u00e2y \u0111eo: D\u00e2y \u0111eo da m\u00e0u \u0111en ch\u1eafc ch\u1eafn v\u1edbi v\u00f2ng kim lo\u1ea1i cao c\u1ea5p gi\u00fap t\u0103ng c\u01b0\u1eddng \u0111\u1ed9 b\u1ec1n v\u00e0 sang tr\u1ecdng.<br \/>\n&#x2714; Trang tr\u00ed tr\u1eafng: M\u1ed9t chi ti\u1ebft t\u01b0\u01a1ng ph\u1ea3n tinh t\u1ebf gi\u00fap t\u0103ng s\u1ee9c h\u1ea5p d\u1eabn th\u1ecb gi\u00e1c c\u1ee7a t\u00fai.<br \/>\n&#x2714; Ch\u1ee9c n\u0103ng: Dung l\u01b0\u1ee3ng l\u1edbn, ho\u00e0n h\u1ea3o \u0111\u1ec3 mang theo c\u00e1c v\u1eadt d\u1ee5ng c\u1ea7n thi\u1ebft nh\u01b0 \u0111i\u1ec7n tho\u1ea1i, v\u00ed, m\u1ef9 ph\u1ea9m v\u00e0 t\u00e0i li\u1ec7u nh\u1ecf.\u00a0 \u00a0 \u00a0 \u00a0 \u00a0 \u00a0 \u00a0 \u00a0 \u00a0 \u00a0 \u00a0 \u00a0 \u00a0 \u00a0 \u00a0 \u00a0 \u00a0 \u00a0 \u00a0 \u00a0 \u00a0 \u00a0 \u00a0 \u00a0 \u00a0 \u00a0 \u00a0 \u00a0 \u00a0 \u00a0 \u00a0 \u00a0 \u00a0 \u00a0 \u00a0 \u00a0 \u00a0 \u00a0 \u00a0 \u00a0 \u00a0 \u00a0 \u00a0 \u00a0 \u00a0 \u00a0 \u00a0 \u00a0 \u00a0 \u00a0 \u00a0 \u00a0 \u00a0 \u00a0 \u00a0 \u00a0 \u00a0 \u00a0 \u00a0 \u00a0 \u00a0 \u00a0 \u00a0 \u00a0 \u00a0 \u00a0 \u00a0 K\u00edch th\u01b0\u1edbc: 38x28x18<\/p>\n","protected":false},"excerpt":{"rendered":"<p>Thi\u1ebft k\u1ebf r\u1ed9ng r\u00e3i \u0111\u01b0\u1ee3c ch\u1ebf t\u00e1c t\u1eeb nylon m\u00e0u cam b\u00f3ng v\u1edbi h\u1ecda ti\u1ebft ch\u1eef l\u1ed3ng mang t\u00ednh bi\u1ec3u t\u01b0\u1ee3ng. V\u1edbi vi\u1ec1n tr\u1eafng trang nh\u00e3, d\u00e2y \u0111eo da m\u00e0u \u0111en v\u00e0 c\u00e1c \u0111i\u1ec3m nh\u1ea5n ph\u1ea7n c\u1ee9ng b\u1eb1ng kim lo\u1ea1i. Ho\u00e0n h\u1ea3o cho phong c\u00e1ch sang tr\u1ecdng, n\u0103ng \u0111\u1ed9ng v\u00e0 ph\u00f9 h\u1ee3p cho m\u1ecdi d\u1ecbp.<\/p>\n","protected":false},"featured_media":2149,"comment_status":"open","ping_status":"closed","template":"","meta":{"inline_featured_image":false},"product_brand":[],"product_cat":[36],"product_tag":[],"class_list":{"0":"post-4184","1":"product","2":"type-product","3":"status-publish","4":"has-post-thumbnail","6":"product_cat-tui-xach","8":"first","9":"outofstock","10":"shipping-taxable","11":"purchasable","12":"product-type-simple"},"acf":[],"_links":{"self":[{"href":"https:\/\/tynivintage.com\/vi\/wp-json\/wp\/v2\/product\/4184","targetHints":{"allow":["GET"]}}],"collection":[{"href":"https:\/\/tynivintage.com\/vi\/wp-json\/wp\/v2\/product"}],"about":[{"href":"https:\/\/tynivintage.com\/vi\/wp-json\/wp\/v2\/types\/product"}],"replies":[{"embeddable":true,"href":"https:\/\/tynivintage.com\/vi\/wp-json\/wp\/v2\/comments?post=4184"}],"wp:featuredmedia":[{"embeddable":true,"href":"https:\/\/tynivintage.com\/vi\/wp-json\/wp\/v2\/media\/2149"}],"wp:attachment":[{"href":"https:\/\/tynivintage.com\/vi\/wp-json\/wp\/v2\/media?parent=4184"}],"wp:term":[{"taxonomy":"product_brand","embeddable":true,"href":"https:\/\/tynivintage.com\/vi\/wp-json\/wp\/v2\/product_brand?post=4184"},{"taxonomy":"product_cat","embeddable":true,"href":"https:\/\/tynivintage.com\/vi\/wp-json\/wp\/v2\/product_cat?post=4184"},{"taxonomy":"product_tag","embeddable":true,"href":"https:\/\/tynivintage.com\/vi\/wp-json\/wp\/v2\/product_tag?post=4184"}],"curies":[{"name":"wp","href":"https:\/\/api.w.org\/{rel}","templated":true}]}}