{"id":4151,"date":"2025-01-15T15:09:27","date_gmt":"2025-03-14T16:59:45","guid":{"rendered":"https:\/\/tynivintage.com\/?post_type=product&#038;p=4151"},"modified":"2025-03-14T23:59:45","modified_gmt":"2025-03-14T16:59:45","slug":"tui-xach-da-coach-legacy","status":"publish","type":"product","link":"https:\/\/tynivintage.com\/vi\/san-pham\/tui-xach-da-coach-legacy\/","title":{"rendered":"T\u00fai x\u00e1ch da Coach Legacy"},"content":{"rendered":"<p>Ch\u1ea5t li\u1ec7u t\u00fai x\u00f4 da Coach Legacy: Da th\u1eadt cao c\u1ea5p, m\u1ec1m m\u1ea1i v\u1edbi \u0111\u1ed9 b\u00f3ng t\u1ef1 nhi\u00ean.<\/p>\n<p>M\u00e0u s\u1eafc: M\u00e0u n\u00e2u c\u1ed5 \u0111i\u1ec3n, d\u1ec5 d\u00e0ng k\u1ebft h\u1ee3p v\u1edbi nhi\u1ec1u trang ph\u1ee5c kh\u00e1c nhau<\/p>\n<p>. K\u00edch th\u01b0\u1edbc: 23 x 35 x 24 cm.<\/p>\n<p>Thi\u1ebft k\u1ebf: H\u00ecnh x\u00f4 r\u1ed9ng r\u00e3i, phong c\u00e1ch t\u1ed1i gi\u1ea3n nh\u01b0ng thanh l\u1ecbch.<\/p>\n<p>D\u00e2y \u0111eo: D\u00e2y da c\u00f3 th\u1ec3 \u0111i\u1ec1u ch\u1ec9nh v\u1edbi ph\u1ea7n c\u1ee9ng b\u1eb1ng \u0111\u1ed3ng c\u1ed5.<\/p>\n<p>Ng\u0103n: Ng\u0103n ch\u00ednh l\u1edbn v\u1edbi l\u1edbp l\u00f3t v\u1ea3i v\u00e0 t\u00fai b\u00ean trong.<\/p>\n<p>T\u00ecnh tr\u1ea1ng: \u0110\u1ed3 c\u0169 cao c\u1ea5p, \u0111\u01b0\u1ee3c b\u1ea3o qu\u1ea3n t\u1ed1t, c\u00f3 d\u1ea5u hi\u1ec7u s\u1eed d\u1ee5ng nh\u1ecf.<\/p>\n","protected":false},"excerpt":{"rendered":"<p>T\u00fai x\u00f4 da Coach Legacy \u2013 \u0110\u01b0\u1ee3c l\u00e0m b\u1eb1ng da n\u00e2u cao c\u1ea5p v\u1edbi thi\u1ebft k\u1ebf x\u00f4 r\u1ed9ng r\u00e3i (23x35x24 cm). C\u00f3 d\u00e2y \u0111eo c\u00f3 th\u1ec3 \u0111i\u1ec1u ch\u1ec9nh, ph\u1ea7n c\u1ee9ng b\u1eb1ng \u0111\u1ed3ng c\u1ed5 v\u00e0 n\u1ed9i th\u1ea5t c\u00f3 l\u00f3t. M\u1ed9t t\u00e1c ph\u1ea9m c\u1ed5 \u0111i\u1ec3n v\u01b0\u1ee3t th\u1eddi gian!<\/p>\n","protected":false},"featured_media":1811,"comment_status":"open","ping_status":"closed","template":"","meta":{"inline_featured_image":false},"product_brand":[],"product_cat":[36],"product_tag":[],"class_list":{"0":"post-4151","1":"product","2":"type-product","3":"status-publish","4":"has-post-thumbnail","6":"product_cat-tui-xach","8":"first","9":"outofstock","10":"shipping-taxable","11":"purchasable","12":"product-type-simple"},"acf":[],"_links":{"self":[{"href":"https:\/\/tynivintage.com\/vi\/wp-json\/wp\/v2\/product\/4151","targetHints":{"allow":["GET"]}}],"collection":[{"href":"https:\/\/tynivintage.com\/vi\/wp-json\/wp\/v2\/product"}],"about":[{"href":"https:\/\/tynivintage.com\/vi\/wp-json\/wp\/v2\/types\/product"}],"replies":[{"embeddable":true,"href":"https:\/\/tynivintage.com\/vi\/wp-json\/wp\/v2\/comments?post=4151"}],"wp:featuredmedia":[{"embeddable":true,"href":"https:\/\/tynivintage.com\/vi\/wp-json\/wp\/v2\/media\/1811"}],"wp:attachment":[{"href":"https:\/\/tynivintage.com\/vi\/wp-json\/wp\/v2\/media?parent=4151"}],"wp:term":[{"taxonomy":"product_brand","embeddable":true,"href":"https:\/\/tynivintage.com\/vi\/wp-json\/wp\/v2\/product_brand?post=4151"},{"taxonomy":"product_cat","embeddable":true,"href":"https:\/\/tynivintage.com\/vi\/wp-json\/wp\/v2\/product_cat?post=4151"},{"taxonomy":"product_tag","embeddable":true,"href":"https:\/\/tynivintage.com\/vi\/wp-json\/wp\/v2\/product_tag?post=4151"}],"curies":[{"name":"wp","href":"https:\/\/api.w.org\/{rel}","templated":true}]}}