{"id":4136,"date":"2025-01-15T23:44:27","date_gmt":"2025-03-14T16:49:12","guid":{"rendered":"https:\/\/tynivintage.com\/?post_type=product&#038;p=4136"},"modified":"2025-03-14T23:49:12","modified_gmt":"2025-03-14T16:49:12","slug":"tui-deo-cheo-bang-da-coach","status":"publish","type":"product","link":"https:\/\/tynivintage.com\/vi\/san-pham\/tui-deo-cheo-bang-da-coach\/","title":{"rendered":"T\u00fai \u0111eo ch\u00e9o b\u1eb1ng da Coach"},"content":{"rendered":"<p>T\u00fai \u0111eo ch\u00e9o b\u1eb1ng da th\u1eadt Coach<\/p>\n<p>Th\u01b0\u01a1ng hi\u1ec7u: Hu\u1ea5n luy\u1ec7n vi\u00ean<\/p>\n<p>Ch\u1ea5t li\u1ec7u: Da th\u1eadt cao c\u1ea5p, m\u1ec1m m\u1ea1i v\u00e0 b\u1ec1n theo th\u1eddi gian.<\/p>\n<p>Thi\u1ebft k\u1ebf: Phong c\u00e1ch \u0111eo ch\u00e9o hi\u1ec7n \u0111\u1ea1i, thu\u1eadn ti\u1ec7n cho vi\u1ec7c s\u1eed d\u1ee5ng h\u00e0ng ng\u00e0y. M\u00e0u \u0111en trang nh\u00e3, d\u1ec5 d\u00e0ng k\u1ebft h\u1ee3p v\u1edbi b\u1ea5t k\u1ef3 trang ph\u1ee5c n\u00e0o.<\/p>\n<p>K\u0103n: Nhi\u1ec1u t\u00fai ch\u1ee9c n\u0103ng v\u1edbi kh\u00f3a k\u00e9o an to\u00e0n, l\u00fd t\u01b0\u1edfng \u0111\u1ec3 \u0111\u1ef1ng \u0111i\u1ec7n tho\u1ea1i, v\u00ed, ch\u00eca kh\u00f3a v\u00e0 v\u1eadt d\u1ee5ng c\u00e1 nh\u00e2n.<\/p>\n<p>D\u00e2y \u0111eo: D\u00e2y \u0111eo r\u1ed9ng, c\u00f3 th\u1ec3 \u0111i\u1ec1u ch\u1ec9nh \u0111\u1ec3 v\u1eeba v\u1eb7n tho\u1ea3i m\u00e1i v\u1edbi c\u00e1c lo\u1ea1i c\u01a1 th\u1ec3 kh\u00e1c nhau.<\/p>\n<p>Phong c\u00e1ch: Ki\u1ec3u d\u00e1ng \u0111\u1eb9p v\u00e0 n\u0103ng \u0111\u1ed9ng, ho\u00e0n h\u1ea3o cho c\u00f4ng vi\u1ec7c, \u0111i ch\u01a1i b\u00ecnh th\u01b0\u1eddng ho\u1eb7c \u0111i du l\u1ecbch.<\/p>\n","protected":false},"excerpt":{"rendered":"<p>T\u00fai \u0111eo ch\u00e9o b\u1eb1ng da Coach T\u00fai \u0111eo ch\u00e9o Coach ki\u1ec3u d\u00e1ng \u0111\u1eb9p v\u00e0 hi\u1ec7n \u0111\u1ea1i \u0111\u01b0\u1ee3c l\u00e0m t\u1eeb da th\u1eadt cao c\u1ea5p. C\u00f3 nhi\u1ec1u ng\u0103n c\u00f3 kh\u00f3a k\u00e9o \u0111\u1ec3 c\u1ea5t gi\u1eef thu\u1eadn ti\u1ec7n v\u00e0 d\u00e2y \u0111eo c\u00f3 th\u1ec3 \u0111i\u1ec1u ch\u1ec9nh \u0111\u1ec3 v\u1eeba v\u1eb7n tho\u1ea3i m\u00e1i. Ho\u00e0n h\u1ea3o cho vi\u1ec7c s\u1eed d\u1ee5ng h\u00e0ng ng\u00e0y, l\u00e0m vi\u1ec7c ho\u1eb7c du l\u1ecbch.<\/p>\n","protected":false},"featured_media":1789,"comment_status":"open","ping_status":"closed","template":"","meta":{"inline_featured_image":false},"product_brand":[],"product_cat":[36],"product_tag":[],"class_list":{"0":"post-4136","1":"product","2":"type-product","3":"status-publish","4":"has-post-thumbnail","6":"product_cat-tui-xach","8":"first","9":"outofstock","10":"shipping-taxable","11":"purchasable","12":"product-type-simple"},"acf":[],"_links":{"self":[{"href":"https:\/\/tynivintage.com\/vi\/wp-json\/wp\/v2\/product\/4136","targetHints":{"allow":["GET"]}}],"collection":[{"href":"https:\/\/tynivintage.com\/vi\/wp-json\/wp\/v2\/product"}],"about":[{"href":"https:\/\/tynivintage.com\/vi\/wp-json\/wp\/v2\/types\/product"}],"replies":[{"embeddable":true,"href":"https:\/\/tynivintage.com\/vi\/wp-json\/wp\/v2\/comments?post=4136"}],"wp:featuredmedia":[{"embeddable":true,"href":"https:\/\/tynivintage.com\/vi\/wp-json\/wp\/v2\/media\/1789"}],"wp:attachment":[{"href":"https:\/\/tynivintage.com\/vi\/wp-json\/wp\/v2\/media?parent=4136"}],"wp:term":[{"taxonomy":"product_brand","embeddable":true,"href":"https:\/\/tynivintage.com\/vi\/wp-json\/wp\/v2\/product_brand?post=4136"},{"taxonomy":"product_cat","embeddable":true,"href":"https:\/\/tynivintage.com\/vi\/wp-json\/wp\/v2\/product_cat?post=4136"},{"taxonomy":"product_tag","embeddable":true,"href":"https:\/\/tynivintage.com\/vi\/wp-json\/wp\/v2\/product_tag?post=4136"}],"curies":[{"name":"wp","href":"https:\/\/api.w.org\/{rel}","templated":true}]}}