{"id":4099,"date":"2025-03-04T23:17:11","date_gmt":"2025-03-14T15:55:42","guid":{"rendered":"https:\/\/tynivintage.com\/?post_type=product&#038;p=4099"},"modified":"2025-03-14T22:55:42","modified_gmt":"2025-03-14T15:55:42","slug":"tui-deo-cheo-burberry-blue-label-burgundy-nova-check","status":"publish","type":"product","link":"https:\/\/tynivintage.com\/vi\/san-pham\/tui-deo-cheo-burberry-blue-label-burgundy-nova-check\/","title":{"rendered":"T\u00fai \u0111eo ch\u00e9o Burberry Blue Label Burgundy Nova Check"},"content":{"rendered":"<p>T\u00cdNH N\u0102NG N\u1ed4I B\u1eacT<\/p>\n<p>: &#x2714; Thi\u1ebft k\u1ebf mang t\u00ednh bi\u1ec3u t\u01b0\u1ee3ng \u2013 M\u1eabu ca r\u00f4 \u0111\u1eb7c tr\u01b0ng c\u1ee7a Burberry t\u01b0\u1ee3ng tr\u01b0ng cho s\u1ef1 sang tr\u1ecdng v\u00e0 \u0111\u1eb3ng c\u1ea5p.<\/p>\n<p>&#x2714; Ch\u1ea5t li\u1ec7u cao c\u1ea5p \u2013 V\u1ea3i b\u1ea1t b\u1ec1n v\u1edbi trang tr\u00ed v\u00e0 d\u00e2y \u0111eo b\u1eb1ng da th\u1eadt, \u0111\u1ea3m b\u1ea3o ch\u1ea5t l\u01b0\u1ee3ng v\u00e0 c\u1ea5u tr\u00fac l\u00e2u d\u00e0i.<\/p>\n<p>&#x2714; D\u00e2y \u0111eo c\u00f3 th\u1ec3 \u0111i\u1ec1u ch\u1ec9nh &#8211; D\u00e2y \u0111eo c\u00f3 th\u1ec3 \u0111\u01b0\u1ee3c \u0111i\u1ec1u ch\u1ec9nh \u0111\u1ec3 v\u1eeba v\u1eb7n tho\u1ea3i m\u00e1i, ph\u00f9 h\u1ee3p v\u1edbi c\u00e1c phong c\u00e1ch mang theo kh\u00e1c nhau<\/p>\n<p>. &#x2714; Ng\u0103n th\u1ef1c t\u1ebf &#8211; Nhi\u1ec1u t\u00fai cung c\u1ea5p kh\u00f4ng gian r\u1ed9ng r\u00e3i \u0111\u1ec3 l\u01b0u tr\u1eef c\u00e1c v\u1eadt d\u1ee5ng c\u1ea7n thi\u1ebft nh\u01b0 \u0111i\u1ec7n tho\u1ea1i, v\u00ed v\u00e0 c\u00e1c v\u1eadt d\u1ee5ng c\u00e1 nh\u00e2n kh\u00e1c.<\/p>\n<p>&#x2714; \u0110\u00f3ng an to\u00e0n &#8211; N\u1eafp c\u00f3 n\u00fat b\u1ea5m \u0111\u1ea3m b\u1ea3o an to\u00e0n v\u00e0 ng\u0103n c\u00e1c v\u1eadt d\u1ee5ng r\u01a1i ra ngo\u00e0i. TH\u00d4NG TIN CHI TI\u1ebeT S\u1ea2N PH\u1ea8M:<\/p>\n<p>\u2022 Th\u01b0\u01a1ng hi\u1ec7u: Burberry<\/p>\n<p>\u2022 M\u00e0u s\u1eafc: M\u00e0u be, \u0111\u1ecf, \u0111en<\/p>\n<p>\u2022 T\u00ecnh tr\u1ea1ng: \u0110\u1ed3 c\u0169<\/p>\n<p>\u2022 T\u1ed1t nh\u1ea5t cho: C\u00f4ng vi\u1ec7c, \u0111i ch\u01a1i b\u00ecnh th\u01b0\u1eddng, du l\u1ecbch<\/p>\n","protected":false},"excerpt":{"rendered":"<p>Chi\u1ebfc t\u00fai \u0111eo ch\u00e9o n\u00e0y c\u00f3 h\u1ecda ti\u1ebft ca r\u00f4 c\u1ed5 \u0111i\u1ec3n \u0111\u1eb7c tr\u01b0ng c\u1ee7a Burberry, \u0111\u01b0\u1ee3c t\u1ea1o \u0111i\u1ec3m nh\u1ea5n v\u1edbi trang tr\u00ed v\u00e0 d\u00e2y \u0111eo b\u1eb1ng da m\u00e0u \u0111\u1ecf \u0111\u1eadm cho v\u1ebb ngo\u00e0i tinh t\u1ebf nh\u01b0ng phong c\u00e1ch. Nh\u1ecf g\u1ecdn nh\u01b0ng \u0111\u1ee7 r\u1ed9ng r\u00e3i \u0111\u1ec3 ch\u1ee9a nh\u1eefng v\u1eadt d\u1ee5ng c\u1ea7n thi\u1ebft c\u1ee7a b\u1ea1n, n\u00f3 ho\u00e0n h\u1ea3o cho c\u00f4ng vi\u1ec7c, \u0111i ch\u01a1i b\u00ecnh th\u01b0\u1eddng ho\u1eb7c \u0111i du l\u1ecbch.<\/p>\n","protected":false},"featured_media":2056,"comment_status":"open","ping_status":"closed","template":"","meta":{"inline_featured_image":false},"product_brand":[],"product_cat":[36],"product_tag":[],"class_list":{"0":"post-4099","1":"product","2":"type-product","3":"status-publish","4":"has-post-thumbnail","6":"product_cat-tui-xach","8":"first","9":"instock","10":"shipping-taxable","11":"purchasable","12":"product-type-simple"},"acf":[],"_links":{"self":[{"href":"https:\/\/tynivintage.com\/vi\/wp-json\/wp\/v2\/product\/4099","targetHints":{"allow":["GET"]}}],"collection":[{"href":"https:\/\/tynivintage.com\/vi\/wp-json\/wp\/v2\/product"}],"about":[{"href":"https:\/\/tynivintage.com\/vi\/wp-json\/wp\/v2\/types\/product"}],"replies":[{"embeddable":true,"href":"https:\/\/tynivintage.com\/vi\/wp-json\/wp\/v2\/comments?post=4099"}],"wp:featuredmedia":[{"embeddable":true,"href":"https:\/\/tynivintage.com\/vi\/wp-json\/wp\/v2\/media\/2056"}],"wp:attachment":[{"href":"https:\/\/tynivintage.com\/vi\/wp-json\/wp\/v2\/media?parent=4099"}],"wp:term":[{"taxonomy":"product_brand","embeddable":true,"href":"https:\/\/tynivintage.com\/vi\/wp-json\/wp\/v2\/product_brand?post=4099"},{"taxonomy":"product_cat","embeddable":true,"href":"https:\/\/tynivintage.com\/vi\/wp-json\/wp\/v2\/product_cat?post=4099"},{"taxonomy":"product_tag","embeddable":true,"href":"https:\/\/tynivintage.com\/vi\/wp-json\/wp\/v2\/product_tag?post=4099"}],"curies":[{"name":"wp","href":"https:\/\/api.w.org\/{rel}","templated":true}]}}