{"id":4097,"date":"2025-03-06T21:27:44","date_gmt":"2025-03-14T15:37:31","guid":{"rendered":"https:\/\/tynivintage.com\/?post_type=product&#038;p=4097"},"modified":"2025-03-14T22:37:31","modified_gmt":"2025-03-14T15:37:31","slug":"vi-polo-elegance","status":"publish","type":"product","link":"https:\/\/tynivintage.com\/vi\/san-pham\/vi-polo-elegance\/","title":{"rendered":"V\u00ed Polo Elegance"},"content":{"rendered":"<p>Chi\u1ebfc v\u00ed d\u00e0i c\u00f3 kh\u00f3a k\u00e9o n\u00e0y \u0111\u01b0\u1ee3c l\u00e0m t\u1eeb da th\u1eadt cao c\u1ea5p v\u1edbi k\u1ebft c\u1ea5u \u0111\u00e1 cu\u1ed9i sang tr\u1ecdng. M\u00e0u xanh h\u1ea3i qu\u00e2n \u0111\u1eadm l\u00e0m t\u0103ng th\u00eam s\u1ef1 tinh t\u1ebf, khi\u1ebfn n\u00f3 tr\u1edf th\u00e0nh m\u1ed9t ph\u1ee5 ki\u1ec7n \u0111a n\u0103ng k\u1ebft h\u1ee3p t\u1ed1t v\u1edbi trang ph\u1ee5c h\u00e0ng ng\u00e0y. C\u00e1c t\u00ednh n\u0103ng ch\u00ednh: \u2022 Ch\u1ea5t li\u1ec7u: Da th\u1eadt m\u1ec1m m\u1ea1i, b\u1ec1n v\u1edbi kh\u1ea3 n\u0103ng ch\u1ed1ng tr\u1ea7y x\u01b0\u1edbc tuy\u1ec7t v\u1eddi. \u2022 Thi\u1ebft k\u1ebf: V\u00ed d\u00e0i v\u1edbi kh\u00f3a k\u00e9o an to\u00e0n \u0111\u1ec3 gi\u1eef an to\u00e0n cho c\u00e1c v\u1eadt d\u1ee5ng c\u1ea7n thi\u1ebft c\u1ee7a b\u1ea1n. \u2022 Chi ti\u1ebft: Logo th\u01b0\u01a1ng hi\u1ec7u d\u1eadp n\u1ed5i tr\u00ean b\u1ec1 m\u1eb7t, \u0111\u01b0\u1ee3c b\u1ed5 sung b\u1edfi th\u1ebb treo th\u1eddi trang \u0111\u1ec3 t\u1ea1o n\u00e9t thanh l\u1ecbch. \u2022 N\u1ed9i th\u1ea5t r\u1ed9ng r\u00e3i: Nhi\u1ec1u ng\u0103n \u0111\u1ec3 s\u1eafp x\u1ebfp g\u1ecdn g\u00e0ng ti\u1ec1n m\u1eb7t, th\u1ebb ng\u00e2n h\u00e0ng v\u00e0 t\u00e0i li\u1ec7u. \u2022 Phong c\u00e1ch: Ho\u00e0n h\u1ea3o cho c\u00f4ng vi\u1ec7c, \u0111i ch\u01a1i b\u00ecnh th\u01b0\u1eddng, ti\u1ec7c t\u00f9ng ho\u1eb7c l\u00e0m qu\u00e0 t\u1eb7ng cao c\u1ea5p.<\/p>\n","protected":false},"excerpt":{"rendered":"<p>V\u00ed l\u00e0 m\u1ed9t chi\u1ebfc v\u00ed d\u00e0i c\u00f3 kh\u00f3a k\u00e9o \u0111\u01b0\u1ee3c l\u00e0m b\u1eb1ng da \u0111\u00e1 cu\u1ed9i m\u00e0u xanh h\u1ea3i qu\u00e2n. N\u00f3 c\u00f3 thi\u1ebft k\u1ebf t\u1ed1i gi\u1ea3n v\u1edbi logo th\u01b0\u01a1ng hi\u1ec7u d\u1eadp n\u1ed5i tr\u00ean b\u1ec1 m\u1eb7t, kh\u00f3a k\u00e9o ch\u1eafc ch\u1eafn v\u00e0 th\u1ebb treo th\u1eddi trang. Ho\u00e0n h\u1ea3o cho m\u1ed9t phong c\u00e1ch thanh l\u1ecbch v\u00e0 thi\u1ebft th\u1ef1c.<\/p>\n","protected":false},"featured_media":2329,"comment_status":"open","ping_status":"closed","template":"","meta":{"inline_featured_image":false},"product_brand":[],"product_cat":[48],"product_tag":[],"class_list":{"0":"post-4097","1":"product","2":"type-product","3":"status-publish","4":"has-post-thumbnail","6":"product_cat-vi","8":"first","9":"instock","10":"shipping-taxable","11":"purchasable","12":"product-type-simple"},"acf":[],"_links":{"self":[{"href":"https:\/\/tynivintage.com\/vi\/wp-json\/wp\/v2\/product\/4097","targetHints":{"allow":["GET"]}}],"collection":[{"href":"https:\/\/tynivintage.com\/vi\/wp-json\/wp\/v2\/product"}],"about":[{"href":"https:\/\/tynivintage.com\/vi\/wp-json\/wp\/v2\/types\/product"}],"replies":[{"embeddable":true,"href":"https:\/\/tynivintage.com\/vi\/wp-json\/wp\/v2\/comments?post=4097"}],"wp:featuredmedia":[{"embeddable":true,"href":"https:\/\/tynivintage.com\/vi\/wp-json\/wp\/v2\/media\/2329"}],"wp:attachment":[{"href":"https:\/\/tynivintage.com\/vi\/wp-json\/wp\/v2\/media?parent=4097"}],"wp:term":[{"taxonomy":"product_brand","embeddable":true,"href":"https:\/\/tynivintage.com\/vi\/wp-json\/wp\/v2\/product_brand?post=4097"},{"taxonomy":"product_cat","embeddable":true,"href":"https:\/\/tynivintage.com\/vi\/wp-json\/wp\/v2\/product_cat?post=4097"},{"taxonomy":"product_tag","embeddable":true,"href":"https:\/\/tynivintage.com\/vi\/wp-json\/wp\/v2\/product_tag?post=4097"}],"curies":[{"name":"wp","href":"https:\/\/api.w.org\/{rel}","templated":true}]}}