{"id":4083,"date":"2025-03-06T21:32:31","date_gmt":"2025-03-14T15:32:06","guid":{"rendered":"https:\/\/tynivintage.com\/?post_type=product&#038;p=4083"},"modified":"2025-03-14T22:32:06","modified_gmt":"2025-03-14T15:32:06","slug":"vi-zip-mau-do-thanh-lich","status":"publish","type":"product","link":"https:\/\/tynivintage.com\/vi\/san-pham\/vi-zip-mau-do-thanh-lich\/","title":{"rendered":"V\u00ed zip m\u00e0u \u0111\u1ecf thanh l\u1ecbch"},"content":{"rendered":"<p>Chi\u1ebfc v\u00ed d\u00e0i c\u00f3 kh\u00f3a k\u00e9o n\u00e0y \u0111\u01b0\u1ee3c l\u00e0m t\u1eeb da th\u1eadt cao c\u1ea5p v\u1edbi l\u1edbp ho\u00e0n thi\u1ec7n b\u00f3ng sang tr\u1ecdng. M\u00e0u \u0111\u1ecf t\u00eda thanh l\u1ecbch t\u1ea1o th\u00eam n\u00e9t tinh t\u1ebf, khi\u1ebfn n\u00f3 tr\u1edf th\u00e0nh ph\u1ee5 ki\u1ec7n ho\u00e0n h\u1ea3o cho nh\u1eefng ai \u0111\u00e1nh gi\u00e1 cao phong c\u00e1ch v\u00e0 s\u1ef1 sang tr\u1ecdng v\u01b0\u1ee3t th\u1eddi gian. C\u00e1c t\u00ednh n\u0103ng ch\u00ednh: \u2022 Ch\u1ea5t li\u1ec7u: Da th\u1eadt b\u00f3ng, m\u1ec1m m\u1ea1i, b\u1ec1n v\u00e0 d\u1ec5 b\u1ea3o tr\u00ec. \u2022 Thi\u1ebft k\u1ebf: V\u00ed d\u00e0i v\u1edbi kh\u00f3a k\u00e9o an to\u00e0n \u0111\u1ec3 gi\u1eef an to\u00e0n ti\u1ec1n m\u1eb7t, th\u1ebb v\u00e0 t\u00e0i li\u1ec7u. \u2022 Chi ti\u1ebft: Logo th\u01b0\u01a1ng hi\u1ec7u d\u1eadp n\u1ed5i tr\u00ean b\u1ec1 m\u1eb7t, th\u00eam n\u00e9t tinh t\u1ebf v\u00e0 phong c\u00e1ch. \u2022 N\u1ed9i th\u1ea5t r\u1ed9ng r\u00e3i: Nhi\u1ec1u ng\u0103n \u0111\u1ec3 s\u1eafp x\u1ebfp ti\u1ec1n, th\u1ebb ng\u00e2n h\u00e0ng v\u00e0 t\u00e0i li\u1ec7u g\u1ecdn g\u00e0ng. \u2022 Phong c\u00e1ch: L\u00fd t\u01b0\u1edfng cho c\u00f4ng vi\u1ec7c, s\u1ef1 ki\u1ec7n, \u0111i ch\u01a1i b\u00ecnh th\u01b0\u1eddng ho\u1eb7c l\u00e0m qu\u00e0 t\u1eb7ng cao c\u1ea5p.<\/p>\n","protected":false},"excerpt":{"rendered":"<p>V\u00ed l\u00e0 m\u1ed9t chi\u1ebfc v\u00ed d\u00e0i c\u00f3 kh\u00f3a k\u00e9o \u0111\u01b0\u1ee3c l\u00e0m b\u1eb1ng da \u0111\u1ecf t\u00eda b\u00f3ng. N\u00f3 c\u00f3 thi\u1ebft k\u1ebf sang tr\u1ecdng v\u1edbi logo th\u01b0\u01a1ng hi\u1ec7u d\u1eadp n\u1ed5i tr\u00ean b\u1ec1 m\u1eb7t, kh\u00f3a k\u00e9o ch\u1eafc ch\u1eafn v\u00e0 th\u1ebb treo trang nh\u00e3. Ho\u00e0n h\u1ea3o cho m\u1ed9t phong c\u00e1ch tinh t\u1ebf v\u00e0 sang tr\u1ecdng.<\/p>\n","protected":false},"featured_media":2342,"comment_status":"open","ping_status":"closed","template":"","meta":{"inline_featured_image":false},"product_brand":[],"product_cat":[48],"product_tag":[],"class_list":{"0":"post-4083","1":"product","2":"type-product","3":"status-publish","4":"has-post-thumbnail","6":"product_cat-vi","8":"first","9":"instock","10":"shipping-taxable","11":"purchasable","12":"product-type-simple"},"acf":[],"_links":{"self":[{"href":"https:\/\/tynivintage.com\/vi\/wp-json\/wp\/v2\/product\/4083","targetHints":{"allow":["GET"]}}],"collection":[{"href":"https:\/\/tynivintage.com\/vi\/wp-json\/wp\/v2\/product"}],"about":[{"href":"https:\/\/tynivintage.com\/vi\/wp-json\/wp\/v2\/types\/product"}],"replies":[{"embeddable":true,"href":"https:\/\/tynivintage.com\/vi\/wp-json\/wp\/v2\/comments?post=4083"}],"wp:featuredmedia":[{"embeddable":true,"href":"https:\/\/tynivintage.com\/vi\/wp-json\/wp\/v2\/media\/2342"}],"wp:attachment":[{"href":"https:\/\/tynivintage.com\/vi\/wp-json\/wp\/v2\/media?parent=4083"}],"wp:term":[{"taxonomy":"product_brand","embeddable":true,"href":"https:\/\/tynivintage.com\/vi\/wp-json\/wp\/v2\/product_brand?post=4083"},{"taxonomy":"product_cat","embeddable":true,"href":"https:\/\/tynivintage.com\/vi\/wp-json\/wp\/v2\/product_cat?post=4083"},{"taxonomy":"product_tag","embeddable":true,"href":"https:\/\/tynivintage.com\/vi\/wp-json\/wp\/v2\/product_tag?post=4083"}],"curies":[{"name":"wp","href":"https:\/\/api.w.org\/{rel}","templated":true}]}}