{"id":4054,"date":"2025-03-06T21:42:40","date_gmt":"2025-03-14T15:25:33","guid":{"rendered":"https:\/\/tynivintage.com\/?post_type=product&#038;p=4054"},"modified":"2025-03-14T22:25:33","modified_gmt":"2025-03-14T15:25:33","slug":"vi-mau-xanh-la-cay-danh-cho-nu-barcos","status":"publish","type":"product","link":"https:\/\/tynivintage.com\/vi\/san-pham\/vi-mau-xanh-la-cay-danh-cho-nu-barcos\/","title":{"rendered":"V\u00ed m\u00e0u xanh l\u00e1 c\u00e2y d\u00e0nh cho n\u1eef Barcos"},"content":{"rendered":"<p>Chi\u1ebfc v\u00ed d\u00e0i c\u00f3 kh\u00f3a k\u00e9o n\u00e0y \u0111\u01b0\u1ee3c l\u00e0m t\u1eeb da th\u1eadt cao c\u1ea5p v\u1edbi k\u1ebft c\u1ea5u \u0111\u00e1 cu\u1ed9i sang tr\u1ecdng. M\u00e0u xanh r\u00eau thanh l\u1ecbch l\u00e0m t\u0103ng th\u00eam s\u1ef1 tinh t\u1ebf, l\u00e0m cho n\u00f3 tr\u1edf th\u00e0nh m\u1ed9t ph\u1ee5 ki\u1ec7n linh ho\u1ea1t cho nhi\u1ec1u phong c\u00e1ch kh\u00e1c nhau.<\/p>\n<p>C\u00e1c t\u00ednh n\u0103ng ch\u00ednh:<br \/>\n\u2022 Ch\u1ea5t li\u1ec7u: Da th\u1eadt m\u1ec1m m\u1ea1i, b\u1ec1n v\u1edbi kh\u1ea3 n\u0103ng ch\u1ed1ng tr\u1ea7y x\u01b0\u1edbc tuy\u1ec7t v\u1eddi.<br \/>\n\u2022 Thi\u1ebft k\u1ebf: V\u00ed d\u00e0i v\u1edbi kh\u00f3a k\u00e9o an to\u00e0n \u0111\u1ec3 gi\u1eef an to\u00e0n cho \u0111\u1ed3 \u0111\u1ea1c c\u1ee7a b\u1ea1n.<br \/>\n\u2022 Chi ti\u1ebft: M\u1ed9t t\u1ea5m kim lo\u1ea1i nh\u1ecf v\u1edbi logo th\u01b0\u01a1ng hi\u1ec7u \u1edf m\u1eb7t tr\u01b0\u1edbc t\u1ea1o th\u00eam n\u00e9t tinh t\u1ebf.<br \/>\n\u2022 N\u1ed9i th\u1ea5t r\u1ed9ng r\u00e3i: Nhi\u1ec1u ng\u0103n \u0111\u1ec3 s\u1eafp x\u1ebfp ti\u1ec1n m\u1eb7t, th\u1ebb v\u00e0 t\u00e0i li\u1ec7u g\u1ecdn g\u00e0ng.<br \/>\n\u2022 Phong c\u00e1ch: Ho\u00e0n h\u1ea3o cho vi\u1ec7c s\u1eed d\u1ee5ng h\u00e0ng ng\u00e0y, c\u00f4ng vi\u1ec7c, ti\u1ec7c t\u00f9ng ho\u1eb7c l\u00e0m qu\u00e0 t\u1eb7ng sang tr\u1ecdng.<\/p>\n","protected":false},"excerpt":{"rendered":"<p>V\u00ed l\u00e0 m\u1ed9t chi\u1ebfc v\u00ed d\u00e0i c\u00f3 kh\u00f3a k\u00e9o \u0111\u01b0\u1ee3c l\u00e0m b\u1eb1ng da \u0111\u00e1 cu\u1ed9i m\u00e0u xanh r\u00eau. N\u00f3 c\u00f3 m\u1ed9t kh\u00f3a k\u00e9o ch\u1ea1y d\u1ecdc theo m\u00e9p v\u00e0 m\u1ed9t t\u1ea5m kim lo\u1ea1i nh\u1ecf kh\u1eafc logo th\u01b0\u01a1ng hi\u1ec7u. Ng\u01b0\u1eddi c\u1ea7m v\u00ed \u0111ang \u0111eo g\u0103ng tay \u0111en, th\u00eam m\u1ed9t ch\u00fat thanh l\u1ecbch v\u00e0 tinh t\u1ebf.<\/p>\n","protected":false},"featured_media":2369,"comment_status":"open","ping_status":"closed","template":"","meta":{"inline_featured_image":false},"product_brand":[],"product_cat":[48],"product_tag":[],"class_list":{"0":"post-4054","1":"product","2":"type-product","3":"status-publish","4":"has-post-thumbnail","6":"product_cat-vi","8":"first","9":"instock","10":"shipping-taxable","11":"purchasable","12":"product-type-simple"},"acf":[],"_links":{"self":[{"href":"https:\/\/tynivintage.com\/vi\/wp-json\/wp\/v2\/product\/4054","targetHints":{"allow":["GET"]}}],"collection":[{"href":"https:\/\/tynivintage.com\/vi\/wp-json\/wp\/v2\/product"}],"about":[{"href":"https:\/\/tynivintage.com\/vi\/wp-json\/wp\/v2\/types\/product"}],"replies":[{"embeddable":true,"href":"https:\/\/tynivintage.com\/vi\/wp-json\/wp\/v2\/comments?post=4054"}],"wp:featuredmedia":[{"embeddable":true,"href":"https:\/\/tynivintage.com\/vi\/wp-json\/wp\/v2\/media\/2369"}],"wp:attachment":[{"href":"https:\/\/tynivintage.com\/vi\/wp-json\/wp\/v2\/media?parent=4054"}],"wp:term":[{"taxonomy":"product_brand","embeddable":true,"href":"https:\/\/tynivintage.com\/vi\/wp-json\/wp\/v2\/product_brand?post=4054"},{"taxonomy":"product_cat","embeddable":true,"href":"https:\/\/tynivintage.com\/vi\/wp-json\/wp\/v2\/product_cat?post=4054"},{"taxonomy":"product_tag","embeddable":true,"href":"https:\/\/tynivintage.com\/vi\/wp-json\/wp\/v2\/product_tag?post=4054"}],"curies":[{"name":"wp","href":"https:\/\/api.w.org\/{rel}","templated":true}]}}