{"id":4042,"date":"2025-03-06T21:47:53","date_gmt":"2025-03-14T15:19:57","guid":{"rendered":"https:\/\/tynivintage.com\/?post_type=product&#038;p=4042"},"modified":"2025-03-14T22:19:57","modified_gmt":"2025-03-14T15:19:57","slug":"vi-zip-coach-accordion-voi-star-stud","status":"publish","type":"product","link":"https:\/\/tynivintage.com\/vi\/san-pham\/vi-zip-coach-accordion-voi-star-stud\/","title":{"rendered":"V\u00ed zip Coach Accordion v\u1edbi Star Stud"},"content":{"rendered":"<p>T\u1ea1o n\u00ean tuy\u00ean b\u1ed1 v\u1edbi chi\u1ebfc v\u00ed \u0111\u00ednh \u0111\u00e1 da \u0111en Coach n\u00e0y, s\u1ef1 k\u1ebft h\u1ee3p ho\u00e0n h\u1ea3o gi\u1eefa thi\u1ebft k\u1ebf s\u1eafc s\u1ea3o v\u00e0 ch\u1ee9c n\u0103ng h\u00e0ng ng\u00e0y. \u0110\u01b0\u1ee3c ch\u1ebf t\u00e1c t\u1eeb da \u0111\u00e1 cu\u1ed9i ch\u1ea5t l\u01b0\u1ee3ng cao, chi\u1ebfc v\u00ed n\u00e0y \u0111\u01b0\u1ee3c trang tr\u00ed b\u1eb1ng ng\u00f4i sao kim lo\u1ea1i v\u00e0 \u0111inh t\u00e1n, t\u1ea1o th\u00eam n\u00e9t t\u00e1o b\u1ea1o v\u00e0 phong c\u00e1ch cho b\u1ed9 s\u01b0u t\u1eadp ph\u1ee5 ki\u1ec7n c\u1ee7a b\u1ea1n.<\/p>\n<p>C\u00e1c t\u00ednh n\u0103ng ch\u00ednh:<br \/>\n\u2022 Ch\u1ea5t li\u1ec7u cao c\u1ea5p: \u0110\u01b0\u1ee3c l\u00e0m t\u1eeb da \u0111\u00e1 cu\u1ed9i m\u00e0u \u0111en th\u1eadt, \u0111\u1ea3m b\u1ea3o \u0111\u1ed9 b\u1ec1n v\u00e0 c\u1ea3m gi\u00e1c sang tr\u1ecdng.<br \/>\n\u2022 Thi\u1ebft k\u1ebf \u0111\u00ednh \u0111\u00e1: \u0110\u01b0\u1ee3c trang tr\u00ed b\u1eb1ng \u0111inh t\u00e1n kim lo\u1ea1i m\u00e0u b\u1ea1c v\u00e0 \u0111en v\u1edbi nhi\u1ec1u k\u00edch c\u1ee1 kh\u00e1c nhau, c\u00f9ng v\u1edbi c\u00e1c \u0111i\u1ec3m nh\u1ea5n h\u00ecnh ng\u00f4i sao \u0111\u1ec3 c\u00f3 v\u1ebb ngo\u00e0i hi\u1ec7n \u0111\u1ea1i v\u00e0 b\u1eaft m\u1eaft.<br \/>\n\u2022 \u0110\u00f3ng an to\u00e0n: C\u00f3 t\u00ednh n\u0103ng \u0111\u00f3ng kh\u00f3a k\u00e9o xung quanh, gi\u1eef cho c\u00e1c v\u1eadt d\u1ee5ng c\u1ea7n thi\u1ebft c\u1ee7a b\u1ea1n an to\u00e0n v\u00e0 ng\u0103n n\u1eafp.<br \/>\n\u2022 N\u1ed9i th\u1ea5t r\u1ed9ng r\u00e3i: Bao g\u1ed3m nhi\u1ec1u khe c\u1eafm th\u1ebb, t\u00fai ti\u1ec1n xu c\u00f3 kh\u00f3a k\u00e9o v\u00e0 ng\u0103n \u0111\u1ef1ng ti\u1ec1n m\u1eb7t v\u00e0 bi\u00ean lai, cung c\u1ea5p dung l\u01b0\u1ee3ng l\u01b0u tr\u1eef r\u1ed9ng r\u00e3i.<br \/>\n\u2022 Th\u01b0\u01a1ng hi\u1ec7u Coach \u0111\u1eb7c tr\u01b0ng: Logo Coach d\u1eadp n\u1ed5i t\u00f4ng b\u1ea1c \u1edf m\u1eb7t tr\u01b0\u1edbc, t\u0103ng c\u01b0\u1eddng s\u1ef1 sang tr\u1ecdng c\u1ee7a n\u00f3.<br \/>\n\u2022 Linh ho\u1ea1t v\u00e0 phong c\u00e1ch: M\u1ed9t m\u00f3n \u0111\u1ed3 tuy\u00ean b\u1ed1 ho\u00e0n h\u1ea3o b\u1ed5 sung cho c\u1ea3 trang ph\u1ee5c gi\u1ea3n d\u1ecb v\u00e0 trang tr\u1ecdng<\/p>\n","protected":false},"excerpt":{"rendered":"<p>V\u00ed Coach m\u00e0u \u0111en c\u00f3 thi\u1ebft k\u1ebf c\u00f3 kh\u00f3a k\u00e9o, \u0111\u01b0\u1ee3c trang tr\u00ed b\u1eb1ng \u0111inh t\u00e1n kim lo\u1ea1i v\u00e0 h\u1ecda ti\u1ebft ng\u00f4i sao, t\u1ea1o th\u00eam n\u00e9t t\u00e1o b\u1ea1o v\u00e0 tinh t\u1ebf. \u0110\u01b0\u1ee3c l\u00e0m t\u1eeb da ch\u1ea5t l\u01b0\u1ee3ng cao, n\u00f3 b\u1ec1n v\u00e0 l\u00fd t\u01b0\u1edfng \u0111\u1ec3 mang theo ti\u1ec1n m\u1eb7t, th\u1ebb v\u00e0 c\u00e1c t\u00e0i li\u1ec7u quan tr\u1ecdng.<\/p>\n","protected":false},"featured_media":2382,"comment_status":"open","ping_status":"closed","template":"","meta":{"inline_featured_image":false},"product_brand":[],"product_cat":[48],"product_tag":[],"class_list":{"0":"post-4042","1":"product","2":"type-product","3":"status-publish","4":"has-post-thumbnail","6":"product_cat-vi","8":"first","9":"instock","10":"shipping-taxable","11":"purchasable","12":"product-type-simple"},"acf":[],"_links":{"self":[{"href":"https:\/\/tynivintage.com\/vi\/wp-json\/wp\/v2\/product\/4042","targetHints":{"allow":["GET"]}}],"collection":[{"href":"https:\/\/tynivintage.com\/vi\/wp-json\/wp\/v2\/product"}],"about":[{"href":"https:\/\/tynivintage.com\/vi\/wp-json\/wp\/v2\/types\/product"}],"replies":[{"embeddable":true,"href":"https:\/\/tynivintage.com\/vi\/wp-json\/wp\/v2\/comments?post=4042"}],"wp:featuredmedia":[{"embeddable":true,"href":"https:\/\/tynivintage.com\/vi\/wp-json\/wp\/v2\/media\/2382"}],"wp:attachment":[{"href":"https:\/\/tynivintage.com\/vi\/wp-json\/wp\/v2\/media?parent=4042"}],"wp:term":[{"taxonomy":"product_brand","embeddable":true,"href":"https:\/\/tynivintage.com\/vi\/wp-json\/wp\/v2\/product_brand?post=4042"},{"taxonomy":"product_cat","embeddable":true,"href":"https:\/\/tynivintage.com\/vi\/wp-json\/wp\/v2\/product_cat?post=4042"},{"taxonomy":"product_tag","embeddable":true,"href":"https:\/\/tynivintage.com\/vi\/wp-json\/wp\/v2\/product_tag?post=4042"}],"curies":[{"name":"wp","href":"https:\/\/api.w.org\/{rel}","templated":true}]}}