{"id":4019,"date":"2025-03-06T21:55:10","date_gmt":"2025-03-14T15:11:12","guid":{"rendered":"https:\/\/tynivintage.com\/?post_type=product&#038;p=4019"},"modified":"2025-03-14T22:11:12","modified_gmt":"2025-03-14T15:11:12","slug":"vi-zip-coach-accordion","status":"publish","type":"product","link":"https:\/\/tynivintage.com\/vi\/san-pham\/vi-zip-coach-accordion\/","title":{"rendered":"V\u00ed Zip Coach Accordion"},"content":{"rendered":"<p>V\u00ed zip Coach Accordion l\u00e0 ph\u1ee5 ki\u1ec7n sang tr\u1ecdng \u0111\u01b0\u1ee3c thi\u1ebft k\u1ebf v\u1edbi phong c\u00e1ch hi\u1ec7n \u0111\u1ea1i v\u00e0 tinh t\u1ebf. Chi\u1ebfc v\u00ed d\u00e0i n\u00e0y c\u00f3 kh\u00f3a k\u00e9o ho\u00e0n to\u00e0n, \u0111\u1ea3m b\u1ea3o an to\u00e0n cho c\u00e1c v\u1eadt d\u1ee5ng c\u1ea7n thi\u1ebft c\u1ee7a b\u1ea1n.<br \/>\n\u2022 Ch\u1ea5t li\u1ec7u cao c\u1ea5p: \u0110\u01b0\u1ee3c ch\u1ebf t\u00e1c t\u1eeb da th\u1eadt k\u1ebft h\u1ee3p v\u1edbi h\u1ecda ti\u1ebft ch\u1eef l\u1ed3ng \u0111\u1eb7c tr\u01b0ng c\u1ee7a Coach, mang \u0111\u1ebfn v\u1ebb ngo\u00e0i thanh l\u1ecbch v\u00e0 sang tr\u1ecdng.<br \/>\n\u2022 Thi\u1ebft k\u1ebf ti\u1ec7n l\u1ee3i: Ng\u0103n ch\u00ednh r\u1ed9ng r\u00e3i, ho\u00e0n h\u1ea3o \u0111\u1ec3 \u0111\u1ef1ng ti\u1ec1n m\u1eb7t, th\u1ebb ng\u00e2n h\u00e0ng, gi\u1ea5y t\u1edd c\u00e1 nh\u00e2n v\u00e0 \u0111i\u1ec7n tho\u1ea1i nh\u1ecf g\u1ecdn.<br \/>\n\u2022 L\u01b0u tr\u1eef th\u00f4ng minh: \u0110\u01b0\u1ee3c trang b\u1ecb nhi\u1ec1u khe c\u1eafm th\u1ebb, t\u00fai c\u00f3 kh\u00f3a k\u00e9o v\u00e0 ng\u0103n l\u1edbn \u0111\u1ec3 gi\u1eef \u0111\u1ed3 \u0111\u1ea1c c\u1ee7a b\u1ea1n \u0111\u01b0\u1ee3c ng\u0103n n\u1eafp.<br \/>\n\u2022 Phong c\u00e1ch sang tr\u1ecdng: Logo Coach b\u1eb1ng kim lo\u1ea1i \u0111\u01b0\u1ee3c \u0111\u1eb7t trang nh\u00e3 \u1edf m\u1eb7t tr\u01b0\u1edbc, t\u1ea1o th\u00eam n\u00e9t tinh t\u1ebf.<br \/>\n\u2022 Linh ho\u1ea1t v\u00e0 phong c\u00e1ch: Ph\u00f9 h\u1ee3p v\u1edbi nhi\u1ec1u phong c\u00e1ch th\u1eddi trang kh\u00e1c nhau, t\u1eeb thanh l\u1ecbch \u0111\u1ebfn gi\u1ea3n d\u1ecb, l\u00e0m cho n\u00f3 tr\u1edf th\u00e0nh s\u1ef1 l\u1ef1a ch\u1ecdn tuy\u1ec7t v\u1eddi cho nh\u1eefng ai \u0111\u00e1nh gi\u00e1 cao s\u1ef1 tinh t\u1ebf v\u00e0 ch\u1ee9c n\u0103ng.<br \/>\nK\u00edch th\u01b0\u1edbc: 20&#215;10<\/p>\n","protected":false},"excerpt":{"rendered":"<p>V\u00ed zip Coach Accordion c\u00f3 thi\u1ebft k\u1ebf d\u00e0i v\u1edbi kh\u00f3a k\u00e9o to\u00e0n v\u00f2ng, \u0111\u01b0\u1ee3c ch\u1ebf t\u00e1c t\u1eeb da cao c\u1ea5p k\u1ebft h\u1ee3p v\u1edbi h\u1ecda ti\u1ebft ch\u1eef l\u1ed3ng \u0111\u1eb7c tr\u01b0ng c\u1ee7a th\u01b0\u01a1ng hi\u1ec7u. R\u1ed9ng r\u00e3i v\u00e0 thi\u1ebft th\u1ef1c, n\u00f3 l\u00fd t\u01b0\u1edfng \u0111\u1ec3 \u0111\u1ef1ng ti\u1ec1n m\u1eb7t, th\u1ebb v\u00e0 t\u00e0i li\u1ec7u c\u00e1 nh\u00e2n, mang l\u1ea1i v\u1ebb ngo\u00e0i thanh l\u1ecbch v\u00e0 tinh t\u1ebf.<\/p>\n","protected":false},"featured_media":2404,"comment_status":"open","ping_status":"closed","template":"","meta":{"inline_featured_image":false},"product_brand":[],"product_cat":[48],"product_tag":[],"class_list":{"0":"post-4019","1":"product","2":"type-product","3":"status-publish","4":"has-post-thumbnail","6":"product_cat-vi","8":"first","9":"outofstock","10":"shipping-taxable","11":"purchasable","12":"product-type-simple"},"acf":[],"_links":{"self":[{"href":"https:\/\/tynivintage.com\/vi\/wp-json\/wp\/v2\/product\/4019","targetHints":{"allow":["GET"]}}],"collection":[{"href":"https:\/\/tynivintage.com\/vi\/wp-json\/wp\/v2\/product"}],"about":[{"href":"https:\/\/tynivintage.com\/vi\/wp-json\/wp\/v2\/types\/product"}],"replies":[{"embeddable":true,"href":"https:\/\/tynivintage.com\/vi\/wp-json\/wp\/v2\/comments?post=4019"}],"wp:featuredmedia":[{"embeddable":true,"href":"https:\/\/tynivintage.com\/vi\/wp-json\/wp\/v2\/media\/2404"}],"wp:attachment":[{"href":"https:\/\/tynivintage.com\/vi\/wp-json\/wp\/v2\/media?parent=4019"}],"wp:term":[{"taxonomy":"product_brand","embeddable":true,"href":"https:\/\/tynivintage.com\/vi\/wp-json\/wp\/v2\/product_brand?post=4019"},{"taxonomy":"product_cat","embeddable":true,"href":"https:\/\/tynivintage.com\/vi\/wp-json\/wp\/v2\/product_cat?post=4019"},{"taxonomy":"product_tag","embeddable":true,"href":"https:\/\/tynivintage.com\/vi\/wp-json\/wp\/v2\/product_tag?post=4019"}],"curies":[{"name":"wp","href":"https:\/\/api.w.org\/{rel}","templated":true}]}}