{"id":3993,"date":"2025-03-06T22:06:24","date_gmt":"2025-03-14T15:03:35","guid":{"rendered":"https:\/\/tynivintage.com\/?post_type=product&#038;p=3993"},"modified":"2025-03-14T22:03:35","modified_gmt":"2025-03-14T15:03:35","slug":"vi-coach-signature","status":"publish","type":"product","link":"https:\/\/tynivintage.com\/vi\/san-pham\/vi-coach-signature\/","title":{"rendered":"V\u00ed Coach Signature"},"content":{"rendered":"<p>&#x1f539; Th\u01b0\u01a1ng hi\u1ec7u: Hu\u1ea5n luy\u1ec7n vi\u00ean<br \/>\n&#x1f539; Ch\u1ea5t li\u1ec7u: Canvas cao c\u1ea5p k\u1ebft h\u1ee3p vi\u1ec1n da, b\u1ec1n b\u1ec9 theo th\u1eddi gian<br \/>\n&#x1f539; M\u00e0u s\u1eafc: M\u00e0u n\u00e2u c\u1ed5 \u0111i\u1ec3n, d\u1ec5 d\u00e0ng k\u1ebft h\u1ee3p v\u1edbi nhi\u1ec1u phong c\u00e1ch kh\u00e1c nhau<br \/>\n&#x1f539; Hoa v\u0103n: Ch\u1eef l\u1ed3ng &#8220;C&#8221; mang t\u00ednh bi\u1ec3u t\u01b0\u1ee3ng c\u1ee7a Coach, mang \u0111\u1ebfn v\u1ebb ngo\u00e0i sang tr\u1ecdng v\u00e0 tinh t\u1ebf<br \/>\n&#x1f539; Thi\u1ebft k\u1ebf:<br \/>\n\u2022 V\u00ed d\u00e0i ki\u1ec3u d\u00e1ng \u0111\u1eb9p, ph\u00f9 h\u1ee3p cho nhi\u1ec1u d\u1ecbp kh\u00e1c nhau<br \/>\n\u2022 S\u1ecdc da m\u00e0u n\u00e2u ngang t\u1ea1o th\u00eam n\u00e9t sang tr\u1ecdng<br \/>\n\u2022 Logo kim lo\u1ea1i &#8220;Coach&#8221; m\u1ea1 b\u1ea1c n\u1ed5i b\u1eadt \u1edf m\u1eb7t tr\u01b0\u1edbc<br \/>\n\u2022 \u0110\u01b0\u1eddng kh\u00e2u t\u1ec9 m\u1ec9 cho \u0111\u1ed9 b\u1ec1n l\u00e2u d\u00e0i<\/p>\n<p>&#x1f539; Ng\u0103n:<br \/>\n\u2022 Nhi\u1ec1u khe c\u1eafm th\u1ebb \u0111\u1ec3 d\u1ec5 d\u00e0ng t\u1ed5 ch\u1ee9c<br \/>\n\u2022 Ng\u0103n ch\u00ednh r\u1ed9ng r\u00e3i \u0111\u1ec3 \u0111\u1ef1ng ti\u1ec1n m\u1eb7t v\u00e0 h\u00f3a \u0111\u01a1n<br \/>\n\u2022 T\u00fai c\u00f3 kh\u00f3a k\u00e9o \u0111\u1ec3 c\u1ed1 \u0111\u1ecbnh ti\u1ec1n xu ho\u1eb7c c\u00e1c v\u1eadt c\u00f3 gi\u00e1 tr\u1ecb nh\u1ecf<br \/>\nK\u00edch th\u01b0\u1edbc: 20&#215;10<br \/>\n&#x2728; Phong c\u00e1ch: Thanh l\u1ecbch v\u00e0 tinh t\u1ebf &#8211; Ho\u00e0n h\u1ea3o cho c\u00f4ng vi\u1ec7c, \u0111i ch\u01a1i b\u00ecnh th\u01b0\u1eddng ho\u1eb7c l\u00e0m qu\u00e0 t\u1eb7ng cao c\u1ea5p<\/p>\n<p>&#x1f4cc; T\u00ecnh tr\u1ea1ng: s\u1ea3n ph\u1ea9m ch\u00ednh h\u00e3ng<\/p>\n","protected":false},"excerpt":{"rendered":"<p>V\u00ed d\u00e0i Coach Signature \u0111\u01b0\u1ee3c l\u00e0m t\u1eeb v\u1ea3i canvas cao c\u1ea5p v\u1edbi h\u1ecda ti\u1ebft ch\u1eef l\u1ed3ng &#8220;C&#8221; mang t\u00ednh bi\u1ec3u t\u01b0\u1ee3ng c\u1ee7a th\u01b0\u01a1ng hi\u1ec7u tr\u00ean n\u1ec1n n\u00e2u c\u1ed5 \u0111i\u1ec3n. Thi\u1ebft k\u1ebf trang nh\u00e3 c\u1ee7a n\u00f3 c\u00f3 s\u1ecdc da m\u00e0u n\u00e2u ngang v\u00e0 logo kim lo\u1ea1i &#8220;Coach&#8221; m\u1ea1 b\u1ea1c. R\u1ed9ng r\u00e3i v\u00e0 thi\u1ebft th\u1ef1c, n\u00f3 r\u1ea5t th\u00edch h\u1ee3p \u0111\u1ec3 mang theo ti\u1ec1n m\u1eb7t, th\u1ebb v\u00e0 c\u00e1c t\u00e0i li\u1ec7u quan tr\u1ecdng.<\/p>\n","protected":false},"featured_media":2440,"comment_status":"open","ping_status":"closed","template":"","meta":{"inline_featured_image":false},"product_brand":[],"product_cat":[48],"product_tag":[],"class_list":{"0":"post-3993","1":"product","2":"type-product","3":"status-publish","4":"has-post-thumbnail","6":"product_cat-vi","8":"first","9":"outofstock","10":"shipping-taxable","11":"purchasable","12":"product-type-simple"},"acf":[],"_links":{"self":[{"href":"https:\/\/tynivintage.com\/vi\/wp-json\/wp\/v2\/product\/3993","targetHints":{"allow":["GET"]}}],"collection":[{"href":"https:\/\/tynivintage.com\/vi\/wp-json\/wp\/v2\/product"}],"about":[{"href":"https:\/\/tynivintage.com\/vi\/wp-json\/wp\/v2\/types\/product"}],"replies":[{"embeddable":true,"href":"https:\/\/tynivintage.com\/vi\/wp-json\/wp\/v2\/comments?post=3993"}],"wp:featuredmedia":[{"embeddable":true,"href":"https:\/\/tynivintage.com\/vi\/wp-json\/wp\/v2\/media\/2440"}],"wp:attachment":[{"href":"https:\/\/tynivintage.com\/vi\/wp-json\/wp\/v2\/media?parent=3993"}],"wp:term":[{"taxonomy":"product_brand","embeddable":true,"href":"https:\/\/tynivintage.com\/vi\/wp-json\/wp\/v2\/product_brand?post=3993"},{"taxonomy":"product_cat","embeddable":true,"href":"https:\/\/tynivintage.com\/vi\/wp-json\/wp\/v2\/product_cat?post=3993"},{"taxonomy":"product_tag","embeddable":true,"href":"https:\/\/tynivintage.com\/vi\/wp-json\/wp\/v2\/product_tag?post=3993"}],"curies":[{"name":"wp","href":"https:\/\/api.w.org\/{rel}","templated":true}]}}