{"id":3978,"date":"2025-03-06T22:10:18","date_gmt":"2025-03-14T14:54:53","guid":{"rendered":"https:\/\/tynivintage.com\/?post_type=product&#038;p=3978"},"modified":"2025-03-14T22:00:19","modified_gmt":"2025-03-14T15:00:19","slug":"vi-dai-coach-signature-canvas","status":"publish","type":"product","link":"https:\/\/tynivintage.com\/vi\/san-pham\/vi-dai-coach-signature-canvas\/","title":{"rendered":"V\u00ed d\u00e0i Coach Signature Canvas"},"content":{"rendered":"<p>&#x1f539; Th\u01b0\u01a1ng hi\u1ec7u: Hu\u1ea5n luy\u1ec7n vi\u00ean<br \/>\n&#x1f539; Ch\u1ea5t li\u1ec7u: V\u1ea3i b\u1ea1t cao c\u1ea5p v\u1edbi vi\u1ec1n da, b\u1ec1n v\u00e0 d\u1ec5 lau ch\u00f9i<br \/>\n&#x1f539; M\u00e0u s\u1eafc: M\u00e0u be thanh l\u1ecbch \/ n\u00e2u nh\u1ea1t, linh ho\u1ea1t cho nhi\u1ec1u phong c\u00e1ch kh\u00e1c nhau<br \/>\n&#x1f539; Hoa v\u0103n: Ch\u1eef l\u1ed3ng ch\u1eef &#8220;C&#8221; \u0111\u1eb7c tr\u01b0ng c\u1ee7a Coach, th\u00eam n\u00e9t phong c\u00e1ch<br \/>\n&#x1f539; Thi\u1ebft k\u1ebf: V\u00ed d\u00e0i v\u1edbi n\u1eafp cong v\u00e0 m\u00f3c c\u00e0i kim lo\u1ea1i h\u00ecnh b\u1ea7u d\u1ee5c kh\u1eafc logo Coach<br \/>\n&#x1f539; Ng\u0103n:<br \/>\n\u2022 Nhi\u1ec1u khe c\u1eafm th\u1ebb \u0111\u1ec3 thu\u1eadn ti\u1ec7n<br \/>\n\u2022 Ng\u0103n ch\u00ednh r\u1ed9ng r\u00e3i \u0111\u1ec3 \u0111\u1ef1ng ti\u1ec1n m\u1eb7t v\u00e0 h\u00f3a \u0111\u01a1n<br \/>\n\u2022 T\u00fai c\u00f3 kh\u00f3a k\u00e9o b\u00ean trong \u0111\u1ec3 \u0111\u1ef1ng ti\u1ec1n xu ho\u1eb7c t\u00e0i li\u1ec7u quan tr\u1ecdng<\/p>\n<p>&#x2728; Phong c\u00e1ch: Thanh l\u1ecbch v\u00e0 th\u1eddi trang &#8211; Ho\u00e0n h\u1ea3o cho c\u00f4ng vi\u1ec7c, \u0111i ch\u01a1i b\u00ecnh th\u01b0\u1eddng ho\u1eb7c l\u00e0m qu\u00e0 t\u1eb7ng tinh t\u1ebf<\/p>\n<p>&#x1f4cc; T\u00ecnh tr\u1ea1ng: s\u1ea3n ph\u1ea9m ch\u00ednh h\u00e3ng<\/p>\n","protected":false},"excerpt":{"rendered":"<p>. V\u00ed d\u00e0i Coach \u0111\u01b0\u1ee3c thi\u1ebft k\u1ebf v\u1edbi ch\u1ea5t li\u1ec7u canvas c\u00f3 h\u1ecda ti\u1ebft ch\u1eef l\u1ed3ng ch\u1eef &#8220;C&#8221; \u0111\u1eb7c tr\u01b0ng c\u1ee7a th\u01b0\u01a1ng hi\u1ec7u v\u1edbi t\u00f4ng m\u00e0u be thanh l\u1ecbch. N\u00f3 c\u00f3 m\u1ed9t n\u1eafp cong v\u1edbi m\u1ed9t m\u00f3c c\u00e0i kim lo\u1ea1i h\u00ecnh b\u1ea7u d\u1ee5c \u0111\u01b0\u1ee3c kh\u1eafc logo Coach v\u00e0 c\u00e1c c\u1ea1nh \u0111\u01b0\u1ee3c kh\u00e2u g\u1ecdn g\u00e0ng. Chi\u1ebfc v\u00ed th\u1eddi trang n\u00e0y l\u00fd t\u01b0\u1edfng \u0111\u1ec3 mang theo ti\u1ec1n m\u1eb7t, th\u1ebb v\u00e0 c\u00e1c t\u00e0i li\u1ec7u c\u1ea7n thi\u1ebft.<\/p>\n","protected":false},"featured_media":2458,"comment_status":"open","ping_status":"closed","template":"","meta":{"inline_featured_image":false},"product_brand":[],"product_cat":[48],"product_tag":[],"class_list":{"0":"post-3978","1":"product","2":"type-product","3":"status-publish","4":"has-post-thumbnail","6":"product_cat-vi","8":"first","9":"outofstock","10":"shipping-taxable","11":"purchasable","12":"product-type-simple"},"acf":[],"_links":{"self":[{"href":"https:\/\/tynivintage.com\/vi\/wp-json\/wp\/v2\/product\/3978","targetHints":{"allow":["GET"]}}],"collection":[{"href":"https:\/\/tynivintage.com\/vi\/wp-json\/wp\/v2\/product"}],"about":[{"href":"https:\/\/tynivintage.com\/vi\/wp-json\/wp\/v2\/types\/product"}],"replies":[{"embeddable":true,"href":"https:\/\/tynivintage.com\/vi\/wp-json\/wp\/v2\/comments?post=3978"}],"wp:featuredmedia":[{"embeddable":true,"href":"https:\/\/tynivintage.com\/vi\/wp-json\/wp\/v2\/media\/2458"}],"wp:attachment":[{"href":"https:\/\/tynivintage.com\/vi\/wp-json\/wp\/v2\/media?parent=3978"}],"wp:term":[{"taxonomy":"product_brand","embeddable":true,"href":"https:\/\/tynivintage.com\/vi\/wp-json\/wp\/v2\/product_brand?post=3978"},{"taxonomy":"product_cat","embeddable":true,"href":"https:\/\/tynivintage.com\/vi\/wp-json\/wp\/v2\/product_cat?post=3978"},{"taxonomy":"product_tag","embeddable":true,"href":"https:\/\/tynivintage.com\/vi\/wp-json\/wp\/v2\/product_tag?post=3978"}],"curies":[{"name":"wp","href":"https:\/\/api.w.org\/{rel}","templated":true}]}}