{"id":3977,"date":"2025-03-06T22:21:28","date_gmt":"2025-03-14T14:49:15","guid":{"rendered":"https:\/\/tynivintage.com\/?post_type=product&#038;p=3977"},"modified":"2025-03-14T21:49:47","modified_gmt":"2025-03-14T14:49:47","slug":"vi-zip-goc-trung-binh-coach-vi-mau-hong-de-thuong","status":"publish","type":"product","link":"https:\/\/tynivintage.com\/vi\/san-pham\/vi-zip-goc-trung-binh-coach-vi-mau-hong-de-thuong\/","title":{"rendered":"V\u00cd ZIP G\u00d3C TRUNG B\u00ccNH COACH V\u00cd M\u00c0U H\u1ed2NG D\u1ec4 TH\u01af\u01a0NG"},"content":{"rendered":"<p>V\u00ed Coach Mini Tab &#8211; M\u00e0u h\u1ed3ng<\/p>\n<p>V\u00ed Coach Mini Tab l\u00e0 s\u1ef1 k\u1ebft h\u1ee3p ho\u00e0n h\u1ea3o gi\u1eefa s\u1ef1 sang tr\u1ecdng v\u00e0 thi\u1ebft th\u1ef1c. V\u1edbi thi\u1ebft k\u1ebf nh\u1ecf g\u1ecdn nh\u01b0ng kh\u00f4ng gian l\u01b0u tr\u1eef r\u1ed9ng r\u00e3i, chi\u1ebfc v\u00ed n\u00e0y l\u00e0 s\u1ef1 l\u1ef1a ch\u1ecdn l\u00fd t\u01b0\u1edfng cho nh\u1eefng ai y\u00eau th\u00edch m\u1ed9t ph\u1ee5 ki\u1ec7n ki\u1ec3u d\u00e1ng \u0111\u1eb9p, phong c\u00e1ch v\u00e0 ti\u1ec7n d\u1ee5ng.<\/p>\n<p>C\u00e1c t\u00ednh n\u0103ng ch\u00ednh:<br \/>\n\u2022 Ch\u1ea5t li\u1ec7u: \u0110\u01b0\u1ee3c l\u00e0m t\u1eeb da th\u1eadt v\u1edbi k\u1ebft c\u1ea5u \u0111\u00e1 cu\u1ed9i t\u1ef1 nhi\u00ean, mang l\u1ea1i c\u1ea3m gi\u00e1c cao c\u1ea5p v\u00e0 \u0111\u1ed9 b\u1ec1n l\u00e2u d\u00e0i.<br \/>\n\u2022 M\u00e0u s\u1eafc: M\u00e0u h\u1ed3ng \u0111\u1eadm v\u1eeba n\u1eef t\u00ednh v\u1eeba tinh t\u1ebf, ph\u00f9 h\u1ee3p v\u1edbi nhi\u1ec1u phong c\u00e1ch kh\u00e1c nhau.<br \/>\n\u2022Thi\u1ebft k\u1ebf:<br \/>\n\u2022 V\u00ed g\u1eadp l\u1ea1i v\u1edbi m\u1ed9t tab \u0111\u00f3ng an to\u00e0n \u0111\u1ec3 gi\u1eef an to\u00e0n cho c\u00e1c v\u1eadt d\u1ee5ng c\u1ea7n thi\u1ebft c\u1ee7a b\u1ea1n.<br \/>\n\u2022 Logo Coach kim lo\u1ea1i t\u00f4ng m\u00e0u b\u1ea1c \u1edf m\u1eb7t tr\u01b0\u1edbc, th\u00eam n\u00e9t tinh t\u1ebf.<br \/>\n\u2022 Ng\u0103n l\u01b0u tr\u1eef:<br \/>\n\u2022 Nhi\u1ec1u khe c\u1eafm th\u1ebb b\u00ean trong \u0111\u1ec3 d\u1ec5 d\u00e0ng s\u1eafp x\u1ebfp th\u1ebb, ti\u1ec1n m\u1eb7t v\u00e0 c\u00e1c v\u1eadt d\u1ee5ng c\u1ea7n thi\u1ebft kh\u00e1c c\u1ee7a b\u1ea1n.<br \/>\n\u2022 T\u00fai ti\u1ec1n xu c\u00f3 kh\u00f3a k\u00e9o \u0111\u1ec3 t\u0103ng c\u01b0\u1eddng b\u1ea3o m\u1eadt.<br \/>\n\u2022 K\u00edch th\u01b0\u1edbc: Nh\u1ecf g\u1ecdn v\u00e0 nh\u1eb9, gi\u00fap b\u1ea1n d\u1ec5 d\u00e0ng mang theo tr\u00ean tay ho\u1eb7c c\u1ea5t gi\u1eef trong t\u00fai x\u00e1ch m\u00e0 kh\u00f4ng chi\u1ebfm nhi\u1ec1u di\u1ec7n t\u00edch.<\/p>\n","protected":false},"excerpt":{"rendered":"<p>V\u00ed trong h\u00ecnh l\u00e0 m\u1ed9t chi\u1ebfc v\u00ed m\u00e0u h\u1ed3ng \u0111\u1eadm \u0111\u01b0\u1ee3c l\u00e0m b\u1eb1ng da c\u00f3 k\u1ebft c\u1ea5u. N\u00f3 c\u00f3 thi\u1ebft k\u1ebf nh\u1ecf g\u1ecdn v\u1edbi n\u1eafp g\u1eadp \u0111\u01b0\u1ee3c c\u1ed1 \u0111\u1ecbnh b\u1eb1ng d\u00e2y \u0111eo ph\u00f9 h\u1ee3p. \u1ede m\u1eb7t tr\u01b0\u1edbc c\u00f3 logo kim lo\u1ea1i t\u00f4ng m\u00e0u b\u1ea1c c\u1ee7a th\u01b0\u01a1ng hi\u1ec7u &#8220;Coach&#8221;. Ng\u01b0\u1eddi c\u1ea7m v\u00ed \u0111ang \u0111eo g\u0103ng tay m\u00e0u \u0111en, t\u1ea1o s\u1ef1 t\u01b0\u01a1ng ph\u1ea3n v\u1edbi m\u00e0u s\u1eafc c\u1ee7a v\u00ed. N\u1ec1n c\u00f3 ch\u1ea5t li\u1ec7u v\u1ea3i tr\u1eafng s\u00e1ng b\u00f3ng, l\u00e0m cho chi\u1ebfc v\u00ed tr\u1edf n\u00ean n\u1ed5i b\u1eadt.<\/p>\n","protected":false},"featured_media":2472,"comment_status":"open","ping_status":"closed","template":"","meta":{"inline_featured_image":false},"product_brand":[],"product_cat":[48],"product_tag":[],"class_list":{"0":"post-3977","1":"product","2":"type-product","3":"status-publish","4":"has-post-thumbnail","6":"product_cat-vi","8":"first","9":"outofstock","10":"shipping-taxable","11":"purchasable","12":"product-type-simple"},"acf":[],"_links":{"self":[{"href":"https:\/\/tynivintage.com\/vi\/wp-json\/wp\/v2\/product\/3977","targetHints":{"allow":["GET"]}}],"collection":[{"href":"https:\/\/tynivintage.com\/vi\/wp-json\/wp\/v2\/product"}],"about":[{"href":"https:\/\/tynivintage.com\/vi\/wp-json\/wp\/v2\/types\/product"}],"replies":[{"embeddable":true,"href":"https:\/\/tynivintage.com\/vi\/wp-json\/wp\/v2\/comments?post=3977"}],"wp:featuredmedia":[{"embeddable":true,"href":"https:\/\/tynivintage.com\/vi\/wp-json\/wp\/v2\/media\/2472"}],"wp:attachment":[{"href":"https:\/\/tynivintage.com\/vi\/wp-json\/wp\/v2\/media?parent=3977"}],"wp:term":[{"taxonomy":"product_brand","embeddable":true,"href":"https:\/\/tynivintage.com\/vi\/wp-json\/wp\/v2\/product_brand?post=3977"},{"taxonomy":"product_cat","embeddable":true,"href":"https:\/\/tynivintage.com\/vi\/wp-json\/wp\/v2\/product_cat?post=3977"},{"taxonomy":"product_tag","embeddable":true,"href":"https:\/\/tynivintage.com\/vi\/wp-json\/wp\/v2\/product_tag?post=3977"}],"curies":[{"name":"wp","href":"https:\/\/api.w.org\/{rel}","templated":true}]}}