{"id":3974,"date":"2025-03-14T20:25:56","date_gmt":"2025-03-14T14:40:56","guid":{"rendered":"https:\/\/tynivintage.com\/?post_type=product&#038;p=3974"},"modified":"2025-03-14T21:40:56","modified_gmt":"2025-03-14T14:40:56","slug":"nhan-crimson-majesty-2","status":"publish","type":"product","link":"https:\/\/tynivintage.com\/vi\/san-pham\/nhan-crimson-majesty-2\/","title":{"rendered":"Nh\u1eabn Crimson Majesty"},"content":{"rendered":"<p>Chi\u1ebfc nh\u1eabn b\u1ea1c cao c\u1ea5p n\u00e0y l\u00e0 s\u1ef1 k\u1ebft h\u1ee3p ho\u00e0n h\u1ea3o gi\u1eefa v\u1ebb \u0111\u1eb9p c\u1ed5 \u0111i\u1ec3n v\u00e0 phong c\u00e1ch m\u1ea1nh m\u1ebd. \u0110i\u1ec3m nh\u1ea5n c\u1ee7a nh\u1eabn l\u00e0 vi\u00ean \u0111\u00e1 qu\u00fd m\u00e0u \u0111\u1ecf r\u1ef1c r\u1ee1, \u0111\u01b0\u1ee3c ch\u1ebf t\u00e1c t\u1ec9 m\u1ec9, t\u1ea1o n\u00ean s\u1ef1 sang tr\u1ecdng v\u00e0 cu\u1ed1n h\u00fat. Ph\u1ea7n th\u00e2n nh\u1eabn \u0111\u01b0\u1ee3c kh\u1eafc hoa v\u0103n tinh x\u1ea3o, mang \u0111\u1eadm d\u1ea5u \u1ea5n ngh\u1ec7 thu\u1eadt v\u00e0 s\u1ef1 t\u1ec9 m\u1ec9 trong t\u1eebng \u0111\u01b0\u1eddng n\u00e9t. Thi\u1ebft k\u1ebf n\u00e0y kh\u00f4ng ch\u1ec9 th\u1ec3 hi\u1ec7n s\u1ef1 \u0111\u1eb3ng c\u1ea5p m\u00e0 c\u00f2n ph\u00f9 h\u1ee3p v\u1edbi nh\u1eefng ai y\u00eau th\u00edch phong c\u00e1ch c\u00e1 t\u00ednh v\u00e0 quy\u1ec1n l\u1ef1c. M\u1ed9t l\u1ef1a ch\u1ecdn ho\u00e0n h\u1ea3o cho nh\u1eefng d\u1ecbp \u0111\u1eb7c bi\u1ec7t ho\u1eb7c l\u00e0m qu\u00e0 t\u1eb7ng \u00fd ngh\u0129a.<\/p>\n","protected":false},"excerpt":{"rendered":"<p>Chi\u1ebfc nh\u1eabn b\u1ea1c sang tr\u1ecdng v\u1edbi vi\u00ean \u0111\u00e1 \u0111\u1ecf r\u1ef1c r\u1ee1 \u1edf trung t\u00e2m, \u0111\u01b0\u1ee3c bao quanh b\u1edfi nh\u1eefng h\u1ecda ti\u1ebft ch\u1ea1m kh\u1eafc tinh x\u1ea3o, mang phong c\u00e1ch c\u1ed5 \u0111i\u1ec3n v\u00e0 m\u1ea1nh m\u1ebd.<\/p>\n","protected":false},"featured_media":3872,"comment_status":"open","ping_status":"closed","template":"","meta":{"inline_featured_image":false},"product_brand":[],"product_cat":[39],"product_tag":[],"class_list":{"0":"post-3974","1":"product","2":"type-product","3":"status-publish","4":"has-post-thumbnail","6":"product_cat-phu-kien-thoi-trang-khac","8":"first","9":"outofstock","10":"shipping-taxable","11":"purchasable","12":"product-type-simple"},"acf":[],"_links":{"self":[{"href":"https:\/\/tynivintage.com\/vi\/wp-json\/wp\/v2\/product\/3974","targetHints":{"allow":["GET"]}}],"collection":[{"href":"https:\/\/tynivintage.com\/vi\/wp-json\/wp\/v2\/product"}],"about":[{"href":"https:\/\/tynivintage.com\/vi\/wp-json\/wp\/v2\/types\/product"}],"replies":[{"embeddable":true,"href":"https:\/\/tynivintage.com\/vi\/wp-json\/wp\/v2\/comments?post=3974"}],"wp:featuredmedia":[{"embeddable":true,"href":"https:\/\/tynivintage.com\/vi\/wp-json\/wp\/v2\/media\/3872"}],"wp:attachment":[{"href":"https:\/\/tynivintage.com\/vi\/wp-json\/wp\/v2\/media?parent=3974"}],"wp:term":[{"taxonomy":"product_brand","embeddable":true,"href":"https:\/\/tynivintage.com\/vi\/wp-json\/wp\/v2\/product_brand?post=3974"},{"taxonomy":"product_cat","embeddable":true,"href":"https:\/\/tynivintage.com\/vi\/wp-json\/wp\/v2\/product_cat?post=3974"},{"taxonomy":"product_tag","embeddable":true,"href":"https:\/\/tynivintage.com\/vi\/wp-json\/wp\/v2\/product_tag?post=3974"}],"curies":[{"name":"wp","href":"https:\/\/api.w.org\/{rel}","templated":true}]}}