{"id":3973,"date":"2025-03-14T20:27:55","date_gmt":"2025-03-14T14:39:11","guid":{"rendered":"https:\/\/tynivintage.com\/?post_type=product&#038;p=3973"},"modified":"2025-03-14T21:39:11","modified_gmt":"2025-03-14T14:39:11","slug":"nhan-bac-dinh-da-do-sang-trong","status":"publish","type":"product","link":"https:\/\/tynivintage.com\/vi\/san-pham\/nhan-bac-dinh-da-do-sang-trong\/","title":{"rendered":"Nh\u1eabn B\u1ea1c \u0110\u00ednh \u0110\u00e1 \u0110\u1ecf Sang Tr\u1ecdng"},"content":{"rendered":"<p>T\u00f4n vinh v\u1ebb \u0111\u1eb9p qu\u00fd ph\u00e1i v\u00e0 sang tr\u1ecdng, chi\u1ebfc nh\u1eabn n\u00e0y \u0111\u01b0\u1ee3c ch\u1ebf t\u00e1c tinh x\u1ea3o t\u1eeb b\u1ea1c cao c\u1ea5p, k\u1ebft h\u1ee3p v\u1edbi \u0111i\u1ec3m nh\u1ea5n l\u00e0 vi\u00ean \u0111\u00e1 \u0111\u1ecf h\u00ecnh gi\u1ecdt l\u1ec7 r\u1ef1c r\u1ee1. Vi\u00ean \u0111\u00e1 \u0111\u01b0\u1ee3c bao b\u1ecdc b\u1edfi khung nh\u1eabn ch\u1eafc ch\u1eafn, c\u00f3 c\u00e1c chi ti\u1ebft m\u1ea1 v\u00e0ng tinh t\u1ebf, t\u1ea1o n\u00ean s\u1ef1 h\u00e0i h\u00f2a gi\u1eefa n\u00e9t c\u1ed5 \u0111i\u1ec3n v\u00e0 hi\u1ec7n \u0111\u1ea1i. Thi\u1ebft k\u1ebf thanh l\u1ecbch c\u00f9ng s\u1ef1 k\u1ebft h\u1ee3p gi\u1eefa b\u1ea1c v\u00e0 v\u00e0ng gi\u00fap chi\u1ebfc nh\u1eabn tr\u1edf th\u00e0nh m\u00f3n trang s\u1ee9c \u0111\u1eb3ng c\u1ea5p, ph\u00f9 h\u1ee3p cho c\u00e1c bu\u1ed5i ti\u1ec7c sang tr\u1ecdng ho\u1eb7c l\u00e0m qu\u00e0 t\u1eb7ng \u00fd ngh\u0129a cho ng\u01b0\u1eddi th\u00e2n y\u00eau.<\/p>\n<p>Ch\u1ea5t li\u1ec7u: B\u1ea1c cao c\u1ea5p, m\u1ea1 v\u00e0ng<br \/>\nLo\u1ea1i \u0111\u00e1: \u0110\u00e1 \u0111\u1ecf t\u1ef1 nhi\u00ean \/ \u0111\u00e1 t\u1ed5ng h\u1ee3p cao c\u1ea5p<br \/>\nKi\u1ec3u d\u00e1ng: Gi\u1ecdt l\u1ec7 tinh t\u1ebf<br \/>\nK\u00edch th\u01b0\u1edbc: T\u00f9y ch\u1ec9nh theo size y\u00eau c\u1ea7u<br \/>\nPhong c\u00e1ch: C\u1ed5 \u0111i\u1ec3n, sang tr\u1ecdng<\/p>\n","protected":false},"excerpt":{"rendered":"<p>Chi\u1ebfc nh\u1eabn sang tr\u1ecdng v\u1edbi vi\u00ean \u0111\u00e1 \u0111\u1ecf l\u1ea5p l\u00e1nh h\u00ecnh gi\u1ecdt n\u01b0\u1edbc, \u0111\u01b0\u1ee3c bao b\u1ecdc trong khung b\u1ea1c tinh x\u1ea3o, \u0111i\u1ec3m xuy\u1ebft c\u00e1c chi ti\u1ebft v\u00e0ng n\u1ed5i b\u1eadt, t\u1ea1o n\u00ean v\u1ebb \u0111\u1eb9p thanh l\u1ecbch v\u00e0 cu\u1ed1n h\u00fat.<\/p>\n","protected":false},"featured_media":3877,"comment_status":"open","ping_status":"closed","template":"","meta":{"inline_featured_image":false},"product_brand":[],"product_cat":[39],"product_tag":[],"class_list":{"0":"post-3973","1":"product","2":"type-product","3":"status-publish","4":"has-post-thumbnail","6":"product_cat-phu-kien-thoi-trang-khac","8":"first","9":"outofstock","10":"shipping-taxable","11":"purchasable","12":"product-type-simple"},"acf":[],"_links":{"self":[{"href":"https:\/\/tynivintage.com\/vi\/wp-json\/wp\/v2\/product\/3973","targetHints":{"allow":["GET"]}}],"collection":[{"href":"https:\/\/tynivintage.com\/vi\/wp-json\/wp\/v2\/product"}],"about":[{"href":"https:\/\/tynivintage.com\/vi\/wp-json\/wp\/v2\/types\/product"}],"replies":[{"embeddable":true,"href":"https:\/\/tynivintage.com\/vi\/wp-json\/wp\/v2\/comments?post=3973"}],"wp:featuredmedia":[{"embeddable":true,"href":"https:\/\/tynivintage.com\/vi\/wp-json\/wp\/v2\/media\/3877"}],"wp:attachment":[{"href":"https:\/\/tynivintage.com\/vi\/wp-json\/wp\/v2\/media?parent=3973"}],"wp:term":[{"taxonomy":"product_brand","embeddable":true,"href":"https:\/\/tynivintage.com\/vi\/wp-json\/wp\/v2\/product_brand?post=3973"},{"taxonomy":"product_cat","embeddable":true,"href":"https:\/\/tynivintage.com\/vi\/wp-json\/wp\/v2\/product_cat?post=3973"},{"taxonomy":"product_tag","embeddable":true,"href":"https:\/\/tynivintage.com\/vi\/wp-json\/wp\/v2\/product_tag?post=3973"}],"curies":[{"name":"wp","href":"https:\/\/api.w.org\/{rel}","templated":true}]}}