{"id":3970,"date":"2025-03-14T20:30:52","date_gmt":"2025-03-14T14:37:38","guid":{"rendered":"https:\/\/tynivintage.com\/?post_type=product&#038;p=3970"},"modified":"2025-03-14T21:37:38","modified_gmt":"2025-03-14T14:37:38","slug":"nhan-crimson-majesty","status":"publish","type":"product","link":"https:\/\/tynivintage.com\/vi\/san-pham\/nhan-crimson-majesty\/","title":{"rendered":"Nh\u1eabn Crimson Majesty"},"content":{"rendered":"<p>Chi\u1ebfc nh\u1eabn b\u1ea1c mang phong c\u00e1ch c\u1ed5 \u0111i\u1ec3n v\u1edbi thi\u1ebft k\u1ebf \u0111\u1ed9c \u0111\u00e1o, t\u1ea1o \u0111i\u1ec3m nh\u1ea5n b\u1eb1ng nh\u1eefng vi\u00ean \u0111\u00e1 \u0111\u1ecf r\u1ef1c r\u1ee1 \u0111\u01b0\u1ee3c \u0111\u00ednh m\u1ed9t c\u00e1ch tinh t\u1ebf. C\u00e1c h\u1ecda ti\u1ebft ch\u1ea1m kh\u1eafc t\u1ec9 m\u1ec9 tr\u00ean th\u00e2n nh\u1eabn t\u1ea1o n\u00ean v\u1ebb \u0111\u1eb9p sang tr\u1ecdng v\u00e0 \u0111\u1ea7y cu\u1ed1n h\u00fat. V\u1edbi s\u1ef1 k\u1ebft h\u1ee3p gi\u1eefa ch\u1ea5t li\u1ec7u b\u1ea1c cao c\u1ea5p v\u00e0 \u0111\u00e1 qu\u00fd n\u1ed5i b\u1eadt, chi\u1ebfc nh\u1eabn kh\u00f4ng ch\u1ec9 l\u00e0 m\u1ed9t m\u00f3n trang s\u1ee9c m\u00e0 c\u00f2n l\u00e0 bi\u1ec3u t\u01b0\u1ee3ng c\u1ee7a s\u1ef1 qu\u00fd ph\u00e1i v\u00e0 \u0111\u1eb3ng c\u1ea5p. \u0110\u00e2y l\u00e0 l\u1ef1a ch\u1ecdn ho\u00e0n h\u1ea3o cho nh\u1eefng ai y\u00eau th\u00edch phong c\u00e1ch ho\u00e0i c\u1ed5 nh\u01b0ng v\u1eabn mu\u1ed1n gi\u1eef n\u00e9t hi\u1ec7n \u0111\u1ea1i v\u00e0 c\u00e1 t\u00ednh.<\/p>\n<p>Th\u00f4ng tin chi ti\u1ebft:<br \/>\n\u2022 Ch\u1ea5t li\u1ec7u: B\u1ea1c cao c\u1ea5p<br \/>\n\u2022 \u0110\u00e1 qu\u00fd: \u0110\u00e1 \u0111\u1ecf t\u1ef1 nhi\u00ean<br \/>\n\u2022 Phong c\u00e1ch: C\u1ed5 \u0111i\u1ec3n, sang tr\u1ecdng<br \/>\n\u2022 Thi\u1ebft k\u1ebf: Ch\u1ea1m kh\u1eafc tinh x\u1ea3o, t\u1ea1o \u0111i\u1ec3m nh\u1ea5n v\u1edbi nhi\u1ec1u vi\u00ean \u0111\u00e1 qu\u00fd<br \/>\n\u2022 \u1ee8ng d\u1ee5ng: Ph\u00f9 h\u1ee3p cho c\u00e1c s\u1ef1 ki\u1ec7n quan tr\u1ecdng, l\u00e0m qu\u00e0 t\u1eb7ng ho\u1eb7c trang s\u1ee9c c\u00e1 nh\u00e2n<\/p>\n","protected":false},"excerpt":{"rendered":"<p>Chi\u1ebfc nh\u1eabn b\u1ea1c \u0111\u01b0\u1ee3c thi\u1ebft k\u1ebf tinh x\u1ea3o v\u1edbi h\u1ecda ti\u1ebft c\u1ed5 \u0111i\u1ec3n, \u0111\u00ednh nhi\u1ec1u vi\u00ean \u0111\u00e1 \u0111\u1ecf r\u1ef1c r\u1ee1, t\u1ea1o n\u00ean v\u1ebb \u0111\u1eb9p sang tr\u1ecdng v\u00e0 \u0111\u1ea7y \u1ea5n t\u01b0\u1ee3ng.<\/p>\n","protected":false},"featured_media":3882,"comment_status":"open","ping_status":"closed","template":"","meta":{"inline_featured_image":false},"product_brand":[],"product_cat":[39],"product_tag":[],"class_list":{"0":"post-3970","1":"product","2":"type-product","3":"status-publish","4":"has-post-thumbnail","6":"product_cat-phu-kien-thoi-trang-khac","8":"first","9":"outofstock","10":"shipping-taxable","11":"purchasable","12":"product-type-simple"},"acf":[],"_links":{"self":[{"href":"https:\/\/tynivintage.com\/vi\/wp-json\/wp\/v2\/product\/3970","targetHints":{"allow":["GET"]}}],"collection":[{"href":"https:\/\/tynivintage.com\/vi\/wp-json\/wp\/v2\/product"}],"about":[{"href":"https:\/\/tynivintage.com\/vi\/wp-json\/wp\/v2\/types\/product"}],"replies":[{"embeddable":true,"href":"https:\/\/tynivintage.com\/vi\/wp-json\/wp\/v2\/comments?post=3970"}],"wp:featuredmedia":[{"embeddable":true,"href":"https:\/\/tynivintage.com\/vi\/wp-json\/wp\/v2\/media\/3882"}],"wp:attachment":[{"href":"https:\/\/tynivintage.com\/vi\/wp-json\/wp\/v2\/media?parent=3970"}],"wp:term":[{"taxonomy":"product_brand","embeddable":true,"href":"https:\/\/tynivintage.com\/vi\/wp-json\/wp\/v2\/product_brand?post=3970"},{"taxonomy":"product_cat","embeddable":true,"href":"https:\/\/tynivintage.com\/vi\/wp-json\/wp\/v2\/product_cat?post=3970"},{"taxonomy":"product_tag","embeddable":true,"href":"https:\/\/tynivintage.com\/vi\/wp-json\/wp\/v2\/product_tag?post=3970"}],"curies":[{"name":"wp","href":"https:\/\/api.w.org\/{rel}","templated":true}]}}