{"id":3969,"date":"2025-03-14T20:34:28","date_gmt":"2025-03-14T14:32:55","guid":{"rendered":"https:\/\/tynivintage.com\/?post_type=product&#038;p=3969"},"modified":"2025-03-14T21:32:55","modified_gmt":"2025-03-14T14:32:55","slug":"nhan-azure-elegance","status":"publish","type":"product","link":"https:\/\/tynivintage.com\/vi\/san-pham\/nhan-azure-elegance\/","title":{"rendered":"Nh\u1eabn Azure Elegance"},"content":{"rendered":"<p>T\u00f4n vinh s\u1ef1 tinh t\u1ebf v\u00e0 \u0111\u1eb3ng c\u1ea5p, chi\u1ebfc nh\u1eabn v\u00e0ng n\u00e0y \u0111\u01b0\u1ee3c ch\u1ebf t\u00e1c tinh x\u1ea3o v\u1edbi ch\u1ea5t li\u1ec7u v\u00e0ng cao c\u1ea5p, mang \u0111\u1ebfn v\u1ebb \u0111\u1eb9p sang tr\u1ecdng v\u00e0 qu\u00fd ph\u00e1i. \u0110i\u1ec3m nh\u1ea5n \u0111\u1eb7c bi\u1ec7t c\u1ee7a nh\u1eabn l\u00e0 nh\u1eefng vi\u00ean \u0111\u00e1 ng\u1ecdc lam nh\u1ecf \u0111\u01b0\u1ee3c \u0111\u00ednh t\u1ec9 m\u1ec9, t\u1ea1o n\u00ean hi\u1ec7u \u1ee9ng l\u1ea5p l\u00e1nh \u0111\u1ea7y cu\u1ed1n h\u00fat.<\/p>\n<p>Thi\u1ebft k\u1ebf \u0111\u1ed9c \u0111\u00e1o v\u1edbi chi ti\u1ebft \u1ed5 kh\u00f3a nh\u1ecf \u1edf trung t\u00e2m kh\u00f4ng ch\u1ec9 t\u0103ng th\u00eam n\u00e9t c\u00e1 t\u00ednh m\u00e0 c\u00f2n t\u01b0\u1ee3ng tr\u01b0ng cho s\u1ef1 g\u1eafn k\u1ebft, b\u00ed \u1ea9n v\u00e0 sang tr\u1ecdng. \u0110\u00e2y l\u00e0 m\u00f3n trang s\u1ee9c ho\u00e0n h\u1ea3o d\u00e0nh cho nh\u1eefng ai y\u00eau th\u00edch s\u1ef1 kh\u00e1c bi\u1ec7t v\u00e0 phong c\u00e1ch th\u1eddi trang tinh t\u1ebf.<\/p>\n<p>Th\u00f4ng tin s\u1ea3n ph\u1ea9m:<br \/>\n\u2022 Ch\u1ea5t li\u1ec7u: V\u00e0ng cao c\u1ea5p<br \/>\n\u2022 \u0110\u00e1 qu\u00fd: Ng\u1ecdc lam t\u1ef1 nhi\u00ean<br \/>\n\u2022 Thi\u1ebft k\u1ebf: \u0110\u00ednh \u0111\u00e1 to\u00e0n b\u1ed9 b\u1ec1 m\u1eb7t, \u0111i\u1ec3m nh\u1ea5n \u1ed5 kh\u00f3a tinh x\u1ea3o<br \/>\n\u2022 Ph\u00f9 h\u1ee3p: S\u1eed d\u1ee5ng h\u00e0ng ng\u00e0y ho\u1eb7c l\u00e0m qu\u00e0 t\u1eb7ng \u0111\u1eb7c bi\u1ec7t<\/p>\n","protected":false},"excerpt":{"rendered":"<p>Chi\u1ebfc nh\u1eabn sang tr\u1ecdng v\u1edbi ch\u1ea5t li\u1ec7u v\u00e0ng, \u0111\u01b0\u1ee3c \u0111\u00ednh \u0111\u00e1 m\u00e0u xanh ng\u1ecdc tinh x\u1ea3o. Thi\u1ebft k\u1ebf \u0111\u1ed9c \u0111\u00e1o v\u1edbi chi ti\u1ebft h\u00ecnh kh\u00f3a nh\u1ecf \u1edf trung t\u00e2m, t\u1ea1o \u0111i\u1ec3m nh\u1ea5n thanh l\u1ecbch v\u00e0 cu\u1ed1n h\u00fat.<\/p>\n","protected":false},"featured_media":3889,"comment_status":"open","ping_status":"closed","template":"","meta":{"inline_featured_image":false},"product_brand":[],"product_cat":[39],"product_tag":[],"class_list":{"0":"post-3969","1":"product","2":"type-product","3":"status-publish","4":"has-post-thumbnail","6":"product_cat-phu-kien-thoi-trang-khac","8":"first","9":"outofstock","10":"shipping-taxable","11":"purchasable","12":"product-type-simple"},"acf":[],"_links":{"self":[{"href":"https:\/\/tynivintage.com\/vi\/wp-json\/wp\/v2\/product\/3969","targetHints":{"allow":["GET"]}}],"collection":[{"href":"https:\/\/tynivintage.com\/vi\/wp-json\/wp\/v2\/product"}],"about":[{"href":"https:\/\/tynivintage.com\/vi\/wp-json\/wp\/v2\/types\/product"}],"replies":[{"embeddable":true,"href":"https:\/\/tynivintage.com\/vi\/wp-json\/wp\/v2\/comments?post=3969"}],"wp:featuredmedia":[{"embeddable":true,"href":"https:\/\/tynivintage.com\/vi\/wp-json\/wp\/v2\/media\/3889"}],"wp:attachment":[{"href":"https:\/\/tynivintage.com\/vi\/wp-json\/wp\/v2\/media?parent=3969"}],"wp:term":[{"taxonomy":"product_brand","embeddable":true,"href":"https:\/\/tynivintage.com\/vi\/wp-json\/wp\/v2\/product_brand?post=3969"},{"taxonomy":"product_cat","embeddable":true,"href":"https:\/\/tynivintage.com\/vi\/wp-json\/wp\/v2\/product_cat?post=3969"},{"taxonomy":"product_tag","embeddable":true,"href":"https:\/\/tynivintage.com\/vi\/wp-json\/wp\/v2\/product_tag?post=3969"}],"curies":[{"name":"wp","href":"https:\/\/api.w.org\/{rel}","templated":true}]}}