{"id":3968,"date":"2025-03-14T20:37:00","date_gmt":"2025-03-14T14:28:27","guid":{"rendered":"https:\/\/tynivintage.com\/?post_type=product&#038;p=3968"},"modified":"2025-03-14T21:34:21","modified_gmt":"2025-03-14T14:34:21","slug":"chiec-nhan-da-quy-do-sang-trong","status":"publish","type":"product","link":"https:\/\/tynivintage.com\/vi\/san-pham\/chiec-nhan-da-quy-do-sang-trong\/","title":{"rendered":"Chi\u1ebfc Nh\u1eabn \u0110\u00e1 Qu\u00fd \u0110\u1ecf Sang Tr\u1ecdng"},"content":{"rendered":"<p>Chi\u1ebfc Nh\u1eabn \u0110\u00e1 Qu\u00fd \u0110\u1ecf Sang Tr\u1ecdng \u2013 Bi\u1ec3u T\u01b0\u1ee3ng C\u1ee7a S\u1ef1 Qu\u00fd Ph\u00e1i<\/p>\n<p>H\u00e3y t\u00f4 \u0111i\u1ec3m phong c\u00e1ch c\u1ee7a b\u1ea1n v\u1edbi chi\u1ebfc nh\u1eabn \u0111\u00e1 qu\u00fd \u0111\u1ecf \u0111\u1ea7y quy\u1ebfn r\u0169 n\u00e0y. S\u1edf h\u1eefu thi\u1ebft k\u1ebf tinh t\u1ebf, chi\u1ebfc nh\u1eabn n\u1ed5i b\u1eadt v\u1edbi vi\u00ean \u0111\u00e1 ch\u1ee7 m\u00e0u \u0111\u1ecf \u0111\u1eadm \u0111\u01b0\u1ee3c c\u1eaft ki\u1ec3u cabochon, mang \u0111\u1ebfn v\u1ebb \u0111\u1eb9p huy\u1ec1n b\u00ed v\u00e0 sang tr\u1ecdng. Ph\u1ea7n th\u00e2n nh\u1eabn \u0111\u01b0\u1ee3c ch\u1ebf t\u00e1c t\u1eeb kim lo\u1ea1i m\u1ea1 v\u00e0ng, t\u1ea1o n\u00ean s\u1ef1 k\u1ebft h\u1ee3p ho\u00e0n h\u1ea3o gi\u1eefa c\u1ed5 \u0111i\u1ec3n v\u00e0 hi\u1ec7n \u0111\u1ea1i. \u0110\u1eb7c bi\u1ec7t, nh\u1eefng vi\u00ean \u0111\u00e1 nh\u1ecf l\u1ea5p l\u00e1nh \u0111\u01b0\u1ee3c \u0111\u00ednh xung quanh c\u00e0ng l\u00e0m t\u00f4n l\u00ean v\u1ebb \u0111\u1eb9p tinh x\u1ea3o, thu h\u00fat m\u1ecdi \u00e1nh nh\u00ec<\/p>\n","protected":false},"excerpt":{"rendered":"<p>Chi\u1ebfc nh\u1eabn mang phong c\u00e1ch c\u1ed5 \u0111i\u1ec3n v\u1edbi vi\u00ean \u0111\u00e1 ch\u1ee7 m\u00e0u \u0111\u1ecf \u0111\u1eadm, \u0111\u01b0\u1ee3c m\u00e0i d\u1ea1ng cabochon m\u1ec1m m\u1ea1i. Ph\u1ea7n th\u00e2n nh\u1eabn b\u1eb1ng kim lo\u1ea1i v\u00e0ng, \u0111i\u1ec3m xuy\u1ebft h\u1ecda ti\u1ebft tinh x\u1ea3o c\u00f9ng nh\u1eefng vi\u00ean \u0111\u00e1 nh\u1ecf l\u1ea5p l\u00e1nh, t\u1ea1o n\u00ean v\u1ebb \u0111\u1eb9p sang tr\u1ecdng v\u00e0 cu\u1ed1n h\u00fat.<\/p>\n","protected":false},"featured_media":3894,"comment_status":"open","ping_status":"closed","template":"","meta":{"inline_featured_image":false},"product_brand":[],"product_cat":[39],"product_tag":[],"class_list":{"0":"post-3968","1":"product","2":"type-product","3":"status-publish","4":"has-post-thumbnail","6":"product_cat-phu-kien-thoi-trang-khac","8":"first","9":"outofstock","10":"shipping-taxable","11":"purchasable","12":"product-type-simple"},"acf":[],"_links":{"self":[{"href":"https:\/\/tynivintage.com\/vi\/wp-json\/wp\/v2\/product\/3968","targetHints":{"allow":["GET"]}}],"collection":[{"href":"https:\/\/tynivintage.com\/vi\/wp-json\/wp\/v2\/product"}],"about":[{"href":"https:\/\/tynivintage.com\/vi\/wp-json\/wp\/v2\/types\/product"}],"replies":[{"embeddable":true,"href":"https:\/\/tynivintage.com\/vi\/wp-json\/wp\/v2\/comments?post=3968"}],"wp:featuredmedia":[{"embeddable":true,"href":"https:\/\/tynivintage.com\/vi\/wp-json\/wp\/v2\/media\/3894"}],"wp:attachment":[{"href":"https:\/\/tynivintage.com\/vi\/wp-json\/wp\/v2\/media?parent=3968"}],"wp:term":[{"taxonomy":"product_brand","embeddable":true,"href":"https:\/\/tynivintage.com\/vi\/wp-json\/wp\/v2\/product_brand?post=3968"},{"taxonomy":"product_cat","embeddable":true,"href":"https:\/\/tynivintage.com\/vi\/wp-json\/wp\/v2\/product_cat?post=3968"},{"taxonomy":"product_tag","embeddable":true,"href":"https:\/\/tynivintage.com\/vi\/wp-json\/wp\/v2\/product_tag?post=3968"}],"curies":[{"name":"wp","href":"https:\/\/api.w.org\/{rel}","templated":true}]}}