{"id":3966,"date":"2025-03-14T20:40:57","date_gmt":"2025-03-14T14:26:12","guid":{"rendered":"https:\/\/tynivintage.com\/?post_type=product&#038;p=3966"},"modified":"2025-03-14T21:26:12","modified_gmt":"2025-03-14T14:26:12","slug":"nhan-emerald-noir","status":"publish","type":"product","link":"https:\/\/tynivintage.com\/vi\/san-pham\/nhan-emerald-noir\/","title":{"rendered":"Nh\u1eabn Emerald Noir"},"content":{"rendered":"<p>&nbsp;<\/p>\n<p>M\u00f4 t\u1ea3 s\u1ea3n ph\u1ea9m:<br \/>\nChi\u1ebfc nh\u1eabn mang phong c\u00e1ch hi\u1ec7n \u0111\u1ea1i v\u1edbi thi\u1ebft k\u1ebf \u0111\u1ed9c \u0111\u00e1o v\u00e0 tinh t\u1ebf. M\u1eb7t nh\u1eabn n\u1ed5i b\u1eadt v\u1edbi vi\u00ean \u0111\u00e1 xanh d\u00e0i, \u0111\u01b0\u1ee3c c\u1eaft g\u1ecdt s\u1eafc n\u00e9t, t\u1ea1o \u0111i\u1ec3m nh\u1ea5n sang tr\u1ecdng v\u00e0 thanh l\u1ecbch. Ph\u1ea7n n\u1ec1n nh\u1eabn \u0111\u01b0\u1ee3c \u0111\u00ednh nh\u1eefng vi\u00ean \u0111\u00e1 \u0111en nh\u1ecf l\u1ea5p l\u00e1nh, t\u1ea1o hi\u1ec7u \u1ee9ng t\u01b0\u01a1ng ph\u1ea3n b\u1eaft m\u1eaft v\u00e0 thu h\u00fat \u00e1nh nh\u00ecn. Ch\u1ea5t li\u1ec7u b\u1ea1c s\u00e1ng b\u00f3ng gi\u00fap t\u00f4n l\u00ean v\u1ebb \u0111\u1eb9p c\u1ee7a vi\u00ean \u0111\u00e1, \u0111\u1ed3ng th\u1eddi mang l\u1ea1i s\u1ef1 b\u1ec1n b\u1ec9 v\u00e0 sang tr\u1ecdng.<\/p>\n<p>Ch\u1ea5t li\u1ec7u: B\u1ea1c cao c\u1ea5p, \u0111\u00e1 xanh t\u1ef1 nhi\u00ean, \u0111\u00e1 \u0111en nh\u00e2n t\u1ea1o<br \/>\nK\u00edch th\u01b0\u1edbc: Ph\u00f9 h\u1ee3p nhi\u1ec1u size tay<br \/>\nPhong c\u00e1ch: Hi\u1ec7n \u0111\u1ea1i, c\u00e1 t\u00ednh, sang tr\u1ecdng<br \/>\nPh\u00f9 h\u1ee3p v\u1edbi: C\u00e1c d\u1ecbp ti\u1ec7c t\u00f9ng, s\u1ef1 ki\u1ec7n ho\u1eb7c \u0111eo h\u00e0ng ng\u00e0y \u0111\u1ec3 th\u1ec3 hi\u1ec7n phong c\u00e1ch ri\u00eang<\/p>\n<p>Chi\u1ebfc nh\u1eabn n\u00e0y kh\u00f4ng ch\u1ec9 l\u00e0 m\u1ed9t m\u00f3n trang s\u1ee9c m\u00e0 c\u00f2n l\u00e0 bi\u1ec3u t\u01b0\u1ee3ng c\u1ee7a s\u1ef1 tinh t\u1ebf v\u00e0 \u0111\u1eb3ng c\u1ea5p. H\u00e3y s\u1edf h\u1eefu ngay \u0111\u1ec3 l\u00e0m n\u1ed5i b\u1eadt phong c\u00e1ch c\u1ee7a b\u1ea1n!<\/p>\n","protected":false},"excerpt":{"rendered":"<p>Chi\u1ebfc nh\u1eabn mang thi\u1ebft k\u1ebf hi\u1ec7n \u0111\u1ea1i v\u1edbi vi\u00ean \u0111\u00e1 xanh d\u00e0i s\u1eafc n\u00e9t, \u0111\u01b0\u1ee3c c\u1ed1 \u0111\u1ecbnh tinh t\u1ebf tr\u00ean n\u1ec1n b\u1ea1c s\u00e1ng. Ph\u1ea7n th\u00e2n nh\u1eabn \u0111\u01b0\u1ee3c trang tr\u00ed b\u1eb1ng nh\u1eefng vi\u00ean \u0111\u00e1 \u0111en nh\u1ecf l\u1ea5p l\u00e1nh, t\u1ea1o n\u00ean s\u1ef1 t\u01b0\u01a1ng ph\u1ea3n \u0111\u1ed9c \u0111\u00e1o v\u00e0 \u0111\u1ea7y cu\u1ed1n h\u00fat.<\/p>\n","protected":false},"featured_media":3899,"comment_status":"open","ping_status":"closed","template":"","meta":{"inline_featured_image":false},"product_brand":[],"product_cat":[39],"product_tag":[],"class_list":{"0":"post-3966","1":"product","2":"type-product","3":"status-publish","4":"has-post-thumbnail","6":"product_cat-phu-kien-thoi-trang-khac","8":"first","9":"outofstock","10":"shipping-taxable","11":"purchasable","12":"product-type-simple"},"acf":[],"_links":{"self":[{"href":"https:\/\/tynivintage.com\/vi\/wp-json\/wp\/v2\/product\/3966","targetHints":{"allow":["GET"]}}],"collection":[{"href":"https:\/\/tynivintage.com\/vi\/wp-json\/wp\/v2\/product"}],"about":[{"href":"https:\/\/tynivintage.com\/vi\/wp-json\/wp\/v2\/types\/product"}],"replies":[{"embeddable":true,"href":"https:\/\/tynivintage.com\/vi\/wp-json\/wp\/v2\/comments?post=3966"}],"wp:featuredmedia":[{"embeddable":true,"href":"https:\/\/tynivintage.com\/vi\/wp-json\/wp\/v2\/media\/3899"}],"wp:attachment":[{"href":"https:\/\/tynivintage.com\/vi\/wp-json\/wp\/v2\/media?parent=3966"}],"wp:term":[{"taxonomy":"product_brand","embeddable":true,"href":"https:\/\/tynivintage.com\/vi\/wp-json\/wp\/v2\/product_brand?post=3966"},{"taxonomy":"product_cat","embeddable":true,"href":"https:\/\/tynivintage.com\/vi\/wp-json\/wp\/v2\/product_cat?post=3966"},{"taxonomy":"product_tag","embeddable":true,"href":"https:\/\/tynivintage.com\/vi\/wp-json\/wp\/v2\/product_tag?post=3966"}],"curies":[{"name":"wp","href":"https:\/\/api.w.org\/{rel}","templated":true}]}}