{"id":3965,"date":"2025-03-14T20:45:47","date_gmt":"2025-03-14T14:22:55","guid":{"rendered":"https:\/\/tynivintage.com\/?post_type=product&#038;p=3965"},"modified":"2025-03-14T21:22:55","modified_gmt":"2025-03-14T14:22:55","slug":"nhan-majestic-owl","status":"publish","type":"product","link":"https:\/\/tynivintage.com\/vi\/san-pham\/nhan-majestic-owl\/","title":{"rendered":"Nh\u1eabn Majestic Owl"},"content":{"rendered":"<p>Chi\u1ebfc nh\u1eabn h\u00ecnh c\u00fa mang phong c\u00e1ch c\u1ed5 \u0111i\u1ec3n, \u0111\u01b0\u1ee3c ch\u1ebf t\u00e1c tinh x\u1ea3o t\u1eeb b\u1ea1c v\u1edbi nh\u1eefng h\u1ecda ti\u1ebft ch\u1ea1m kh\u1eafc t\u1ec9 m\u1ec9. \u0110\u1ea7u c\u00fa \u0111\u01b0\u1ee3c t\u1ea1o h\u00ecnh s\u1ed1ng \u0111\u1ed9ng v\u1edbi \u0111\u00f4i m\u1eaft n\u1ed5i b\u1eadt, \u0111\u01b0\u1ee3c \u0111\u00ednh \u0111\u00e1 m\u00e0u v\u00e0ng sang tr\u1ecdng, t\u1ea1o \u0111i\u1ec3m nh\u1ea5n \u0111\u1eb7c bi\u1ec7t. Th\u00e2n nh\u1eabn c\u00f3 hoa v\u0103n u\u1ed1n l\u01b0\u1ee3n m\u1ec1m m\u1ea1i, k\u1ebft h\u1ee3p gi\u1eefa n\u00e9t c\u1ed5 \u0111i\u1ec3n v\u00e0 ngh\u1ec7 thu\u1eadt ch\u1ebf t\u00e1c kim ho\u00e0n tinh t\u1ebf. \u0110\u00e2y kh\u00f4ng ch\u1ec9 l\u00e0 m\u1ed9t m\u00f3n trang s\u1ee9c \u0111\u1ed9c \u0111\u00e1o m\u00e0 c\u00f2n mang \u00fd ngh\u0129a bi\u1ec3u t\u01b0\u1ee3ng v\u1ec1 tr\u00ed tu\u1ec7 v\u00e0 s\u1ef1 may m\u1eafn, ph\u00f9 h\u1ee3p cho nh\u1eefng ai y\u00eau th\u00edch phong c\u00e1ch thanh l\u1ecbch v\u00e0 c\u00e1 t\u00ednh.<\/p>\n<p>Ch\u1ea5t li\u1ec7u: B\u1ea1c cao c\u1ea5p<br \/>\n\u0110\u00e1 qu\u00fd: \u0110\u00ednh \u0111\u00e1 m\u00e0u v\u00e0ng<br \/>\nKi\u1ec3u d\u00e1ng: H\u00ecnh c\u00fa, phong c\u00e1ch c\u1ed5 \u0111i\u1ec3n<br \/>\n\u00dd ngh\u0129a: Bi\u1ec3u t\u01b0\u1ee3ng c\u1ee7a tr\u00ed tu\u1ec7 v\u00e0 may m\u1eafn<\/p>\n","protected":false},"excerpt":{"rendered":"<p>Chi\u1ebfc nh\u1eabn h\u00ecnh c\u00fa mang phong c\u00e1ch c\u1ed5 \u0111i\u1ec3n, \u0111\u01b0\u1ee3c ch\u1ebf t\u00e1c t\u1eeb b\u1ea1c v\u1edbi nh\u1eefng h\u1ecda ti\u1ebft ch\u1ea1m kh\u1eafc tinh x\u1ea3o. \u0110\u00f4i m\u1eaft c\u00fa \u0111\u01b0\u1ee3c t\u00f4 \u0111i\u1ec3m b\u1eb1ng \u0111\u00e1 m\u00e0u v\u00e0ng r\u1ef1c r\u1ee1, t\u1ea1o \u0111i\u1ec3m nh\u1ea5n \u0111\u1ed9c \u0111\u00e1o v\u00e0 cu\u1ed1n h\u00fat. \u0110\u00e2y l\u00e0 m\u00f3n trang s\u1ee9c th\u1ec3 hi\u1ec7n s\u1ef1 th\u00f4ng th\u00e1i v\u00e0 quy\u1ec1n uy.<\/p>\n","protected":false},"featured_media":3909,"comment_status":"open","ping_status":"closed","template":"","meta":{"inline_featured_image":false},"product_brand":[],"product_cat":[39],"product_tag":[],"class_list":{"0":"post-3965","1":"product","2":"type-product","3":"status-publish","4":"has-post-thumbnail","6":"product_cat-phu-kien-thoi-trang-khac","8":"first","9":"outofstock","10":"shipping-taxable","11":"purchasable","12":"product-type-simple"},"acf":[],"_links":{"self":[{"href":"https:\/\/tynivintage.com\/vi\/wp-json\/wp\/v2\/product\/3965","targetHints":{"allow":["GET"]}}],"collection":[{"href":"https:\/\/tynivintage.com\/vi\/wp-json\/wp\/v2\/product"}],"about":[{"href":"https:\/\/tynivintage.com\/vi\/wp-json\/wp\/v2\/types\/product"}],"replies":[{"embeddable":true,"href":"https:\/\/tynivintage.com\/vi\/wp-json\/wp\/v2\/comments?post=3965"}],"wp:featuredmedia":[{"embeddable":true,"href":"https:\/\/tynivintage.com\/vi\/wp-json\/wp\/v2\/media\/3909"}],"wp:attachment":[{"href":"https:\/\/tynivintage.com\/vi\/wp-json\/wp\/v2\/media?parent=3965"}],"wp:term":[{"taxonomy":"product_brand","embeddable":true,"href":"https:\/\/tynivintage.com\/vi\/wp-json\/wp\/v2\/product_brand?post=3965"},{"taxonomy":"product_cat","embeddable":true,"href":"https:\/\/tynivintage.com\/vi\/wp-json\/wp\/v2\/product_cat?post=3965"},{"taxonomy":"product_tag","embeddable":true,"href":"https:\/\/tynivintage.com\/vi\/wp-json\/wp\/v2\/product_tag?post=3965"}],"curies":[{"name":"wp","href":"https:\/\/api.w.org\/{rel}","templated":true}]}}