{"id":3964,"date":"2025-03-14T20:50:38","date_gmt":"2025-03-14T14:20:18","guid":{"rendered":"https:\/\/tynivintage.com\/?post_type=product&#038;p=3964"},"modified":"2025-03-14T21:20:19","modified_gmt":"2025-03-14T14:20:19","slug":"nhan-bac-cao-cap-dinh-da","status":"publish","type":"product","link":"https:\/\/tynivintage.com\/vi\/san-pham\/nhan-bac-cao-cap-dinh-da\/","title":{"rendered":"Nh\u1eabn B\u1ea1c Cao C\u1ea5p \u0110\u00ednh \u0110\u00e1"},"content":{"rendered":"<p>Chi\u1ebfc nh\u1eabn mang phong c\u00e1ch sang tr\u1ecdng v\u1edbi thi\u1ebft k\u1ebf tinh x\u1ea3o, \u0111i\u1ec3m nh\u1ea5n l\u00e0 vi\u00ean \u0111\u00e1 th\u1ea1ch anh t\u00edm h\u00ecnh ch\u1eef nh\u1eadt \u0111\u1ed9c \u0111\u00e1o, to\u00e1t l\u00ean v\u1ebb \u0111\u1eb9p nh\u1eb9 nh\u00e0ng v\u00e0 thanh l\u1ecbch. Vi\u00ean \u0111\u00e1 ch\u00ednh c\u00f3 s\u1eafc t\u00edm nh\u1ea1t d\u1ecbu d\u00e0ng, \u0111\u01b0\u1ee3c ch\u1ebf t\u00e1c tinh t\u1ebf v\u1edbi b\u1ec1 m\u1eb7t nh\u1eb5n b\u00f3ng, ph\u1ea3n chi\u1ebfu \u00e1nh s\u00e1ng lung linh. Bao quanh vi\u00ean \u0111\u00e1 l\u00e0 nh\u1eefng vi\u00ean \u0111\u00e1 nh\u1ecf l\u1ea5p l\u00e1nh, t\u1ea1o n\u00ean s\u1ef1 k\u1ebft h\u1ee3p h\u00e0i h\u00f2a gi\u1eefa v\u1ebb \u0111\u1eb9p c\u1ed5 \u0111i\u1ec3n v\u00e0 hi\u1ec7n \u0111\u1ea1i.<\/p>\n<p>Ph\u1ea7n th\u00e2n nh\u1eabn \u0111\u01b0\u1ee3c l\u00e0m t\u1eeb ch\u1ea5t li\u1ec7u b\u1ea1c cao c\u1ea5p, b\u1ec1n \u0111\u1eb9p v\u00e0 s\u00e1ng b\u00f3ng, gi\u00fap t\u00f4n l\u00ean v\u1ebb qu\u00fd ph\u00e1i c\u1ee7a ng\u01b0\u1eddi \u0111eo. Thi\u1ebft k\u1ebf nh\u1eabn \u00f4m tr\u1ecdn ng\u00f3n tay, mang \u0111\u1ebfn c\u1ea3m gi\u00e1c tho\u1ea3i m\u00e1i v\u00e0 t\u00f4n vinh n\u00e9t \u0111\u1eb9p tinh t\u1ebf c\u1ee7a \u0111\u00f4i tay. \u0110\u00e2y kh\u00f4ng ch\u1ec9 l\u00e0 m\u1ed9t m\u00f3n trang s\u1ee9c \u1ea5n t\u01b0\u1ee3ng m\u00e0 c\u00f2n l\u00e0 bi\u1ec3u t\u01b0\u1ee3ng c\u1ee7a s\u1ef1 sang tr\u1ecdng v\u00e0 \u0111\u1eb3ng c\u1ea5p.<\/p>\n<p>Th\u00f4ng tin s\u1ea3n ph\u1ea9m:<br \/>\n\u2022 Ch\u1ea5t li\u1ec7u: B\u1ea1c cao c\u1ea5p<br \/>\n\u2022 Lo\u1ea1i \u0111\u00e1: Th\u1ea1ch anh t\u00edm k\u1ebft h\u1ee3p \u0111\u00e1 tr\u1eafng l\u1ea5p l\u00e1nh<br \/>\n\u2022 Ki\u1ec3u d\u00e1ng: Sang tr\u1ecdng, tinh t\u1ebf<br \/>\n\u2022 K\u00edch th\u01b0\u1edbc \u0111\u00e1 ch\u00ednh: H\u00ecnh ch\u1eef nh\u1eadt, m\u00e0u t\u00edm nh\u1ea1t<br \/>\n\u2022 Phong c\u00e1ch: Thanh l\u1ecbch, qu\u00fd ph\u00e1i<\/p>\n","protected":false},"excerpt":{"rendered":"<p>Chi\u1ebfc nh\u1eabn sang tr\u1ecdng v\u1edbi vi\u00ean \u0111\u00e1 m\u00e0u t\u00edm nh\u1ea1t h\u00ecnh ch\u1eef nh\u1eadt l\u00e0m trung t\u00e2m, \u0111\u01b0\u1ee3c bao quanh b\u1edfi nh\u1eefng vi\u00ean \u0111\u00e1 nh\u1ecf l\u1ea5p l\u00e1nh. Thi\u1ebft k\u1ebf tinh x\u1ea3o, k\u1ebft h\u1ee3p gi\u1eefa s\u1eafc t\u00edm nh\u1eb9 nh\u00e0ng v\u00e0 \u00e1nh kim lo\u1ea1i s\u00e1ng b\u00f3ng, t\u1ea1o n\u00ean v\u1ebb \u0111\u1eb9p thanh l\u1ecbch v\u00e0 quy\u1ebfn r\u0169.<\/p>\n","protected":false},"featured_media":3916,"comment_status":"open","ping_status":"closed","template":"","meta":{"inline_featured_image":false},"product_brand":[],"product_cat":[39],"product_tag":[],"class_list":{"0":"post-3964","1":"product","2":"type-product","3":"status-publish","4":"has-post-thumbnail","6":"product_cat-phu-kien-thoi-trang-khac","8":"first","9":"outofstock","10":"shipping-taxable","11":"purchasable","12":"product-type-simple"},"acf":[],"_links":{"self":[{"href":"https:\/\/tynivintage.com\/vi\/wp-json\/wp\/v2\/product\/3964","targetHints":{"allow":["GET"]}}],"collection":[{"href":"https:\/\/tynivintage.com\/vi\/wp-json\/wp\/v2\/product"}],"about":[{"href":"https:\/\/tynivintage.com\/vi\/wp-json\/wp\/v2\/types\/product"}],"replies":[{"embeddable":true,"href":"https:\/\/tynivintage.com\/vi\/wp-json\/wp\/v2\/comments?post=3964"}],"wp:featuredmedia":[{"embeddable":true,"href":"https:\/\/tynivintage.com\/vi\/wp-json\/wp\/v2\/media\/3916"}],"wp:attachment":[{"href":"https:\/\/tynivintage.com\/vi\/wp-json\/wp\/v2\/media?parent=3964"}],"wp:term":[{"taxonomy":"product_brand","embeddable":true,"href":"https:\/\/tynivintage.com\/vi\/wp-json\/wp\/v2\/product_brand?post=3964"},{"taxonomy":"product_cat","embeddable":true,"href":"https:\/\/tynivintage.com\/vi\/wp-json\/wp\/v2\/product_cat?post=3964"},{"taxonomy":"product_tag","embeddable":true,"href":"https:\/\/tynivintage.com\/vi\/wp-json\/wp\/v2\/product_tag?post=3964"}],"curies":[{"name":"wp","href":"https:\/\/api.w.org\/{rel}","templated":true}]}}