{"id":3963,"date":"2025-03-14T20:53:03","date_gmt":"2025-03-14T14:18:48","guid":{"rendered":"https:\/\/tynivintage.com\/?post_type=product&#038;p=3963"},"modified":"2025-03-14T21:18:48","modified_gmt":"2025-03-14T14:18:48","slug":"nhan-emerald-edge","status":"publish","type":"product","link":"https:\/\/tynivintage.com\/vi\/san-pham\/nhan-emerald-edge\/","title":{"rendered":"Nh\u1eabn Emerald Edge"},"content":{"rendered":"<p>Nh\u1eabn Emerald Edge \u2013 Tuy\u00ean Ng\u00f4n C\u1ee7a S\u1ef1 Thanh L\u1ecbch T\u00e1o B\u1ea1o<\/p>\n<p>Nh\u1eabn Emerald Edge l\u00e0 m\u1ed9t t\u00e1c ph\u1ea9m \u1ea5n t\u01b0\u1ee3ng, k\u1ebft h\u1ee3p gi\u1eefa s\u1ef1 tinh t\u1ebf hi\u1ec7n \u0111\u1ea1i v\u00e0 n\u00e9t quy\u1ebfn r\u0169 v\u01b0\u1ee3t th\u1eddi gian. Chi\u1ebfc nh\u1eabn \u0111\u1ed9c \u0111\u00e1o n\u00e0y s\u1edf h\u1eefu m\u1ed9t vi\u00ean \u0111\u00e1 xanh l\u1ee5c s\u1eafc n\u00e9t, \u0111\u01b0\u1ee3c c\u1eaft g\u00f3c tinh x\u1ea3o \u0111\u1ec3 ph\u1ea3n chi\u1ebfu \u00e1nh s\u00e1ng t\u1eeb m\u1ecdi g\u00f3c \u0111\u1ed9. S\u1eafc xanh l\u1ee5c \u0111\u1eadm t\u1ea1o n\u00ean v\u1ebb sang tr\u1ecdng v\u00e0 b\u00ed \u1ea9n, khi\u1ebfn n\u00f3 tr\u1edf th\u00e0nh \u0111i\u1ec3m nh\u1ea5n n\u1ed5i b\u1eadt trong m\u1ecdi d\u1ecbp.<\/p>\n<p>Vi\u00ean \u0111\u00e1 qu\u00fd \u0111\u01b0\u1ee3c g\u1eafn ch\u1eafc ch\u1eafn tr\u00ean m\u1ed9t chi\u1ebfc nh\u1eabn b\u1ea1c cao c\u1ea5p, thi\u1ebft k\u1ebf b\u1ea5t \u0111\u1ed1i x\u1ee9ng mang phong c\u00e1ch \u0111\u01b0\u01a1ng \u0111\u1ea1i. M\u1ed9t h\u00e0ng \u0111\u00e1 l\u1ea5p l\u00e1nh \u0111\u01b0\u1ee3c \u0111\u00ednh d\u1ecdc theo m\u1ed9t b\u00ean c\u1ee7a nh\u1eabn, t\u00f4n th\u00eam v\u1ebb l\u1ed9ng l\u1eaby v\u00e0 tinh t\u1ebf.<\/p>\n<p>Ho\u00e0n h\u1ea3o cho nh\u1eefng ai y\u00eau th\u00edch trang s\u1ee9c c\u00e1 t\u00ednh v\u00e0 n\u1ed5i b\u1eadt, Nh\u1eabn Emerald Edge to\u00e1t l\u00ean s\u1ef1 t\u1ef1 tin v\u00e0 phong c\u00e1ch \u0111\u1ed9c \u0111\u00e1o. D\u00f9 \u0111\u01b0\u1ee3c \u0111eo nh\u01b0 m\u1ed9t tuy\u00ean ng\u00f4n th\u1eddi trang hay l\u00e0m qu\u00e0 t\u1eb7ng \u00fd ngh\u0129a, chi\u1ebfc nh\u1eabn n\u00e0y ch\u1eafc ch\u1eafn s\u1ebd \u0111\u1ec3 l\u1ea1i \u1ea5n t\u01b0\u1ee3ng kh\u00f3 phai.<\/p>\n","protected":false},"excerpt":{"rendered":"<p>Chi\u1ebfc nh\u1eabn Emerald Edge Ring mang thi\u1ebft k\u1ebf hi\u1ec7n \u0111\u1ea1i v\u1edbi vi\u00ean \u0111\u00e1 xanh l\u1ee5c g\u00f3c c\u1ea1nh \u0111\u1ed9c \u0111\u00e1o, k\u1ebft h\u1ee3p c\u00f9ng d\u1ea3i \u0111\u00e1 nh\u1ecf l\u1ea5p l\u00e1nh tr\u00ean th\u00e2n nh\u1eabn b\u1ea1c, t\u1ea1o n\u00ean v\u1ebb \u0111\u1eb9p c\u00e1 t\u00ednh v\u00e0 sang tr\u1ecdng.<\/p>\n","protected":false},"featured_media":3923,"comment_status":"open","ping_status":"closed","template":"","meta":{"inline_featured_image":false},"product_brand":[],"product_cat":[39],"product_tag":[],"class_list":{"0":"post-3963","1":"product","2":"type-product","3":"status-publish","4":"has-post-thumbnail","6":"product_cat-phu-kien-thoi-trang-khac","8":"first","9":"outofstock","10":"shipping-taxable","11":"purchasable","12":"product-type-simple"},"acf":[],"_links":{"self":[{"href":"https:\/\/tynivintage.com\/vi\/wp-json\/wp\/v2\/product\/3963","targetHints":{"allow":["GET"]}}],"collection":[{"href":"https:\/\/tynivintage.com\/vi\/wp-json\/wp\/v2\/product"}],"about":[{"href":"https:\/\/tynivintage.com\/vi\/wp-json\/wp\/v2\/types\/product"}],"replies":[{"embeddable":true,"href":"https:\/\/tynivintage.com\/vi\/wp-json\/wp\/v2\/comments?post=3963"}],"wp:featuredmedia":[{"embeddable":true,"href":"https:\/\/tynivintage.com\/vi\/wp-json\/wp\/v2\/media\/3923"}],"wp:attachment":[{"href":"https:\/\/tynivintage.com\/vi\/wp-json\/wp\/v2\/media?parent=3963"}],"wp:term":[{"taxonomy":"product_brand","embeddable":true,"href":"https:\/\/tynivintage.com\/vi\/wp-json\/wp\/v2\/product_brand?post=3963"},{"taxonomy":"product_cat","embeddable":true,"href":"https:\/\/tynivintage.com\/vi\/wp-json\/wp\/v2\/product_cat?post=3963"},{"taxonomy":"product_tag","embeddable":true,"href":"https:\/\/tynivintage.com\/vi\/wp-json\/wp\/v2\/product_tag?post=3963"}],"curies":[{"name":"wp","href":"https:\/\/api.w.org\/{rel}","templated":true}]}}