{"id":3962,"date":"2025-03-14T20:58:25","date_gmt":"2025-03-14T14:16:47","guid":{"rendered":"https:\/\/tynivintage.com\/?post_type=product&#038;p=3962"},"modified":"2025-03-14T21:16:48","modified_gmt":"2025-03-14T14:16:48","slug":"nhan-royal-scarlet","status":"publish","type":"product","link":"https:\/\/tynivintage.com\/vi\/san-pham\/nhan-royal-scarlet\/","title":{"rendered":"Nh\u1eabn Royal Scarlet"},"content":{"rendered":"<p>Chi\u1ebfc nh\u1eabn mang phong c\u00e1ch ho\u00e0ng gia v\u1edbi thi\u1ebft k\u1ebf \u0111\u1ea7y tinh x\u1ea3o v\u00e0 sang tr\u1ecdng. Ph\u1ea7n trung t\u00e2m n\u1ed5i b\u1eadt v\u1edbi vi\u00ean \u0111\u00e1 \u0111\u1ecf h\u00ecnh vu\u00f4ng, \u0111\u01b0\u1ee3c bao quanh b\u1edfi nh\u1eefng vi\u00ean \u0111\u00e1 nh\u1ecf l\u1ea5p l\u00e1nh, t\u1ea1o n\u00ean \u0111i\u1ec3m nh\u1ea5n r\u1ef1c r\u1ee1. C\u00e1c chi ti\u1ebft kim lo\u1ea1i mang t\u00f4ng m\u00e0u v\u00e0ng c\u1ed5 \u0111i\u1ec3n k\u1ebft h\u1ee3p v\u1edbi h\u1ecda ti\u1ebft hoa v\u0103n m\u1ec1m m\u1ea1i, t\u1ea1o c\u1ea3m gi\u00e1c qu\u00fd ph\u00e1i v\u00e0 c\u1ed5 \u0111i\u1ec3n. \u0110\u1eb7c bi\u1ec7t, ph\u1ea7n th\u00e2n nh\u1eabn c\u00f3 thi\u1ebft k\u1ebf d\u1ea1ng l\u01b0\u1edbi \u0111\u1ed9c \u0111\u00e1o, gi\u00fap t\u0103ng th\u00eam v\u1ebb \u0111\u1eb9p c\u1ed5 \u0111i\u1ec3n v\u00e0 tinh t\u1ebf. \u0110\u00e2y l\u00e0 m\u00f3n trang s\u1ee9c ho\u00e0n h\u1ea3o d\u00e0nh cho nh\u1eefng ai y\u00eau th\u00edch phong c\u00e1ch sang tr\u1ecdng v\u00e0 \u0111\u1eadm ch\u1ea5t qu\u00fd t\u1ed9c.<\/p>\n","protected":false},"excerpt":{"rendered":"<p>Chi\u1ebfc nh\u1eabn mang phong c\u00e1ch ho\u00e0ng gia v\u1edbi thi\u1ebft k\u1ebf tinh x\u1ea3o, n\u1ed5i b\u1eadt v\u1edbi vi\u00ean \u0111\u00e1 \u0111\u1ecf trung t\u00e2m, bao quanh b\u1edfi c\u00e1c vi\u00ean \u0111\u00e1 nh\u1ecf l\u1ea5p l\u00e1nh v\u00e0 chi ti\u1ebft kim lo\u1ea1i t\u00f4ng v\u00e0ng c\u1ed5 \u0111i\u1ec3n, t\u1ea1o n\u00ean v\u1ebb \u0111\u1eb9p sang tr\u1ecdng v\u00e0 quy\u1ec1n qu\u00fd.<\/p>\n","protected":false},"featured_media":3928,"comment_status":"open","ping_status":"closed","template":"","meta":{"inline_featured_image":false},"product_brand":[],"product_cat":[39],"product_tag":[],"class_list":{"0":"post-3962","1":"product","2":"type-product","3":"status-publish","4":"has-post-thumbnail","6":"product_cat-phu-kien-thoi-trang-khac","8":"first","9":"outofstock","10":"shipping-taxable","11":"purchasable","12":"product-type-simple"},"acf":[],"_links":{"self":[{"href":"https:\/\/tynivintage.com\/vi\/wp-json\/wp\/v2\/product\/3962","targetHints":{"allow":["GET"]}}],"collection":[{"href":"https:\/\/tynivintage.com\/vi\/wp-json\/wp\/v2\/product"}],"about":[{"href":"https:\/\/tynivintage.com\/vi\/wp-json\/wp\/v2\/types\/product"}],"replies":[{"embeddable":true,"href":"https:\/\/tynivintage.com\/vi\/wp-json\/wp\/v2\/comments?post=3962"}],"wp:featuredmedia":[{"embeddable":true,"href":"https:\/\/tynivintage.com\/vi\/wp-json\/wp\/v2\/media\/3928"}],"wp:attachment":[{"href":"https:\/\/tynivintage.com\/vi\/wp-json\/wp\/v2\/media?parent=3962"}],"wp:term":[{"taxonomy":"product_brand","embeddable":true,"href":"https:\/\/tynivintage.com\/vi\/wp-json\/wp\/v2\/product_brand?post=3962"},{"taxonomy":"product_cat","embeddable":true,"href":"https:\/\/tynivintage.com\/vi\/wp-json\/wp\/v2\/product_cat?post=3962"},{"taxonomy":"product_tag","embeddable":true,"href":"https:\/\/tynivintage.com\/vi\/wp-json\/wp\/v2\/product_tag?post=3962"}],"curies":[{"name":"wp","href":"https:\/\/api.w.org\/{rel}","templated":true}]}}