{"id":3869,"date":"2025-03-14T19:42:58","date_gmt":"2025-03-14T12:46:53","guid":{"rendered":"https:\/\/tynivintage.com\/?post_type=product&#038;p=3869"},"modified":"2025-03-14T19:46:53","modified_gmt":"2025-03-14T12:46:53","slug":"tui-xach-vivienne-westwood-mini-yasmine","status":"publish","type":"product","link":"https:\/\/tynivintage.com\/vi\/san-pham\/tui-xach-vivienne-westwood-mini-yasmine\/","title":{"rendered":"T\u00fai x\u00e1ch Vivienne Westwood Mini Yasmine"},"content":{"rendered":"<div>Chi\u1ebfc t\u00fai Vivienne Westwood Mini Yasmine l\u00e0 m\u1ed9t bi\u1ec3u t\u01b0\u1ee3ng th\u1eddi trang \u0111\u1ed9c \u0111\u00e1o, k\u1ebft h\u1ee3p gi\u1eefa phong c\u00e1ch c\u1ed5 \u0111i\u1ec3n v\u00e0 n\u00e9t c\u00e1 t\u00ednh hi\u1ec7n \u0111\u1ea1i. V\u1edbi h\u1ecda ti\u1ebft k\u1ebb tartan \u0111\u1eb7c tr\u01b0ng, chi\u1ebfc t\u00fai n\u00e0y mang \u0111\u1ebfn v\u1ebb ngo\u00e0i thanh l\u1ecbch nh\u01b0ng v\u1eabn n\u1ed5i b\u1eadt, ph\u00f9 h\u1ee3p v\u1edbi nh\u1eefng t\u00edn \u0111\u1ed3 y\u00eau th\u00edch phong c\u00e1ch th\u1eddi trang c\u00e1 t\u00ednh v\u00e0 sang tr\u1ecdng.<\/div>\n<div><\/div>\n<div>T\u00fai c\u00f3 thi\u1ebft k\u1ebf nh\u1ecf g\u1ecdn v\u1edbi ki\u1ec3u d\u00e1ng v\u00f2m m\u1ec1m m\u1ea1i, t\u1ea1o s\u1ef1 thanh l\u1ecbch nh\u01b0ng v\u1eabn ti\u1ec7n d\u1ee5ng. Ph\u1ea7n tay c\u1ea7m \u0111\u01b0\u1ee3c l\u00e0m t\u1eeb da cao c\u1ea5p, ch\u1eafc ch\u1eafn, gi\u00fap c\u1ea7m n\u1eafm tho\u1ea3i m\u00e1i. \u0110i\u1ec3m nh\u1ea5n \u0111\u1eb7c bi\u1ec7t ch\u00ednh l\u00e0 logo Orb kim lo\u1ea1i s\u00e1ng b\u00f3ng c\u1ee7a Vivienne Westwood, t\u1ea1o d\u1ea5u \u1ea5n th\u01b0\u01a1ng hi\u1ec7u \u0111\u1ea7y cu\u1ed1n h\u00fat.<\/div>\n<div>Chi ti\u1ebft s\u1ea3n ph\u1ea9m:<\/div>\n<div>\u00a0\u2022 Th\u01b0\u01a1ng hi\u1ec7u: Vivienne Westwood<\/div>\n<div>\u00a0\u2022 Ch\u1ea5t li\u1ec7u: V\u1ea3i d\u1ec7t h\u1ecda ti\u1ebft tartan, da cao c\u1ea5p<\/div>\n<div>\u00a0\u2022 M\u00e0u s\u1eafc: Tartan \u0111\u1ecf, x\u00e1m, \u0111en k\u1ebft h\u1ee3p h\u00e0i h\u00f2a<\/div>\n<div>\u00a0\u2022 Ki\u1ec3u d\u00e1ng: D\u00e1ng v\u00f2m nh\u1ecf g\u1ecdn, sang tr\u1ecdng<\/div>\n<div>\u00a0\u2022 Tay c\u1ea7m: Da cao c\u1ea5p, \u0111\u01b0\u1eddng ch\u1ec9 may t\u1ec9 m\u1ec9<\/div>\n<div>\u00a0\u2022 Ph\u1ee5 ki\u1ec7n: Logo Orb kim lo\u1ea1i s\u00e1ng b\u00f3ng \u0111\u1eb7c tr\u01b0ng<\/div>\n<div>\u00a0\u2022 Kh\u00f3a k\u00e9o: Ch\u1eafc ch\u1eafn, thi\u1ebft k\u1ebf tinh t\u1ebf<\/div>\n<div>\u00a0\u2022 C\u00f4ng d\u1ee5ng: Ph\u00f9 h\u1ee3p \u0111\u1ec3 s\u1eed d\u1ee5ng h\u00e0ng ng\u00e0y, d\u1ea1o ph\u1ed1, s\u1ef1 ki\u1ec7n th\u1eddi trang<\/div>\n","protected":false},"excerpt":{"rendered":"<p>Chi\u1ebfc t\u00fai Vivienne Westwood Mini Yasmine c\u00f3 thi\u1ebft k\u1ebf nh\u1ecf g\u1ecdn, sang tr\u1ecdng v\u1edbi h\u1ecda ti\u1ebft k\u1ebb tartan c\u1ed5 \u0111i\u1ec3n. T\u00fai c\u00f3 ki\u1ec3u d\u00e1ng v\u00f2m \u0111\u1eb7c tr\u01b0ng, tay c\u1ea7m b\u1eb1ng da ch\u1eafc ch\u1eafn v\u00e0 \u0111i\u1ec3m nh\u1ea5n l\u00e0 logo Orb kim lo\u1ea1i s\u00e1ng b\u00f3ng, th\u1ec3 hi\u1ec7n phong c\u00e1ch \u0111\u1eb7c tr\u01b0ng c\u1ee7a Vivienne Westwood. Ph\u00f9 h\u1ee3p \u0111\u1ec3 s\u1eed d\u1ee5ng h\u1eb1ng ng\u00e0y ho\u1eb7c l\u00e0m \u0111i\u1ec3m nh\u1ea5n th\u1eddi trang c\u00e1 t\u00edn<\/p>\n","protected":false},"featured_media":3855,"comment_status":"open","ping_status":"closed","template":"","meta":{"inline_featured_image":false},"product_brand":[],"product_cat":[36],"product_tag":[],"class_list":{"0":"post-3869","1":"product","2":"type-product","3":"status-publish","4":"has-post-thumbnail","6":"product_cat-tui-xach","8":"first","9":"instock","10":"shipping-taxable","11":"purchasable","12":"product-type-simple"},"acf":[],"_links":{"self":[{"href":"https:\/\/tynivintage.com\/vi\/wp-json\/wp\/v2\/product\/3869","targetHints":{"allow":["GET"]}}],"collection":[{"href":"https:\/\/tynivintage.com\/vi\/wp-json\/wp\/v2\/product"}],"about":[{"href":"https:\/\/tynivintage.com\/vi\/wp-json\/wp\/v2\/types\/product"}],"replies":[{"embeddable":true,"href":"https:\/\/tynivintage.com\/vi\/wp-json\/wp\/v2\/comments?post=3869"}],"wp:featuredmedia":[{"embeddable":true,"href":"https:\/\/tynivintage.com\/vi\/wp-json\/wp\/v2\/media\/3855"}],"wp:attachment":[{"href":"https:\/\/tynivintage.com\/vi\/wp-json\/wp\/v2\/media?parent=3869"}],"wp:term":[{"taxonomy":"product_brand","embeddable":true,"href":"https:\/\/tynivintage.com\/vi\/wp-json\/wp\/v2\/product_brand?post=3869"},{"taxonomy":"product_cat","embeddable":true,"href":"https:\/\/tynivintage.com\/vi\/wp-json\/wp\/v2\/product_cat?post=3869"},{"taxonomy":"product_tag","embeddable":true,"href":"https:\/\/tynivintage.com\/vi\/wp-json\/wp\/v2\/product_tag?post=3869"}],"curies":[{"name":"wp","href":"https:\/\/api.w.org\/{rel}","templated":true}]}}