{"id":3852,"date":"2025-03-14T14:29:20","date_gmt":"2025-03-14T12:35:09","guid":{"rendered":"https:\/\/tynivintage.com\/?post_type=product&#038;p=3852"},"modified":"2025-03-27T22:01:13","modified_gmt":"2025-03-27T15:01:13","slug":"tui-deo-vai-saddle-buckle","status":"publish","type":"product","link":"https:\/\/tynivintage.com\/vi\/san-pham\/tui-deo-vai-saddle-buckle\/","title":{"rendered":"T\u00fai \u0111eo vai Saddle Buckle"},"content":{"rendered":"<div>Chi\u1ebfc\u00a0 Saddle Buckle Shoulder Bag l\u00e0 m\u1ed9t thi\u1ebft k\u1ebf tinh t\u1ebf, k\u1ebft h\u1ee3p gi\u1eefa phong c\u00e1ch c\u1ed5 \u0111i\u1ec3n v\u00e0 n\u00e9t hi\u1ec7n \u0111\u1ea1i \u0111\u1eb7c tr\u01b0ng c\u1ee7a nh\u00e0 m\u1ed1t Dior. L\u1ea5y c\u1ea3m h\u1ee9ng t\u1eeb d\u00f2ng Saddle Bag tr\u1ee9 danh, m\u1eabu t\u00fai n\u00e0y mang ki\u1ec3u d\u00e1ng bo tr\u00f2n m\u1ec1m m\u1ea1i, thanh l\u1ecbch nh\u01b0ng v\u1eabn c\u00e1 t\u00ednh.<\/div>\n<div><\/div>\n<div>\u0110i\u1ec3m nh\u1ea5n \u0111\u1eb7c bi\u1ec7t c\u1ee7a chi\u1ebfc t\u00fai l\u00e0 kh\u00f3a c\u00e0i d\u1ea1ng th\u1eaft l\u01b0ng kim lo\u1ea1i sang tr\u1ecdng, v\u1eeba t\u1ea1o \u0111i\u1ec3m nh\u1ea5n th\u1eddi trang v\u1eeba t\u0103ng t\u00ednh ti\u1ec7n d\u1ee5ng. T\u00fai \u0111\u01b0\u1ee3c l\u00e0m t\u1eeb ch\u1ea5t li\u1ec7u da cao c\u1ea5p, b\u1ec1 m\u1eb7t m\u1ecbn m\u00e0ng v\u00e0 c\u00f3 \u0111\u1ed9 b\u1ec1n theo th\u1eddi gian. Ph\u1ea7n d\u00e2y \u0111eo m\u1ea3nh mai gi\u00fap t\u00fai c\u00f3 th\u1ec3 \u0111eo vai m\u1ed9t c\u00e1ch tho\u1ea3i m\u00e1i v\u00e0 d\u1ec5 d\u00e0ng k\u1ebft h\u1ee3p v\u1edbi nhi\u1ec1u trang ph\u1ee5c.<\/div>\n<div><\/div>\n<div>\u00a0\u2022 Ch\u1ea5t li\u1ec7u: Da cao c\u1ea5p m\u1ec1m m\u1ea1i<\/div>\n<div>\u00a0\u2022 M\u00e0u s\u1eafc: \u0110en (ho\u1eb7c nhi\u1ec1u phi\u00ean b\u1ea3n m\u00e0u kh\u00e1c)<\/div>\n<div>\u00a0\u2022 Thi\u1ebft k\u1ebf: Ki\u1ec3u d\u00e1ng Saddle bo tr\u00f2n m\u1ec1m m\u1ea1i<\/div>\n<div>\u00a0\u2022 Kh\u00f3a t\u00fai: Kh\u00f3a c\u00e0i kim lo\u1ea1i d\u1ea1ng th\u1eaft l\u01b0ng sang tr\u1ecdng<\/div>\n<div>\u00a0\u2022 D\u00e2y \u0111eo: D\u00e2y \u0111eo vai thanh m\u1ea3nh, tinh t\u1ebf<\/div>\n<div>\u00a0\u2022 K\u00edch th\u01b0\u1edbc: V\u1eeba v\u1eb7n \u0111\u1ec3 \u0111\u1ef1ng c\u00e1c v\u1eadt d\u1ee5ng c\u00e1 nh\u00e2n<\/div>\n<div>\u00a0\u2022 C\u00f4ng d\u1ee5ng: Ph\u00f9 h\u1ee3p \u0111\u1ec3 s\u1eed d\u1ee5ng h\u00e0ng ng\u00e0y, d\u1ef1 ti\u1ec7c, ho\u1eb7c t\u1ea1o \u0111i\u1ec3m nh\u1ea5n th\u1eddi trang<\/div>\n","protected":false},"excerpt":{"rendered":"<p>Chi\u1ebfc Saddle Buckle Shoulder Bag c\u00f3 thi\u1ebft k\u1ebf bo tr\u00f2n m\u1ec1m m\u1ea1i, l\u1ea5y c\u1ea3m h\u1ee9ng t\u1eeb d\u00f2ng Saddle tr\u1ee9 danh c\u1ee7a Dior. T\u00fai \u0111\u01b0\u1ee3c l\u00e0m t\u1eeb da cao c\u1ea5p v\u1edbi \u0111i\u1ec3m nh\u1ea5n l\u00e0 kh\u00f3a c\u00e0i kim lo\u1ea1i d\u1ea1ng th\u1eaft l\u01b0ng sang tr\u1ecdng. D\u00e2y \u0111eo vai thanh m\u1ea3nh gi\u00fap d\u1ec5 d\u00e0ng k\u1ebft h\u1ee3p v\u1edbi nhi\u1ec1u phong c\u00e1ch. K\u00edch th\u01b0\u1edbc nh\u1ecf g\u1ecdn nh\u01b0ng v\u1eabn \u0111\u1ee7 kh\u00f4ng gian cho c\u00e1c v\u1eadt d\u1ee5ng thi\u1ebft y\u1ebfu, ph\u00f9 h\u1ee3p \u0111\u1ec3 s\u1eed d\u1ee5ng h\u00e0ng ng\u00e0y ho\u1eb7c trong c\u00e1c d\u1ecbp \u0111\u1eb7c bi\u1ec7t.<\/p>\n","protected":false},"featured_media":3851,"comment_status":"open","ping_status":"closed","template":"","meta":{"inline_featured_image":false},"product_brand":[],"product_cat":[36],"product_tag":[],"class_list":{"0":"post-3852","1":"product","2":"type-product","3":"status-publish","4":"has-post-thumbnail","6":"product_cat-tui-xach","8":"first","9":"outofstock","10":"shipping-taxable","11":"purchasable","12":"product-type-simple"},"acf":[],"_links":{"self":[{"href":"https:\/\/tynivintage.com\/vi\/wp-json\/wp\/v2\/product\/3852","targetHints":{"allow":["GET"]}}],"collection":[{"href":"https:\/\/tynivintage.com\/vi\/wp-json\/wp\/v2\/product"}],"about":[{"href":"https:\/\/tynivintage.com\/vi\/wp-json\/wp\/v2\/types\/product"}],"replies":[{"embeddable":true,"href":"https:\/\/tynivintage.com\/vi\/wp-json\/wp\/v2\/comments?post=3852"}],"wp:featuredmedia":[{"embeddable":true,"href":"https:\/\/tynivintage.com\/vi\/wp-json\/wp\/v2\/media\/3851"}],"wp:attachment":[{"href":"https:\/\/tynivintage.com\/vi\/wp-json\/wp\/v2\/media?parent=3852"}],"wp:term":[{"taxonomy":"product_brand","embeddable":true,"href":"https:\/\/tynivintage.com\/vi\/wp-json\/wp\/v2\/product_brand?post=3852"},{"taxonomy":"product_cat","embeddable":true,"href":"https:\/\/tynivintage.com\/vi\/wp-json\/wp\/v2\/product_cat?post=3852"},{"taxonomy":"product_tag","embeddable":true,"href":"https:\/\/tynivintage.com\/vi\/wp-json\/wp\/v2\/product_tag?post=3852"}],"curies":[{"name":"wp","href":"https:\/\/api.w.org\/{rel}","templated":true}]}}