{"id":3805,"date":"2025-01-13T17:58:13","date_gmt":"2025-03-14T03:28:20","guid":{"rendered":"https:\/\/tynivintage.com\/?post_type=product&#038;p=3805"},"modified":"2025-03-14T10:28:20","modified_gmt":"2025-03-14T03:28:20","slug":"tui-in-ngua-van-christian-dior-co-dien","status":"publish","type":"product","link":"https:\/\/tynivintage.com\/vi\/san-pham\/tui-in-ngua-van-christian-dior-co-dien\/","title":{"rendered":"T\u00fai in ng\u1ef1a v\u1eb1n Christian Dior c\u1ed5 \u0111i\u1ec3n"},"content":{"rendered":"<div>Chi\u1ebfc t\u00fai x\u00e1ch n\u00e0y l\u00e0 s\u1ef1 k\u1ebft h\u1ee3p ho\u00e0n h\u1ea3o gi\u1eefa phong c\u00e1ch th\u1eddi th\u01b0\u1ee3ng v\u00e0 ch\u1ea5t li\u1ec7u cao c\u1ea5p. Thi\u1ebft k\u1ebf vu\u00f4ng v\u1eafn v\u1edbi h\u1ecda ti\u1ebft ng\u1ef1a v\u1eb1n \u0111en tr\u1eafng \u0111\u1ed9c \u0111\u00e1o, t\u1ea1o \u0111i\u1ec3m nh\u1ea5n \u1ea5n t\u01b0\u1ee3ng v\u00e0 ph\u00f9 h\u1ee3p v\u1edbi nh\u1eefng ai y\u00eau th\u00edch phong c\u00e1ch c\u00e1 t\u00ednh, sang tr\u1ecdng.<\/div>\n<div><\/div>\n<div>Ph\u1ea7n th\u00e2n t\u00fai \u0111\u01b0\u1ee3c l\u00e0m t\u1eeb ch\u1ea5t li\u1ec7u l\u00f4ng m\u1ec1m m\u1ea1i, mang l\u1ea1i c\u1ea3m gi\u00e1c cao c\u1ea5p v\u00e0 tinh t\u1ebf. Tay c\u1ea7m b\u1eb1ng da \u0111en ch\u1eafc ch\u1eafn, gi\u00fap c\u1ea7m n\u1eafm tho\u1ea3i m\u00e1i v\u00e0 d\u1ec5 d\u00e0ng k\u1ebft h\u1ee3p v\u1edbi nhi\u1ec1u phong c\u00e1ch th\u1eddi trang kh\u00e1c nhau. \u0110i\u1ec3m nh\u1ea5n \u0111\u1eb7c bi\u1ec7t c\u1ee7a chi\u1ebfc t\u00fai l\u00e0 charm kim lo\u1ea1i s\u00e1ng b\u00f3ng, t\u1ea1o n\u00e9t hi\u1ec7n \u0111\u1ea1i v\u00e0 \u0111\u1eb3ng c\u1ea5p cho ng\u01b0\u1eddi s\u1eed d\u1ee5ng.<\/div>\n<div><\/div>\n<div>Chi\u1ebfc t\u00fai n\u00e0y kh\u00f4ng ch\u1ec9 l\u00e0 ph\u1ee5 ki\u1ec7n th\u1eddi trang m\u00e0 c\u00f2n l\u00e0 tuy\u00ean ng\u00f4n v\u1ec1 gu th\u1ea9m m\u1ef9 c\u1ee7a ch\u1ee7 nh\u00e2n. Ho\u00e0n h\u1ea3o \u0111\u1ec3 s\u1eed d\u1ee5ng trong nh\u1eefng bu\u1ed5i ti\u1ec7c, s\u1ef1 ki\u1ec7n ho\u1eb7c d\u1ea1o ph\u1ed1 \u0111\u1ea7y phong c\u00e1ch.<\/div>\n<div><\/div>\n<div>Chi ti\u1ebft s\u1ea3n ph\u1ea9m:<\/div>\n<div>\u00a0\u2022 Ch\u1ea5t li\u1ec7u: L\u00f4ng nh\u00e2n t\u1ea1o m\u1ec1m m\u1ea1i, da cao c\u1ea5p<\/div>\n<div>\u00a0\u2022 M\u00e0u s\u1eafc: \u0110en tr\u1eafng (h\u1ecda ti\u1ebft ng\u1ef1a v\u1eb1n)<\/div>\n<div>\u00a0\u2022 Ki\u1ec3u d\u00e1ng: Vu\u00f4ng v\u1eafn, sang tr\u1ecdng<\/div>\n<div>\u00a0\u2022 Tay c\u1ea7m: Da \u0111en, ch\u1eafc ch\u1eafn<\/div>\n<div>\u00a0\u2022 Ph\u1ee5 ki\u1ec7n: Charm kim lo\u1ea1i s\u00e1ng b\u00f3ng<\/div>\n<div>\u00a0\u2022 C\u00f4ng d\u1ee5ng: Ph\u00f9 h\u1ee3p \u0111i ti\u1ec7c, d\u1ea1o ph\u1ed1, s\u1ef1 ki\u1ec7n th\u1eddi trang<\/div>\n","protected":false},"excerpt":{"rendered":"<p>Chi\u1ebfc t\u00fai c\u00f3 thi\u1ebft k\u1ebf sang tr\u1ecdng v\u1edbi h\u1ecda ti\u1ebft da ng\u1ef1a v\u1eb1n \u0111en tr\u1eafng n\u1ed5i b\u1eadt. N\u00f3 c\u00f3 ki\u1ec3u d\u00e1ng vu\u00f4ng v\u1eafn, ch\u1ea5t li\u1ec7u l\u00f4ng m\u1ec1m m\u1ea1i, tay c\u1ea7m da \u0111en ch\u1eafc ch\u1eafn v\u00e0 \u0111i\u1ec3m nh\u1ea5n l\u00e0 charm kim lo\u1ea1i s\u00e1ng b\u00f3ng mang phong c\u00e1ch hi\u1ec7n \u0111\u1ea1i.<\/p>\n","protected":false},"featured_media":723,"comment_status":"open","ping_status":"closed","template":"","meta":{"inline_featured_image":false},"product_brand":[],"product_cat":[36],"product_tag":[],"class_list":{"0":"post-3805","1":"product","2":"type-product","3":"status-publish","4":"has-post-thumbnail","6":"product_cat-tui-xach","8":"first","9":"instock","10":"shipping-taxable","11":"purchasable","12":"product-type-simple"},"acf":[],"_links":{"self":[{"href":"https:\/\/tynivintage.com\/vi\/wp-json\/wp\/v2\/product\/3805","targetHints":{"allow":["GET"]}}],"collection":[{"href":"https:\/\/tynivintage.com\/vi\/wp-json\/wp\/v2\/product"}],"about":[{"href":"https:\/\/tynivintage.com\/vi\/wp-json\/wp\/v2\/types\/product"}],"replies":[{"embeddable":true,"href":"https:\/\/tynivintage.com\/vi\/wp-json\/wp\/v2\/comments?post=3805"}],"wp:featuredmedia":[{"embeddable":true,"href":"https:\/\/tynivintage.com\/vi\/wp-json\/wp\/v2\/media\/723"}],"wp:attachment":[{"href":"https:\/\/tynivintage.com\/vi\/wp-json\/wp\/v2\/media?parent=3805"}],"wp:term":[{"taxonomy":"product_brand","embeddable":true,"href":"https:\/\/tynivintage.com\/vi\/wp-json\/wp\/v2\/product_brand?post=3805"},{"taxonomy":"product_cat","embeddable":true,"href":"https:\/\/tynivintage.com\/vi\/wp-json\/wp\/v2\/product_cat?post=3805"},{"taxonomy":"product_tag","embeddable":true,"href":"https:\/\/tynivintage.com\/vi\/wp-json\/wp\/v2\/product_tag?post=3805"}],"curies":[{"name":"wp","href":"https:\/\/api.w.org\/{rel}","templated":true}]}}