{"id":3759,"date":"2025-01-14T15:22:49","date_gmt":"2025-03-14T02:45:42","guid":{"rendered":"https:\/\/tynivintage.com\/?post_type=product&#038;p=3759"},"modified":"2025-03-14T09:45:42","modified_gmt":"2025-03-14T02:45:42","slug":"vi-dolce-gabbana","status":"publish","type":"product","link":"https:\/\/tynivintage.com\/vi\/san-pham\/vi-dolce-gabbana\/","title":{"rendered":"V\u00ed Dolce Gabbana"},"content":{"rendered":"<p>1. Thi\u1ebft k\u1ebf n\u1ed5i b\u1eadt v\u00e0 \u0111\u1ea7y m\u00e0u s\u1eafc<br \/>\n\u2022 V\u00ed c\u00f3 t\u00f4ng m\u00e0u tr\u1eafng ch\u1ee7 y\u1ebfu k\u1ebft h\u1ee3p v\u1edbi h\u1ecda ti\u1ebft hoa r\u1ef1c r\u1ee1, t\u1ea1o n\u00ean s\u1ef1 quy\u1ebfn r\u0169 t\u01b0\u01a1i m\u1edbi v\u00e0 n\u1eef t\u00ednh.<br \/>\n\u2022 M\u1eb7t tr\u01b0\u1edbc \u0111\u01b0\u1ee3c trang tr\u00ed b\u1eb1ng chi ti\u1ebft kim lo\u1ea1i mang logo &#8220;Dolce &amp; Gabbana&#8221;, th\u00eam n\u00e9t sang tr\u1ecdng v\u00e0 kh\u1eb3ng \u0111\u1ecbnh uy t\u00edn c\u1ee7a th\u01b0\u01a1ng hi\u1ec7u.<\/p>\n<p>2. V\u1eadt li\u1ec7u cao c\u1ea5p<br \/>\n\u2022 \u0110\u01b0\u1ee3c l\u00e0m t\u1eeb da b\u1ec1n v\u1edbi b\u1ec1 m\u1eb7t c\u00f3 k\u1ebft c\u1ea5u tinh t\u1ebf, chi\u1ebfc v\u00ed n\u00e0y ch\u1ed1ng tr\u1ea7y x\u01b0\u1edbc v\u00e0 d\u1ec5 lau ch\u00f9i.<br \/>\n\u2022 \u0110\u01b0\u1eddng kh\u00e2u t\u1ec9 m\u1ec9 \u0111\u1ea3m b\u1ea3o \u0111\u1ed9 b\u1ec1n cao v\u00e0 t\u00ednh th\u1ea9m m\u1ef9.<\/p>\n<p>3. C\u1ea5u tr\u00fac thu\u1eadn ti\u1ec7n<br \/>\n\u2022 \u0110\u01b0\u1ee3c thi\u1ebft k\u1ebf nh\u1ecf g\u1ecdn, ho\u00e0n h\u1ea3o \u0111\u1ec3 mang theo b\u1eb1ng tay ho\u1eb7c b\u1ecf v\u00e0o t\u00fai x\u00e1ch.<br \/>\n\u2022 N\u1ed9i th\u1ea5t bao g\u1ed3m nhi\u1ec1u ng\u0103n \u0111\u1ef1ng th\u1ebb, m\u1ed9t khe c\u1eafm chuy\u00ean d\u1ee5ng cho h\u00f3a \u0111\u01a1n v\u00e0 m\u1ed9t ph\u1ea7n c\u00f3 kh\u00f3a k\u00e9o \u0111\u1ec3 \u0111\u1ef1ng ti\u1ec1n xu ho\u1eb7c c\u00e1c v\u1eadt d\u1ee5ng nh\u1ecf.<br \/>\n\u2022 \u0110\u00f3ng n\u00fat ho\u1eb7c n\u00fat an to\u00e0n \u0111\u1ea3m b\u1ea3o \u0111\u1ed3 \u0111\u1ea1c c\u1ee7a b\u1ea1n v\u1eabn an to\u00e0n.<\/p>\n<p>4. Th\u00edch h\u1ee3p cho c\u00e1c d\u1ecbp kh\u00e1c nhau<br \/>\n\u2022 Thi\u1ebft k\u1ebf hoa tr\u1ebb trung c\u1ee7a n\u00f3 d\u1ec5 d\u00e0ng k\u1ebft h\u1ee3p v\u1edbi trang ph\u1ee5c h\u00e0ng ng\u00e0y, trang ph\u1ee5c c\u00f4ng s\u1edf, \u0111i ch\u01a1i b\u00ecnh th\u01b0\u1eddng ho\u1eb7c c\u00e1c s\u1ef1 ki\u1ec7n \u0111\u1eb7c bi\u1ec7t.<br \/>\n\u2022 M\u1ed9t l\u1ef1a ch\u1ecdn qu\u00e0 t\u1eb7ng l\u00fd t\u01b0\u1edfng cho b\u1ea1n b\u00e8, nh\u1eefng ng\u01b0\u1eddi th\u00e2n y\u00eau ho\u1eb7c m\u1ed9t m\u00f3n qu\u00e0 s\u00e0nh \u0111i\u1ec7u cho ch\u00ednh b\u1ea1n. 5. Th\u00f4ng tin chi ti\u1ebft<\/p>\n<p>\u2022 Th\u01b0\u01a1ng hi\u1ec7u: Dolce &amp; Gabbana<\/p>\n<p>\u2022 M\u00e0u s\u1eafc: Ch\u1ee7 y\u1ebfu l\u00e0 m\u00e0u tr\u1eafng v\u1edbi h\u1ecda ti\u1ebft hoa \u0111\u1ea7y m\u00e0u s\u1eafc<\/p>\n<p>\u2022 Ch\u1ea5t li\u1ec7u: Da cao c\u1ea5p<\/p>\n<p>\u2022 Ki\u1ec3u d\u00e1ng: V\u00ed g\u1ea5p \u0111\u00f4i nh\u1ecf g\u1ecdn v\u1edbi nhi\u1ec1u ng\u0103n<\/p>\n","protected":false},"excerpt":{"rendered":"<p>M\u1ed9t chi\u1ebfc v\u00ed nh\u1ecf g\u1ecdn v\u1edbi n\u1ec1n ch\u1ee7 y\u1ebfu l\u00e0 m\u00e0u tr\u1eafng, \u0111\u01b0\u1ee3c trang tr\u00ed b\u1eb1ng c\u00e1c h\u1ecda ti\u1ebft hoa r\u1ef1c r\u1ee1. M\u1eb7t tr\u01b0\u1edbc c\u00f3 chi ti\u1ebft kim lo\u1ea1i mang logo &#8220;Dolce &amp; Gabbana&#8221;, t\u0103ng c\u01b0\u1eddng s\u1ef1 quy\u1ebfn r\u0169 n\u1eef t\u00ednh v\u00e0 sang tr\u1ecdng c\u1ee7a n\u00f3.<\/p>\n","protected":false},"featured_media":739,"comment_status":"open","ping_status":"closed","template":"","meta":{"inline_featured_image":false},"product_brand":[],"product_cat":[36],"product_tag":[],"class_list":{"0":"post-3759","1":"product","2":"type-product","3":"status-publish","4":"has-post-thumbnail","6":"product_cat-tui-xach","8":"first","9":"instock","10":"shipping-taxable","11":"purchasable","12":"product-type-simple"},"acf":[],"_links":{"self":[{"href":"https:\/\/tynivintage.com\/vi\/wp-json\/wp\/v2\/product\/3759","targetHints":{"allow":["GET"]}}],"collection":[{"href":"https:\/\/tynivintage.com\/vi\/wp-json\/wp\/v2\/product"}],"about":[{"href":"https:\/\/tynivintage.com\/vi\/wp-json\/wp\/v2\/types\/product"}],"replies":[{"embeddable":true,"href":"https:\/\/tynivintage.com\/vi\/wp-json\/wp\/v2\/comments?post=3759"}],"wp:featuredmedia":[{"embeddable":true,"href":"https:\/\/tynivintage.com\/vi\/wp-json\/wp\/v2\/media\/739"}],"wp:attachment":[{"href":"https:\/\/tynivintage.com\/vi\/wp-json\/wp\/v2\/media?parent=3759"}],"wp:term":[{"taxonomy":"product_brand","embeddable":true,"href":"https:\/\/tynivintage.com\/vi\/wp-json\/wp\/v2\/product_brand?post=3759"},{"taxonomy":"product_cat","embeddable":true,"href":"https:\/\/tynivintage.com\/vi\/wp-json\/wp\/v2\/product_cat?post=3759"},{"taxonomy":"product_tag","embeddable":true,"href":"https:\/\/tynivintage.com\/vi\/wp-json\/wp\/v2\/product_tag?post=3759"}],"curies":[{"name":"wp","href":"https:\/\/api.w.org\/{rel}","templated":true}]}}