{"id":3701,"date":"2025-03-06T22:25:13","date_gmt":"2025-03-14T02:07:23","guid":{"rendered":"https:\/\/tynivintage.com\/?post_type=product&#038;p=3701"},"modified":"2025-03-14T09:09:46","modified_gmt":"2025-03-14T02:09:46","slug":"vi-nho-coach-signature","status":"publish","type":"product","link":"https:\/\/tynivintage.com\/vi\/san-pham\/vi-nho-coach-signature\/","title":{"rendered":"V\u00ed nh\u1ecf Coach Signature"},"content":{"rendered":"<p>V\u00ed nh\u1ecf Coach Signature l\u00e0 ph\u1ee5 ki\u1ec7n ho\u00e0n h\u1ea3o cho nh\u1eefng ai y\u00eau th\u00edch phong c\u00e1ch c\u1ed5 \u0111i\u1ec3n nh\u01b0ng tinh t\u1ebf. V\u1edbi thi\u1ebft k\u1ebf nh\u1ecf g\u1ecdn, ch\u1ea5t li\u1ec7u cao c\u1ea5p v\u00e0 hoa v\u0103n mang t\u00ednh bi\u1ec3u t\u01b0\u1ee3ng c\u1ee7a Coach, chi\u1ebfc v\u00ed n\u00e0y kh\u00f4ng ch\u1ec9 gi\u00fap b\u1ea1n s\u1eafp x\u1ebfp ti\u1ec1n m\u1eb7t, th\u1ebb v\u00e0 nh\u1eefng v\u1eadt d\u1ee5ng nh\u1ecf c\u1ea7n thi\u1ebft m\u00e0 c\u00f2n t\u1ea1o th\u00eam n\u00e9t sang tr\u1ecdng cho b\u1ed9 s\u01b0u t\u1eadp c\u1ee7a b\u1ea1n.<\/p>\n<p>C\u00e1c t\u00ednh n\u0103ng ch\u00ednh:<br \/>\n\u2022 V\u1eadt li\u1ec7u cao c\u1ea5p:<br \/>\n\u2022 Th\u00e2n m\u00e1y \u0111\u01b0\u1ee3c ch\u1ebf t\u00e1c t\u1eeb v\u1ea3i b\u1ea1t tr\u00e1ng c\u00f3 h\u1ecda ti\u1ebft ch\u1eef C \u0111\u1eb7c tr\u01b0ng c\u1ee7a Coach, mang \u0111\u1ebfn v\u1ebb ngo\u00e0i v\u01b0\u1ee3t th\u1eddi gian v\u00e0 b\u1ec1n b\u1ec9.<br \/>\n\u2022 Trang tr\u00ed v\u00e0 n\u1eafp g\u1eadp \u0111\u01b0\u1ee3c l\u00e0m t\u1eeb da n\u00e2u th\u1eadt, t\u1ea1o th\u00eam s\u1ef1 t\u01b0\u01a1ng ph\u1ea3n sang tr\u1ecdng.<br \/>\n\u2022 Thi\u1ebft k\u1ebf th\u1eddi trang:<br \/>\n\u2022 M\u1eb7t tr\u01b0\u1edbc \u0111\u01b0\u1ee3c trang tr\u00ed b\u1eb1ng logo Coach b\u1eb1ng kim lo\u1ea1i c\u00f3 chi ti\u1ebft ng\u1ef1a v\u00e0 xe ng\u1ef1a tr\u00ean n\u1ec1n m\u00e0u h\u1ed3ng, t\u1ea1o \u0111i\u1ec3m nh\u1ea5n tinh t\u1ebf.<br \/>\n\u2022 Nh\u1ecf g\u1ecdn nh\u01b0ng r\u1ed9ng r\u00e3i, gi\u00fap b\u1ea1n d\u1ec5 d\u00e0ng mang theo.<br \/>\n\u2022 L\u01b0u tr\u1eef ch\u1ee9c n\u0103ng:<br \/>\n\u2022 Nhi\u1ec1u khe c\u1eafm th\u1ebb \u0111\u1ec3 t\u1ed5 ch\u1ee9c thu\u1eadn ti\u1ec7n.<br \/>\n\u2022 Ng\u0103n \u0111\u1ef1ng ti\u1ec1n r\u1ed9ng r\u00e3i \u0111\u1ec3 s\u1eed d\u1ee5ng h\u00e0ng ng\u00e0y.<br \/>\n\u2022 T\u00fai ti\u1ec1n xu c\u00f3 kh\u00f3a k\u00e9o \u0111\u1ec3 gi\u1eef an to\u00e0n cho c\u00e1c v\u1eadt c\u00f3 gi\u00e1 tr\u1ecb nh\u1ecf.<br \/>\n\u2022 \u0110\u00f3ng tab an to\u00e0n: N\u1eafp g\u1eadp l\u1ea1i v\u1edbi n\u1eafp \u0111\u1eady \u0111\u1ea3m b\u1ea3o \u0111\u1ed3 \u0111\u1ea1c c\u1ee7a b\u1ea1n lu\u00f4n an to\u00e0n. \u2022 K\u00edch th\u01b0\u1edbc nh\u1ecf g\u1ecdn: D\u1ec5 d\u00e0ng mang theo tr\u00ean tay ho\u1eb7c c\u1ea5t gi\u1eef trong t\u00fai x\u00e1ch m\u00e0 kh\u00f4ng t\u1ed1n nhi\u1ec1u di\u1ec7n t\u00edch.<\/p>\n","protected":false},"excerpt":{"rendered":"<p>V\u00ed Coach trong h\u00ecnh \u1ea3nh c\u00f3 thi\u1ebft k\u1ebf nh\u1ecf g\u1ecdn, \u0111\u01b0\u1ee3c l\u00e0m t\u1eeb v\u1ea3i b\u1ea1t h\u1ecda ti\u1ebft ch\u1eef C \u0111\u1eb7c tr\u01b0ng k\u1ebft h\u1ee3p v\u1edbi vi\u1ec1n da m\u00e0u n\u00e2u v\u00e0 n\u1eafp g\u1eadp. M\u1eb7t tr\u01b0\u1edbc c\u00f3 logo Coach b\u1eb1ng kim lo\u1ea1i v\u1edbi chi ti\u1ebft ng\u1ef1a v\u00e0 xe ng\u1ef1a tr\u00ean n\u1ec1n m\u00e0u h\u1ed3ng. V\u00ed c\u00f3 m\u1ed9t tab \u0111\u00f3ng an to\u00e0n, mang \u0111\u1ebfn phong c\u00e1ch c\u1ed5 \u0111i\u1ec3n nh\u01b0ng thanh l\u1ecbch v\u00e0 ti\u1ec7n d\u1ee5ng.<\/p>\n","protected":false},"featured_media":2493,"comment_status":"open","ping_status":"closed","template":"","meta":{"inline_featured_image":false},"product_brand":[],"product_cat":[48],"product_tag":[],"class_list":{"0":"post-3701","1":"product","2":"type-product","3":"status-publish","4":"has-post-thumbnail","6":"product_cat-vi","8":"first","9":"outofstock","10":"shipping-taxable","11":"purchasable","12":"product-type-simple"},"acf":[],"_links":{"self":[{"href":"https:\/\/tynivintage.com\/vi\/wp-json\/wp\/v2\/product\/3701","targetHints":{"allow":["GET"]}}],"collection":[{"href":"https:\/\/tynivintage.com\/vi\/wp-json\/wp\/v2\/product"}],"about":[{"href":"https:\/\/tynivintage.com\/vi\/wp-json\/wp\/v2\/types\/product"}],"replies":[{"embeddable":true,"href":"https:\/\/tynivintage.com\/vi\/wp-json\/wp\/v2\/comments?post=3701"}],"wp:featuredmedia":[{"embeddable":true,"href":"https:\/\/tynivintage.com\/vi\/wp-json\/wp\/v2\/media\/2493"}],"wp:attachment":[{"href":"https:\/\/tynivintage.com\/vi\/wp-json\/wp\/v2\/media?parent=3701"}],"wp:term":[{"taxonomy":"product_brand","embeddable":true,"href":"https:\/\/tynivintage.com\/vi\/wp-json\/wp\/v2\/product_brand?post=3701"},{"taxonomy":"product_cat","embeddable":true,"href":"https:\/\/tynivintage.com\/vi\/wp-json\/wp\/v2\/product_cat?post=3701"},{"taxonomy":"product_tag","embeddable":true,"href":"https:\/\/tynivintage.com\/vi\/wp-json\/wp\/v2\/product_tag?post=3701"}],"curies":[{"name":"wp","href":"https:\/\/api.w.org\/{rel}","templated":true}]}}