{"id":3688,"date":"2025-01-26T22:13:58","date_gmt":"2025-03-13T17:17:59","guid":{"rendered":"https:\/\/tynivintage.com\/?post_type=product&#038;p=3688"},"modified":"2025-03-14T00:17:59","modified_gmt":"2025-03-13T17:17:59","slug":"tui-deo-cheo-mau-hong-coach","status":"publish","type":"product","link":"https:\/\/tynivintage.com\/vi\/san-pham\/tui-deo-cheo-mau-hong-coach\/","title":{"rendered":"T\u00fai \u0111eo ch\u00e9o m\u00e0u h\u1ed3ng Coach"},"content":{"rendered":"<p>&#x2728; T\u00fai \u0111eo ch\u00e9o Coach &#8211; Thanh l\u1ecbch &amp; Tr\u1ebb trung &#x2728; Th\u01b0\u01a1ng hi\u1ec7u: Coach M\u00e0u s\u1eafc: M\u00e0u h\u1ed3ng hoa v\u00e2n anh r\u1ef1c r\u1ee1 v\u1edbi h\u1ecda ti\u1ebft ch\u1eef l\u1ed3ng \u0111\u1eb7c tr\u01b0ng Ch\u1ea5t li\u1ec7u: V\u1ea3i b\u1ea1t cao c\u1ea5p v\u1edbi \u0111i\u1ec3m nh\u1ea5n da, b\u1ec1n b\u1ec9 theo th\u1eddi gian Thi\u1ebft k\u1ebf: Phong c\u00e1ch \u0111eo ch\u00e9o nh\u1ecf g\u1ecdn v\u00e0 phong c\u00e1ch D\u00e2y \u0111eo c\u00f3 th\u1ec3 \u0111i\u1ec1u ch\u1ec9nh cho chi\u1ec1u d\u00e0i linh ho\u1ea1t Ng\u0103n ch\u00ednh r\u1ed9ng r\u00e3i ph\u00f9 h\u1ee3p v\u1edbi \u0111i\u1ec7n tho\u1ea1i, v\u00ed v\u00e0 c\u00e1c v\u1eadt d\u1ee5ng c\u1ea7n thi\u1ebft Phong c\u00e1ch: Hi\u1ec7n \u0111\u1ea1i, tr\u1ebb trung v\u00e0 d\u1ec5 tr\u1ed9n v\u00e0 k\u1ebft h\u1ee3p \u2014 ho\u00e0n h\u1ea3o cho nh\u1eefng chuy\u1ebfn \u0111i ch\u01a1i b\u00ecnh th\u01b0\u1eddng, mua s\u1eafm ho\u1eb7c du l\u1ecbch<\/p>\n","protected":false},"excerpt":{"rendered":"<p>T\u00fai \u0111eo ch\u00e9o Coach \u2013 T\u00fai nh\u1ecf g\u1ecdn m\u00e0u h\u1ed3ng m\u00e0u &#x2728; h\u1ed3ng fuchsia r\u1ef1c r\u1ee1 v\u1edbi h\u1ecda ti\u1ebft ch\u1eef l\u1ed3ng th\u1eddi trang. V\u1ea3i b\u1ea1t b\u1ec1n v\u1edbi c\u00e1c \u0111i\u1ec3m nh\u1ea5n b\u1eb1ng da, d\u00e2y \u0111eo c\u00f3 th\u1ec3 \u0111i\u1ec1u ch\u1ec9nh. Ng\u0103n r\u1ed9ng r\u00e3i cho t\u1ea5t c\u1ea3 c\u00e1c v\u1eadt d\u1ee5ng c\u1ea7n thi\u1ebft c\u1ee7a b\u1ea1n! &#x2764;&#xfe0f;<\/p>\n","protected":false},"featured_media":1747,"comment_status":"open","ping_status":"closed","template":"","meta":{"inline_featured_image":false},"product_brand":[],"product_cat":[36],"product_tag":[],"class_list":{"0":"post-3688","1":"product","2":"type-product","3":"status-publish","4":"has-post-thumbnail","6":"product_cat-tui-xach","8":"first","9":"outofstock","10":"shipping-taxable","11":"purchasable","12":"product-type-simple"},"acf":[],"_links":{"self":[{"href":"https:\/\/tynivintage.com\/vi\/wp-json\/wp\/v2\/product\/3688","targetHints":{"allow":["GET"]}}],"collection":[{"href":"https:\/\/tynivintage.com\/vi\/wp-json\/wp\/v2\/product"}],"about":[{"href":"https:\/\/tynivintage.com\/vi\/wp-json\/wp\/v2\/types\/product"}],"replies":[{"embeddable":true,"href":"https:\/\/tynivintage.com\/vi\/wp-json\/wp\/v2\/comments?post=3688"}],"wp:featuredmedia":[{"embeddable":true,"href":"https:\/\/tynivintage.com\/vi\/wp-json\/wp\/v2\/media\/1747"}],"wp:attachment":[{"href":"https:\/\/tynivintage.com\/vi\/wp-json\/wp\/v2\/media?parent=3688"}],"wp:term":[{"taxonomy":"product_brand","embeddable":true,"href":"https:\/\/tynivintage.com\/vi\/wp-json\/wp\/v2\/product_brand?post=3688"},{"taxonomy":"product_cat","embeddable":true,"href":"https:\/\/tynivintage.com\/vi\/wp-json\/wp\/v2\/product_cat?post=3688"},{"taxonomy":"product_tag","embeddable":true,"href":"https:\/\/tynivintage.com\/vi\/wp-json\/wp\/v2\/product_tag?post=3688"}],"curies":[{"name":"wp","href":"https:\/\/api.w.org\/{rel}","templated":true}]}}