{"id":3670,"date":"2025-03-05T23:41:37","date_gmt":"2025-03-13T17:14:44","guid":{"rendered":"https:\/\/tynivintage.com\/?post_type=product&#038;p=3670"},"modified":"2025-03-14T00:14:44","modified_gmt":"2025-03-13T17:14:44","slug":"tui-deo-vai-salvatore-ferragamo","status":"publish","type":"product","link":"https:\/\/tynivintage.com\/vi\/san-pham\/tui-deo-vai-salvatore-ferragamo\/","title":{"rendered":"T\u00fai \u0111eo vai Salvatore Ferragamo"},"content":{"rendered":"<p>M\u00f4 t\u1ea3: Chi\u1ebfc t\u00fai x\u00e1ch b\u1eb1ng da m\u00e0u v\u00e0ng c\u1ed5 \u0111i\u1ec3n n\u00e0y to\u00e1t l\u00ean s\u1ef1 sang tr\u1ecdng v\u00e0 tinh t\u1ebf v\u1edbi h\u00ecnh d\u00e1ng c\u00f3 c\u1ea5u tr\u00fac v\u00e0 tay ngh\u1ec1 th\u1ee7 c\u00f4ng ch\u1ea5t l\u01b0\u1ee3ng cao. T\u00fai c\u00f3 b\u1ec1 m\u1eb7t da m\u1ecbn, h\u01a1i c\u0169 gi\u00fap t\u0103ng th\u00eam n\u00e9t quy\u1ebfn r\u0169 c\u1ed5 \u0111i\u1ec3n c\u1ee7a n\u00f3. C\u00e1c t\u00ednh n\u0103ng ch\u00ednh: \u2022 Ch\u1ea5t li\u1ec7u: Da th\u1eadt cao c\u1ea5p v\u1edbi k\u1ebft c\u1ea5u m\u1ec1m m\u1ea1i, m\u1ecbn. \u2022 M\u00e0u s\u1eafc: M\u00e0u v\u00e0ng gradient tuy\u1ec7t \u0111\u1eb9p v\u1edbi hi\u1ec7u \u1ee9ng c\u1ed5 \u0111i\u1ec3n sang tr\u1ecdng. \u2022 Thi\u1ebft k\u1ebf: H\u00ecnh ch\u1eef nh\u1eadt c\u00f3 c\u1ea5u tr\u00fac v\u1edbi c\u00e1c chi ti\u1ebft \u0111\u01b0\u1eddng kh\u00e2u tinh t\u1ebf. \u2022 \u0110\u00f3ng c\u1eeda: \u0110\u01b0\u1ee3c b\u1ea3o v\u1ec7 b\u1eb1ng kh\u00f3a kim lo\u1ea1i t\u00f4ng m\u00e0u b\u1ea1c \u0111\u00e1nh b\u00f3ng, t\u1ea1o th\u00eam n\u00e9t tinh t\u1ebf. \u2022 Tay c\u1ea7m: Tay c\u1ea7m b\u1eb1ng da ch\u1eafc ch\u1eafn, \u0111\u01b0\u1ee3c kh\u00e2u k\u1ef9 l\u01b0\u1ee1ng \u0111\u1ec3 mang theo tay tho\u1ea3i m\u00e1i. \u2022 T\u00ednh linh ho\u1ea1t: C\u00f3 th\u1ec3 mang theo nh\u01b0 m\u1ed9t chi\u1ebfc t\u00fai x\u00e1ch ho\u1eb7c t\u1ea1o ki\u1ec3u v\u1edbi d\u00e2y \u0111eo b\u1ed5 sung \u0111\u1ec3 \u0111eo vai. \u2022 N\u1ed9i th\u1ea5t: Ng\u0103n ch\u00ednh r\u1ed9ng r\u00e3i \u0111\u1ec3 l\u01b0u tr\u1eef c\u00e1c v\u1eadt d\u1ee5ng c\u1ea7n thi\u1ebft, l\u00f3t b\u1eb1ng v\u1ea3i m\u1ec1m. \u2022 D\u1ecbp: Ho\u00e0n h\u1ea3o cho c\u1ea3 b\u1ed1i c\u1ea3nh b\u00ecnh th\u01b0\u1eddng v\u00e0 trang tr\u1ecdng, l\u00e0m cho n\u00f3 tr\u1edf th\u00e0nh m\u1ed9t s\u1ef1 b\u1ed5 sung v\u01b0\u1ee3t th\u1eddi gian cho b\u1ea5t k\u1ef3 t\u1ee7 qu\u1ea7n \u00e1o n\u00e0o.<\/p>\n","protected":false},"excerpt":{"rendered":"<p>M\u1ed9t chi\u1ebfc t\u00fai da m\u00e0u v\u00e0ng v\u1edbi thi\u1ebft k\u1ebf c\u1ed5 \u0111i\u1ec3n v\u00e0 thanh l\u1ecbch, c\u00f3 kh\u00f3a kim lo\u1ea1i s\u00e1ng b\u00f3ng \u1edf m\u1eb7t tr\u01b0\u1edbc. Tay c\u1ea7m ch\u1eafc ch\u1eafn ph\u00f9 h\u1ee3p \u0111\u1ec3 c\u1ea7m tay ho\u1eb7c k\u1ebft h\u1ee3p v\u1edbi d\u00e2y \u0111eo d\u00e0i. \u0110\u01b0\u1ee3c l\u00e0m t\u1eeb da ch\u1ea5t l\u01b0\u1ee3ng cao, n\u00f3 mang l\u1ea1i v\u1ebb ngo\u00e0i tinh t\u1ebf, ho\u00e0n h\u1ea3o cho nh\u1eefng d\u1ecbp \u0111\u1eb7c bi\u1ec7t ho\u1eb7c s\u1eed d\u1ee5ng h\u00e0ng ng\u00e0y.<\/p>\n","protected":false},"featured_media":2168,"comment_status":"open","ping_status":"closed","template":"","meta":{"inline_featured_image":false},"product_brand":[],"product_cat":[36],"product_tag":[],"class_list":{"0":"post-3670","1":"product","2":"type-product","3":"status-publish","4":"has-post-thumbnail","6":"product_cat-tui-xach","8":"first","9":"instock","10":"shipping-taxable","11":"purchasable","12":"product-type-simple"},"acf":[],"_links":{"self":[{"href":"https:\/\/tynivintage.com\/vi\/wp-json\/wp\/v2\/product\/3670","targetHints":{"allow":["GET"]}}],"collection":[{"href":"https:\/\/tynivintage.com\/vi\/wp-json\/wp\/v2\/product"}],"about":[{"href":"https:\/\/tynivintage.com\/vi\/wp-json\/wp\/v2\/types\/product"}],"replies":[{"embeddable":true,"href":"https:\/\/tynivintage.com\/vi\/wp-json\/wp\/v2\/comments?post=3670"}],"wp:featuredmedia":[{"embeddable":true,"href":"https:\/\/tynivintage.com\/vi\/wp-json\/wp\/v2\/media\/2168"}],"wp:attachment":[{"href":"https:\/\/tynivintage.com\/vi\/wp-json\/wp\/v2\/media?parent=3670"}],"wp:term":[{"taxonomy":"product_brand","embeddable":true,"href":"https:\/\/tynivintage.com\/vi\/wp-json\/wp\/v2\/product_brand?post=3670"},{"taxonomy":"product_cat","embeddable":true,"href":"https:\/\/tynivintage.com\/vi\/wp-json\/wp\/v2\/product_cat?post=3670"},{"taxonomy":"product_tag","embeddable":true,"href":"https:\/\/tynivintage.com\/vi\/wp-json\/wp\/v2\/product_tag?post=3670"}],"curies":[{"name":"wp","href":"https:\/\/api.w.org\/{rel}","templated":true}]}}