{"id":3654,"date":"2025-01-23T22:14:53","date_gmt":"2025-03-13T17:08:02","guid":{"rendered":"https:\/\/tynivintage.com\/?post_type=product&#038;p=3654"},"modified":"2025-03-14T00:08:02","modified_gmt":"2025-03-13T17:08:02","slug":"tui-deo-cheo-bang-da-co-dien","status":"publish","type":"product","link":"https:\/\/tynivintage.com\/vi\/san-pham\/tui-deo-cheo-bang-da-co-dien\/","title":{"rendered":"T\u00fai \u0111eo ch\u00e9o b\u1eb1ng da c\u1ed5 \u0111i\u1ec3n"},"content":{"rendered":"<p>To\u00e1t l\u00ean s\u1ef1 quy\u1ebfn r\u0169 v\u01b0\u1ee3t th\u1eddi gian, chi\u1ebfc t\u00fai \u0111eo ch\u00e9o b\u1eb1ng da c\u1ed5 \u0111i\u1ec3n \u0111\u01b0\u1ee3c l\u00e0m th\u1ee7 c\u00f4ng n\u00e0y l\u00e0 s\u1ef1 k\u1ebft h\u1ee3p ho\u00e0n h\u1ea3o gi\u1eefa ch\u1ea5t li\u1ec7u cao c\u1ea5p v\u00e0 thi\u1ebft k\u1ebf tinh t\u1ebf. \u0110\u01b0\u1ee3c l\u00e0m t\u1eeb da th\u1eadt ch\u1ea5t l\u01b0\u1ee3ng cao, k\u1ebft c\u1ea5u m\u1ec1m m\u1ea1i v\u00e0 b\u1ec1n b\u1ec9 c\u1ee7a n\u00f3 t\u1ea1o ra \u0111\u1ed9 b\u00f3ng t\u1ef1 nhi\u00ean theo th\u1eddi gian, mang l\u1ea1i v\u1ebb ngo\u00e0i tinh t\u1ebf v\u00e0 sang tr\u1ecdng.<\/p>\n<p>C\u00e1c t\u00ednh n\u0103ng ch\u00ednh:<\/p>\n<p>&#x2714; 100% Da th\u1eadt &#8211; B\u1ec1n v\u00e0 gi\u00e0 \u0111\u1eb9p khi s\u1eed d\u1ee5ng.<br \/>\n&#x2714; Thi\u1ebft k\u1ebf th\u1ee7 c\u00f4ng tinh t\u1ebf &#8211; C\u00e1c chi ti\u1ebft d\u1ec7t th\u1ee7 c\u00f4ng \u0111\u1ed9c \u0111\u00e1o v\u00e0 \u0111\u01b0\u1eddng kh\u00e2u ch\u1eafc ch\u1eafn.<br \/>\n&#x2714; M\u00f3c c\u00e0i kim lo\u1ea1i cao c\u1ea5p &#8211; Ch\u1ed1ng g\u1ec9, d\u1ec5 d\u00e0ng \u0111\u00f3ng m\u1edf, n\u00e2ng cao s\u1ee9c h\u1ea5p d\u1eabn c\u1ed5 \u0111i\u1ec3n.<br \/>\n&#x2714; D\u00e2y \u0111eo c\u00f3 th\u1ec3 \u0111i\u1ec1u ch\u1ec9nh &#8211; Linh ho\u1ea1t cho c\u00e1c lo\u1ea1i c\u01a1 th\u1ec3 kh\u00e1c nhau; c\u00f3 th\u1ec3 \u0111eo ch\u00e9o ho\u1eb7c mang b\u1eb1ng tay.<br \/>\n&#x2714; N\u1ed9i th\u1ea5t r\u1ed9ng r\u00e3i &#8211; Ph\u00f9 h\u1ee3p v\u1edbi nh\u1eefng th\u1ee9 c\u1ea7n thi\u1ebft nh\u01b0 \u0111i\u1ec7n tho\u1ea1i, v\u00ed, m\u00e1y t\u00ednh x\u00e1ch tay, v.v.<br \/>\nHo\u00e0n h\u1ea3o cho m\u1ecdi phong c\u00e1ch<\/p>\n<p>K\u00edch th\u01b0\u1edbc: 20&#215;17<\/p>\n","protected":false},"excerpt":{"rendered":"<p>T\u00fai da cao c\u1ea5p v\u1edbi thi\u1ebft k\u1ebf c\u1ed5 \u0111i\u1ec3n, mang phong c\u00e1ch c\u1ed5 \u0111i\u1ec3n \u0111\u1ed9c \u0111\u00e1o. \u0110\u01b0\u1ee3c l\u00e0m t\u1eeb da th\u1eadt, m\u1ec1m m\u1ea1i v\u00e0 b\u1ec1n b\u1ec9 theo th\u1eddi gian, \u0111\u01b0\u1ee3c b\u1ed5 sung b\u1edfi m\u00f3c c\u00e0i kim lo\u1ea1i ch\u1eafc ch\u1eafn v\u00e0 c\u00e1c chi ti\u1ebft d\u1ec7t th\u1ee7 c\u00f4ng ph\u1ee9c t\u1ea1p. D\u00e2y \u0111eo c\u00f3 th\u1ec3 \u0111i\u1ec1u ch\u1ec9nh \u0111\u1ec3 m\u1eb7c \u0111a n\u0103ng, ph\u00f9 h\u1ee3p cho c\u1ea3 nam v\u00e0 n\u1eef. Ho\u00e0n h\u1ea3o \u0111\u1ec3 s\u1eed d\u1ee5ng h\u00e0ng ng\u00e0y ho\u1eb7c nh\u01b0 m\u1ed9t m\u00f3n qu\u00e0 tinh t\u1ebf.<\/p>\n","protected":false},"featured_media":2165,"comment_status":"open","ping_status":"closed","template":"","meta":{"inline_featured_image":false},"product_brand":[],"product_cat":[36],"product_tag":[],"class_list":{"0":"post-3654","1":"product","2":"type-product","3":"status-publish","4":"has-post-thumbnail","6":"product_cat-tui-xach","8":"first","9":"instock","10":"shipping-taxable","11":"purchasable","12":"product-type-simple"},"acf":[],"_links":{"self":[{"href":"https:\/\/tynivintage.com\/vi\/wp-json\/wp\/v2\/product\/3654","targetHints":{"allow":["GET"]}}],"collection":[{"href":"https:\/\/tynivintage.com\/vi\/wp-json\/wp\/v2\/product"}],"about":[{"href":"https:\/\/tynivintage.com\/vi\/wp-json\/wp\/v2\/types\/product"}],"replies":[{"embeddable":true,"href":"https:\/\/tynivintage.com\/vi\/wp-json\/wp\/v2\/comments?post=3654"}],"wp:featuredmedia":[{"embeddable":true,"href":"https:\/\/tynivintage.com\/vi\/wp-json\/wp\/v2\/media\/2165"}],"wp:attachment":[{"href":"https:\/\/tynivintage.com\/vi\/wp-json\/wp\/v2\/media?parent=3654"}],"wp:term":[{"taxonomy":"product_brand","embeddable":true,"href":"https:\/\/tynivintage.com\/vi\/wp-json\/wp\/v2\/product_brand?post=3654"},{"taxonomy":"product_cat","embeddable":true,"href":"https:\/\/tynivintage.com\/vi\/wp-json\/wp\/v2\/product_cat?post=3654"},{"taxonomy":"product_tag","embeddable":true,"href":"https:\/\/tynivintage.com\/vi\/wp-json\/wp\/v2\/product_tag?post=3654"}],"curies":[{"name":"wp","href":"https:\/\/api.w.org\/{rel}","templated":true}]}}