{"id":3638,"date":"2025-03-05T14:53:51","date_gmt":"2025-03-13T16:56:29","guid":{"rendered":"https:\/\/tynivintage.com\/?post_type=product&#038;p=3638"},"modified":"2025-03-13T23:56:29","modified_gmt":"2025-03-13T16:56:29","slug":"tui-demi-signature-cua-coach","status":"publish","type":"product","link":"https:\/\/tynivintage.com\/vi\/san-pham\/tui-demi-signature-cua-coach\/","title":{"rendered":"T\u00fai Demi Signature c\u1ee7a Coach"},"content":{"rendered":"<p>T\u00daI COACH SIGNATURE DEMI &#8211; NH\u1ece G\u1eccN, THANH L\u1ecaCH V\u00c0 LINH HO\u1ea0T<\/p>\n<p>&#x1f539; Th\u01b0\u01a1ng hi\u1ec7u: Hu\u1ea5n luy\u1ec7n vi\u00ean<br \/>\n&#x1f539; M\u00f4 h\u00ecnh: T\u00fai Demi Signature<br \/>\n&#x1f539; M\u00e0u s\u1eafc: T\u00f4ng m\u00e0u trung t\u00ednh v\u1edbi h\u1ecda ti\u1ebft ch\u1eef l\u1ed3ng mang t\u00ednh bi\u1ec3u t\u01b0\u1ee3ng c\u1ee7a Coach<br \/>\n&#x1f539; Ch\u1ea5t li\u1ec7u: V\u1ea3i b\u1ea1t cao c\u1ea5p v\u1edbi trang tr\u00ed da b\u1ec1n<br \/>\n&#x1f539; Phong c\u00e1ch: T\u00fai nh\u1ecf g\u1ecdn v\u00e0 thanh l\u1ecbch, th\u00edch h\u1ee3p \u0111\u1ec3 \u0111eo vai ho\u1eb7c \u0111eo ch\u00e9o<br \/>\n&#x1f539; \u0110i\u1ec3m n\u1ed5i b\u1eadt v\u1ec1 thi\u1ebft k\u1ebf:<br \/>\n\u2022 In monogram Coach sang tr\u1ecdng, d\u1ec5 d\u00e0ng k\u1ebft h\u1ee3p v\u1edbi nhi\u1ec1u trang ph\u1ee5c kh\u00e1c nhau<br \/>\n\u2022 D\u00e2y \u0111eo c\u00f3 th\u1ec3 \u0111i\u1ec1u ch\u1ec9nh cho c\u00e1c t\u00f9y ch\u1ecdn \u0111\u1ed9 d\u00e0i linh ho\u1ea1t<br \/>\n\u2022 Khoang ch\u00ednh r\u1ed9ng r\u00e3i, ho\u00e0n h\u1ea3o \u0111\u1ec3 mang theo c\u00e1c v\u1eadt d\u1ee5ng thi\u1ebft y\u1ebfu<br \/>\n\u2022 Kh\u00f3a k\u00e9o an to\u00e0n \u0111\u1ec3 gi\u1eef an to\u00e0n cho \u0111\u1ed3 \u0111\u1ea1c<\/p>\n<p>&#x1f4bc; T\u00ecnh tr\u1ea1ng: T\u00fai x\u00e1ch c\u0169 ch\u1ea5t l\u01b0\u1ee3ng cao, \u0111\u01b0\u1ee3c b\u1ea3o d\u01b0\u1ee1ng t\u1ed1t v\u00e0 trong t\u00ecnh tr\u1ea1ng tuy\u1ec7t v\u1eddi.<br \/>\nSz : 22x10x5cm<\/p>\n","protected":false},"excerpt":{"rendered":"<p>T\u00fai Coach Signature Demi c\u00f3 thi\u1ebft k\u1ebf nh\u1ecf g\u1ecdn, h\u1ecda ti\u1ebft ch\u1eef l\u1ed3ng sang tr\u1ecdng v\u00e0 ch\u1ea5t li\u1ec7u v\u1ea3i b\u1ea1t b\u1ec1n. D\u00e2y \u0111eo c\u00f3 th\u1ec3 \u0111i\u1ec1u ch\u1ec9nh c\u1ee7a n\u00f3 cho ph\u00e9p \u0111eo c\u1ea3 vai v\u00e0 \u0111eo ch\u00e9o, khi\u1ebfn n\u00f3 tr\u1edf n\u00ean ho\u00e0n h\u1ea3o cho nh\u1eefng ai \u0111\u00e1nh gi\u00e1 cao phong c\u00e1ch tinh t\u1ebf nh\u01b0ng thi\u1ebft th\u1ef1c cho b\u1ea5t k\u1ef3 d\u1ecbp n\u00e0o<\/p>\n","protected":false},"featured_media":2113,"comment_status":"open","ping_status":"closed","template":"","meta":{"inline_featured_image":false},"product_brand":[],"product_cat":[36],"product_tag":[],"class_list":{"0":"post-3638","1":"product","2":"type-product","3":"status-publish","4":"has-post-thumbnail","6":"product_cat-tui-xach","8":"first","9":"outofstock","10":"shipping-taxable","11":"purchasable","12":"product-type-simple"},"acf":[],"_links":{"self":[{"href":"https:\/\/tynivintage.com\/vi\/wp-json\/wp\/v2\/product\/3638","targetHints":{"allow":["GET"]}}],"collection":[{"href":"https:\/\/tynivintage.com\/vi\/wp-json\/wp\/v2\/product"}],"about":[{"href":"https:\/\/tynivintage.com\/vi\/wp-json\/wp\/v2\/types\/product"}],"replies":[{"embeddable":true,"href":"https:\/\/tynivintage.com\/vi\/wp-json\/wp\/v2\/comments?post=3638"}],"wp:featuredmedia":[{"embeddable":true,"href":"https:\/\/tynivintage.com\/vi\/wp-json\/wp\/v2\/media\/2113"}],"wp:attachment":[{"href":"https:\/\/tynivintage.com\/vi\/wp-json\/wp\/v2\/media?parent=3638"}],"wp:term":[{"taxonomy":"product_brand","embeddable":true,"href":"https:\/\/tynivintage.com\/vi\/wp-json\/wp\/v2\/product_brand?post=3638"},{"taxonomy":"product_cat","embeddable":true,"href":"https:\/\/tynivintage.com\/vi\/wp-json\/wp\/v2\/product_cat?post=3638"},{"taxonomy":"product_tag","embeddable":true,"href":"https:\/\/tynivintage.com\/vi\/wp-json\/wp\/v2\/product_tag?post=3638"}],"curies":[{"name":"wp","href":"https:\/\/api.w.org\/{rel}","templated":true}]}}