{"id":3565,"date":"2025-01-13T23:07:00","date_gmt":"2025-03-13T15:26:15","guid":{"rendered":"https:\/\/tynivintage.com\/?post_type=product&#038;p=3565"},"modified":"2025-03-13T22:26:15","modified_gmt":"2025-03-13T15:26:15","slug":"tui-xach-da-balenciaga","status":"publish","type":"product","link":"https:\/\/tynivintage.com\/vi\/san-pham\/tui-xach-da-balenciaga\/","title":{"rendered":"T\u00fai x\u00e1ch da  Balenciaga"},"content":{"rendered":"<p>T\u00fai x\u00e1ch da m\u00e0u \u0111\u1ecf \u0111\u1eadm v\u00e0 phong c\u00e1ch \u2013 m\u1ed9t thi\u1ebft k\u1ebf \u0111\u1ed9c \u0111\u00e1o v\u00e0 h\u1ee3p th\u1eddi trang<\/p>\n<p>Chi\u1ebfc t\u00fai x\u00e1ch da m\u00e0u \u0111\u1ecf n\u00e0y l\u00e0 s\u1ef1 l\u1ef1a ch\u1ecdn ho\u00e0n h\u1ea3o cho nh\u1eefng ai y\u00eau th\u00edch phong c\u00e1ch t\u00e1o b\u1ea1o v\u00e0 th\u1eddi trang. V\u1edbi thi\u1ebft k\u1ebf n\u1ed5i b\u1eadt, da b\u00f3ng cao c\u1ea5p v\u00e0 c\u00e1c chi ti\u1ebft kim lo\u1ea1i n\u1ed5i b\u1eadt, chi\u1ebfc t\u00fai n\u00e0y kh\u00f4ng ch\u1ec9 l\u00e0 m\u1ed9t ph\u1ee5 ki\u1ec7n m\u00e0 c\u00f2n l\u00e0 m\u1ed9t tuy\u00ean b\u1ed1 v\u1ec1 \u0111\u1eb3ng c\u1ea5p v\u00e0 c\u00e1 t\u00ednh.<\/p>\n<p>Th\u00f4ng tin chi ti\u1ebft s\u1ea3n ph\u1ea9m:<br \/>\n\u2022 Ch\u1ea5t li\u1ec7u: Da b\u00f3ng m\u1ec1m m\u1ea1i, b\u1ec1n gi\u00fap t\u0103ng th\u00eam v\u1ebb sang tr\u1ecdng v\u00e0 s\u1eafc s\u1ea3o.<br \/>\n\u2022 M\u00e0u s\u1eafc: M\u00e0u \u0111\u1ecf r\u1ef1c r\u1ee1, khi\u1ebfn n\u00f3 tr\u1edf th\u00e0nh m\u1ed9t m\u00f3n \u0111\u1ed3 n\u1ed5i b\u1eadt trong b\u1ea5t k\u1ef3 trang ph\u1ee5c n\u00e0o.<br \/>\n\u2022 Tay c\u1ea7m: Tay c\u1ea7m b\u1ec7n ch\u1eafc ch\u1eafn gi\u00fap n\u00e2ng cao t\u00ednh th\u1ea9m m\u1ef9 v\u00e0 s\u1ef1 tho\u1ea3i m\u00e1i.<br \/>\n\u2022 D\u00e2y \u0111eo: D\u00e2y \u0111eo d\u00e0i c\u00f3 th\u1ec3 \u0111i\u1ec1u ch\u1ec9nh, cho ph\u00e9p \u0111eo ch\u00e9o v\u00e0 \u0111eo vai.<br \/>\n\u2022 Chi ti\u1ebft kim lo\u1ea1i: \u0110inh t\u00e1n, kh\u00f3a k\u00e9o v\u00e0 kh\u00f3a t\u00f4ng m\u00e0u b\u1ea1c t\u1ea1o th\u00eam n\u00e9t t\u00e1o b\u1ea1o v\u00e0 phong c\u00e1ch.<br \/>\n\u2022 L\u01b0u tr\u1eef: Nhi\u1ec1u ng\u0103n, bao g\u1ed3m t\u00fai c\u00f3 kh\u00f3a k\u00e9o ph\u00eda tr\u01b0\u1edbc, \u0111\u1ec3 s\u1eafp x\u1ebfp thu\u1eadn ti\u1ec7n.<br \/>\n\u2022 Ph\u1ee5 ki\u1ec7n: \u0110i k\u00e8m v\u1edbi m\u1ed9t mir nh\u1ecf \u0111\u00ednh k\u00e8m, tua trang tr\u00ed v\u00e0 b\u00f9a l\u00f4ng th\u00fa cho m\u1ed9t n\u00e9t \u0111\u1ed9c \u0111\u00e1o.<\/p>\n","protected":false},"excerpt":{"rendered":"<p>Chi\u1ebfc t\u00fai trong h\u00ecnh l\u00e0 m\u1ed9t chi\u1ebfc t\u00fai x\u00e1ch da m\u00e0u \u0111\u1ecf b\u00f3ng v\u1edbi thi\u1ebft k\u1ebf t\u00e1o b\u1ea1o v\u00e0 phong c\u00e1ch. N\u00f3 c\u00f3 tay c\u1ea7m b\u1ec7n ch\u1eafc ch\u1eafn c\u00f9ng v\u1edbi d\u00e2y \u0111eo vai c\u00f3 th\u1ec3 \u0111i\u1ec1u ch\u1ec9nh. C\u00e1c chi ti\u1ebft kim lo\u1ea1i nh\u01b0 \u0111inh t\u00e1n, kh\u00f3a k\u00e9o v\u00e0 kh\u00f3a t\u1ea1o th\u00eam n\u00e9t m\u1ea1nh m\u1ebd, s\u1eafc s\u1ea3o. Ngo\u00e0i ra, chi\u1ebfc t\u00fai c\u00f2n c\u00f3 b\u00f9a trang tr\u00ed v\u1edbi tua rua v\u00e0 l\u00f4ng th\u00fa, g\u1ee3i nh\u1edb \u0111\u1ebfn phong c\u00e1ch T\u00fai xe m\u00e1y Balenciaga.<\/p>\n","protected":false},"featured_media":713,"comment_status":"open","ping_status":"closed","template":"","meta":{"inline_featured_image":false},"product_brand":[],"product_cat":[36],"product_tag":[],"class_list":{"0":"post-3565","1":"product","2":"type-product","3":"status-publish","4":"has-post-thumbnail","6":"product_cat-tui-xach","8":"first","9":"instock","10":"shipping-taxable","11":"purchasable","12":"product-type-simple"},"acf":[],"_links":{"self":[{"href":"https:\/\/tynivintage.com\/vi\/wp-json\/wp\/v2\/product\/3565","targetHints":{"allow":["GET"]}}],"collection":[{"href":"https:\/\/tynivintage.com\/vi\/wp-json\/wp\/v2\/product"}],"about":[{"href":"https:\/\/tynivintage.com\/vi\/wp-json\/wp\/v2\/types\/product"}],"replies":[{"embeddable":true,"href":"https:\/\/tynivintage.com\/vi\/wp-json\/wp\/v2\/comments?post=3565"}],"wp:featuredmedia":[{"embeddable":true,"href":"https:\/\/tynivintage.com\/vi\/wp-json\/wp\/v2\/media\/713"}],"wp:attachment":[{"href":"https:\/\/tynivintage.com\/vi\/wp-json\/wp\/v2\/media?parent=3565"}],"wp:term":[{"taxonomy":"product_brand","embeddable":true,"href":"https:\/\/tynivintage.com\/vi\/wp-json\/wp\/v2\/product_brand?post=3565"},{"taxonomy":"product_cat","embeddable":true,"href":"https:\/\/tynivintage.com\/vi\/wp-json\/wp\/v2\/product_cat?post=3565"},{"taxonomy":"product_tag","embeddable":true,"href":"https:\/\/tynivintage.com\/vi\/wp-json\/wp\/v2\/product_tag?post=3565"}],"curies":[{"name":"wp","href":"https:\/\/api.w.org\/{rel}","templated":true}]}}